{"id":1470,"date":"2025-01-08T18:42:51","date_gmt":"2025-01-08T18:42:51","guid":{"rendered":"https:\/\/nemzetfiatalmuveszeiert.com\/?page_id=1470"},"modified":"2025-05-12T16:16:51","modified_gmt":"2025-05-12T16:16:51","slug":"foldi-csodak-a-viz-uzenetenek-tukreben-2","status":"publish","type":"page","link":"https:\/\/nemzetfiatalmuveszeiert.com\/?page_id=1470","title":{"rendered":"\u201eF\u00f6ldi csod\u00e1k! &#8211; a v\u00edz \u00fczenet\u00e9nek t\u00fckr\u00e9ben\u201d"},"content":{"rendered":"\t\t<div data-elementor-type=\"wp-page\" data-elementor-id=\"1470\" class=\"elementor elementor-1470\" data-elementor-post-type=\"page\">\n\t\t\t\t\t\t<section class=\"elementor-section elementor-top-section elementor-element elementor-element-2a12c63 elementor-section-boxed elementor-section-height-default elementor-section-height-default\" data-id=\"2a12c63\" data-element_type=\"section\">\n\t\t\t\t\t\t<div class=\"elementor-container elementor-column-gap-default\">\n\t\t\t\t\t<div class=\"elementor-column elementor-col-100 elementor-top-column elementor-element elementor-element-75634c2\" data-id=\"75634c2\" data-element_type=\"column\">\n\t\t\t<div class=\"elementor-widget-wrap elementor-element-populated\">\n\t\t\t\t\t\t<div class=\"elementor-element elementor-element-2864ac0 elementor-widget elementor-widget-text-editor\" data-id=\"2864ac0\" data-element_type=\"widget\" data-widget_type=\"text-editor.default\">\n\t\t\t\t<div class=\"elementor-widget-container\">\n\t\t\t\t\t\t\t\t\t<h3 style=\"font-weight: 400;\"><strong><em><u>\u201eF\u00f6ldi csod\u00e1k! &#8211; a v\u00edz \u00fczenet\u00e9nek t\u00fckr\u00e9ben\u201d &#8211; c\u00edmmel &#8211;<\/u><\/em><\/strong><u> <\/u><strong><em>NFMA-V\u00cdZ-202<\/em><\/strong><\/h3>\n<h4 style=\"font-weight: 400;\"><em><strong>A Fenntarthat\u00f3s\u00e1g t<\/strong><strong>\u00e9<\/strong><strong>mak<\/strong><strong>\u00f6r<\/strong><strong>\u00e9t bemutat\u00f3 m\u0171v<\/strong><strong>\u00e9szeti alkot\u00e1sok beny\u00fajt\u00e1s\u00e1<\/strong><strong>ra, h\u00e1rom koroszt\u00e1ly sz\u00e1m\u00e1ra<\/strong><\/em><\/h4>\n<h4>\u00a0<\/h4>\n<h5 style=\"font-weight: 400;\"><strong><em><u>1 <\/u><\/em><u>korcsoport:<em> 10-12 \u00e9ves koroszt\u00e1ly sz\u00e1m\u00e1ra:<\/em><\/u><\/strong><\/h5>\n<p style=\"font-weight: 400;\"><strong><em>\u201eTerm\u00e9szetv\u00e9delem \u00e9s a V\u00edz kapcsolata\u201d &#8211; t\u00e9mak\u00f6r\u00e9t bemutat\u00f3 m\u0171v\u00e9szeti alkot\u00e1sok beny\u00fajt\u00e1s\u00e1ra!<\/em><\/strong><\/p>\n<h5 style=\"font-weight: 400;\"><strong><u>2.korcsoport 13-15 \u00e9ves koroszt\u00e1ly sz\u00e1m\u00e1ra:<\/u><\/strong><\/h5>\n<p style=\"font-weight: 400;\"><strong><em>\u201e\u00c1llatvil\u00e1g \u00e9s a V\u00edz kapcsolata\u201d &#8211;<\/em> <em>t\u00e9mak\u00f6r\u00e9t bemutat\u00f3 m\u0171v\u00e9szeti alkot\u00e1sok beny\u00fajt\u00e1s\u00e1ra!<\/em><\/strong><\/p>\n<h5 style=\"font-weight: 400;\"><strong><u>3 korcsoport: 16-22 \u00e9ves koroszt\u00e1ly sz\u00e1m\u00e1ra:<\/u><\/strong><\/h5>\n<p style=\"font-weight: 400;\"><em><strong>\u201eFenntarthat\u00f3s\u00e1g \u00e9s a V\u00edz kapcsolata\u201d &#8211; t\u00e9mak\u00f6r\u00e9t bemutat\u00f3 m\u0171v\u00e9szeti alkot\u00e1sok beny\u00fajt\u00e1s\u00e1ra! <\/strong><\/em><strong>(16-22 \u00e9ves koroszt\u00e1ly sz\u00e1m\u00e1ra)<\/strong><\/p>\t\t\t\t\t\t\t\t<\/div>\n\t\t\t\t<\/div>\n\t\t\t\t\t<\/div>\n\t\t<\/div>\n\t\t\t\t\t<\/div>\n\t\t<\/section>\n\t\t\t\t<section class=\"elementor-section elementor-top-section elementor-element elementor-element-e92bc79 elementor-section-boxed elementor-section-height-default elementor-section-height-default\" data-id=\"e92bc79\" data-element_type=\"section\">\n\t\t\t\t\t\t<div class=\"elementor-container elementor-column-gap-default\">\n\t\t\t\t\t<div class=\"elementor-column elementor-col-100 elementor-top-column elementor-element elementor-element-62f17ff\" data-id=\"62f17ff\" data-element_type=\"column\">\n\t\t\t<div class=\"elementor-widget-wrap elementor-element-populated\">\n\t\t\t\t\t\t<div class=\"elementor-element elementor-element-c95f7cf elementor-widget elementor-widget-spacer\" data-id=\"c95f7cf\" data-element_type=\"widget\" data-widget_type=\"spacer.default\">\n\t\t\t\t<div class=\"elementor-widget-container\">\n\t\t\t\t\t\t\t<div class=\"elementor-spacer\">\n\t\t\t<div class=\"elementor-spacer-inner\"><\/div>\n\t\t<\/div>\n\t\t\t\t\t\t<\/div>\n\t\t\t\t<\/div>\n\t\t\t\t\t<\/div>\n\t\t<\/div>\n\t\t\t\t\t<\/div>\n\t\t<\/section>\n\t\t\t\t<section class=\"elementor-section elementor-top-section elementor-element elementor-element-0becf78 elementor-section-boxed elementor-section-height-default elementor-section-height-default\" data-id=\"0becf78\" data-element_type=\"section\">\n\t\t\t\t\t\t<div class=\"elementor-container elementor-column-gap-default\">\n\t\t\t\t\t<div class=\"elementor-column elementor-col-50 elementor-top-column elementor-element elementor-element-29cba7a\" data-id=\"29cba7a\" data-element_type=\"column\" data-settings=\"{&quot;background_background&quot;:&quot;classic&quot;}\">\n\t\t\t<div class=\"elementor-widget-wrap elementor-element-populated\">\n\t\t\t\t\t\t<div class=\"elementor-element elementor-element-42394b6 elementor-widget elementor-widget-heading\" data-id=\"42394b6\" data-element_type=\"widget\" data-widget_type=\"heading.default\">\n\t\t\t\t<div class=\"elementor-widget-container\">\n\t\t\t\t\t<h5 class=\"elementor-heading-title elementor-size-default\"><a href=\"https:\/\/nemzetfiatalmuveszeiert.com\/wp-content\/uploads\/2025\/05\/Nemzet-Fiatal-Muveszeiert-Alap-itvany-Palyazati-kiirasa-2025-a-Foldi-csodak-a-viz-uze-netenek-tukreben-cimmel.docx\" target=\"_blank\">P\u00e1ly\u00e1zati k\u00f6zlem\u00e9ny<\/a><\/h5>\t\t\t\t<\/div>\n\t\t\t\t<\/div>\n\t\t\t\t\t<\/div>\n\t\t<\/div>\n\t\t\t\t<div class=\"elementor-column elementor-col-50 elementor-top-column elementor-element elementor-element-ebe49b6\" data-id=\"ebe49b6\" data-element_type=\"column\" data-settings=\"{&quot;background_background&quot;:&quot;classic&quot;}\">\n\t\t\t<div class=\"elementor-widget-wrap elementor-element-populated\">\n\t\t\t\t\t\t<div class=\"elementor-element elementor-element-b246ee0 elementor-widget elementor-widget-heading\" data-id=\"b246ee0\" data-element_type=\"widget\" data-widget_type=\"heading.default\">\n\t\t\t\t<div class=\"elementor-widget-container\">\n\t\t\t\t\t<h5 class=\"elementor-heading-title elementor-size-default\"><a href=\"https:\/\/nemzetfiatalmuveszeiert.com\/wp-content\/uploads\/2025\/05\/Foldi-csodak-a-viz-uzenetenek-tukreben-2025-Palyazati-adatlap.docx\" target=\"_blank\">P\u00e1ly\u00e1zati adatlap<\/a><\/h5>\t\t\t\t<\/div>\n\t\t\t\t<\/div>\n\t\t\t\t\t<\/div>\n\t\t<\/div>\n\t\t\t\t\t<\/div>\n\t\t<\/section>\n\t\t\t\t<section class=\"elementor-section elementor-top-section elementor-element elementor-element-6d54f31 elementor-section-boxed elementor-section-height-default elementor-section-height-default\" data-id=\"6d54f31\" data-element_type=\"section\">\n\t\t\t\t\t\t<div class=\"elementor-container elementor-column-gap-default\">\n\t\t\t\t\t<div class=\"elementor-column elementor-col-100 elementor-top-column elementor-element elementor-element-a642f06\" data-id=\"a642f06\" data-element_type=\"column\">\n\t\t\t<div class=\"elementor-widget-wrap elementor-element-populated\">\n\t\t\t\t\t\t<div class=\"elementor-element elementor-element-c01ec10 elementor-widget elementor-widget-spacer\" data-id=\"c01ec10\" data-element_type=\"widget\" data-widget_type=\"spacer.default\">\n\t\t\t\t<div class=\"elementor-widget-container\">\n\t\t\t\t\t\t\t<div class=\"elementor-spacer\">\n\t\t\t<div class=\"elementor-spacer-inner\"><\/div>\n\t\t<\/div>\n\t\t\t\t\t\t<\/div>\n\t\t\t\t<\/div>\n\t\t\t\t<div class=\"elementor-element elementor-element-c9f1dac elementor-widget elementor-widget-heading\" data-id=\"c9f1dac\" data-element_type=\"widget\" data-widget_type=\"heading.default\">\n\t\t\t\t<div class=\"elementor-widget-container\">\n\t\t\t\t\t<h4 class=\"elementor-heading-title elementor-size-default\"><a href=\"#kapcsolat\">Regisztr\u00e1ci\u00f3 \u00e9s p\u00e1lyamunka bek\u00fcld\u00e9se<\/a><\/h4>\t\t\t\t<\/div>\n\t\t\t\t<\/div>\n\t\t\t\t<div class=\"elementor-element elementor-element-26231b9 elementor-widget elementor-widget-text-editor\" data-id=\"26231b9\" data-element_type=\"widget\" data-widget_type=\"text-editor.default\">\n\t\t\t\t<div class=\"elementor-widget-container\">\n\t\t\t\t\t\t\t\t\t<p style=\"font-weight: 400;\"><strong>K\u00e9rj\u00fck, hogy az <u>al\u00e1bbi regisztr\u00e1ci\u00f3t a <em>kit\u00f6lt\u00f6tt p\u00e1ly\u00e1zati adatlap \u00e9s az elk\u00e9sz\u00fclt p\u00e1lyamunka felt\u00f6lt\u00e9s\u00e9vel egyid\u0151ben<\/em> <\/u>tegy\u00e9k meg! A p\u00e1ly\u00e1zat beny\u00fajt\u00e1sa ebben a form\u00e1ban v\u00e1lik v\u00e9glegess\u00e9! (Amikor regisztr\u00e1l akkor a megadott e-mail c\u00edmre k\u00fcldje el a p\u00e1lyamunk\u00e1t \u00e9s a kit\u00f6lt\u00f6tt adatlapot)<\/strong><\/p><p style=\"font-weight: 400;\"><strong>K\u00f6sz\u00f6nj\u00fck sz\u00e9pen!<\/strong><\/p>\t\t\t\t\t\t\t\t<\/div>\n\t\t\t\t<\/div>\n\t\t\t\t<div class=\"elementor-element elementor-element-943e352 elementor-button-align-stretch elementor-widget elementor-widget-form\" data-id=\"943e352\" data-element_type=\"widget\" data-settings=\"{&quot;step_next_label&quot;:&quot;K\\u00f6vetkez\\u0151&quot;,&quot;step_previous_label&quot;:&quot;El\\u0151z\\u0151&quot;,&quot;button_width&quot;:&quot;100&quot;,&quot;step_type&quot;:&quot;number_text&quot;,&quot;step_icon_shape&quot;:&quot;circle&quot;}\" data-widget_type=\"form.default\">\n\t\t\t\t<div class=\"elementor-widget-container\">\n\t\t\t\t\t\t\t<form class=\"elementor-form\" method=\"post\" name=\"Regisztr\u00e1ci\u00f3 \u00c1llatv\u00e9delem\">\n\t\t\t<input type=\"hidden\" name=\"post_id\" value=\"1470\"\/>\n\t\t\t<input type=\"hidden\" name=\"form_id\" value=\"943e352\"\/>\n\t\t\t<input type=\"hidden\" name=\"referer_title\" value=\"\" \/>\n\n\t\t\t\n\t\t\t<div class=\"elementor-form-fields-wrapper elementor-labels-above\">\n\t\t\t\t\t\t\t\t<div class=\"elementor-field-type-text elementor-field-group elementor-column elementor-field-group-name elementor-col-100\">\n\t\t\t\t\t\t\t\t\t\t\t\t<label for=\"form-field-name\" class=\"elementor-field-label\">\n\t\t\t\t\t\t\t\tP\u00e1ly\u00e1z\u00f3 Neve\t\t\t\t\t\t\t<\/label>\n\t\t\t\t\t\t\t\t\t\t\t\t\t\t<input size=\"1\" type=\"text\" name=\"form_fields[name]\" id=\"form-field-name\" class=\"elementor-field elementor-size-sm  elementor-field-textual\" placeholder=\"P\u00e1ly\u00e1z\u00f3 Neve\">\n\t\t\t\t\t\t\t\t\t\t\t<\/div>\n\t\t\t\t\t\t\t\t<div class=\"elementor-field-type-text elementor-field-group elementor-column elementor-field-group-field_548c7c4 elementor-col-100\">\n\t\t\t\t\t\t\t\t\t\t\t\t<label for=\"form-field-field_548c7c4\" class=\"elementor-field-label\">\n\t\t\t\t\t\t\t\tP\u00e1ly\u00e1z\u00f3 lakc\u00edme\t\t\t\t\t\t\t<\/label>\n\t\t\t\t\t\t\t\t\t\t\t\t\t\t<input size=\"1\" type=\"text\" name=\"form_fields[field_548c7c4]\" id=\"form-field-field_548c7c4\" class=\"elementor-field elementor-size-sm  elementor-field-textual\" placeholder=\"P\u00e1ly\u00e1z\u00f3 lakc\u00edme\">\n\t\t\t\t\t\t\t\t\t\t\t<\/div>\n\t\t\t\t\t\t\t\t<div class=\"elementor-field-type-email elementor-field-group elementor-column elementor-field-group-email elementor-col-100 elementor-field-required\">\n\t\t\t\t\t\t\t\t\t\t\t\t<label for=\"form-field-email\" class=\"elementor-field-label\">\n\t\t\t\t\t\t\t\tP\u00e1ly\u00e1z\u00f3 email c\u00edme\t\t\t\t\t\t\t<\/label>\n\t\t\t\t\t\t\t\t\t\t\t\t\t\t<input size=\"1\" type=\"email\" name=\"form_fields[email]\" id=\"form-field-email\" class=\"elementor-field elementor-size-sm  elementor-field-textual\" placeholder=\"P\u00e1ly\u00e1z\u00f3 email c\u00edme\" required=\"required\" aria-required=\"true\">\n\t\t\t\t\t\t\t\t\t\t\t<\/div>\n\t\t\t\t\t\t\t\t<div class=\"elementor-field-type-text elementor-field-group elementor-column elementor-field-group-field_fe3527a elementor-col-100\">\n\t\t\t\t\t\t\t\t\t\t\t\t<label for=\"form-field-field_fe3527a\" class=\"elementor-field-label\">\n\t\t\t\t\t\t\t\tP\u00e1ly\u00e1z\u00f3 iskol\u00e1j\u00e1nak neve, c\u00edme, el\u00e9rhet\u0151s\u00e9ge, int\u00e9zm\u00e9nyvezet\u0151j\u00e9nek neve\t\t\t\t\t\t\t<\/label>\n\t\t\t\t\t\t\t\t\t\t\t\t\t\t<input size=\"1\" type=\"text\" name=\"form_fields[field_fe3527a]\" id=\"form-field-field_fe3527a\" class=\"elementor-field elementor-size-sm  elementor-field-textual\" placeholder=\"P\u00e1ly\u00e1z\u00f3 iskol\u00e1j\u00e1nak neve, c\u00edme, el\u00e9rhet\u0151s\u00e9ge, int\u00e9zm\u00e9nyvezet\u0151j\u00e9nek neve\">\n\t\t\t\t\t\t\t\t\t\t\t<\/div>\n\t\t\t\t\t\t\t\t<div class=\"elementor-field-type-select elementor-field-group elementor-column elementor-field-group-field_c2a4d41 elementor-col-100\">\n\t\t\t\t\t\t\t\t\t\t\t\t<label for=\"form-field-field_c2a4d41\" class=\"elementor-field-label\">\n\t\t\t\t\t\t\t\tP\u00e1ly\u00e1zat\t\t\t\t\t\t\t<\/label>\n\t\t\t\t\t\t\t\t<div class=\"elementor-field elementor-select-wrapper remove-before \">\n\t\t\t<div class=\"select-caret-down-wrapper\">\n\t\t\t\t<i aria-hidden=\"true\" class=\"eicon-caret-down\"><\/i>\t\t\t<\/div>\n\t\t\t<select name=\"form_fields[field_c2a4d41]\" id=\"form-field-field_c2a4d41\" class=\"elementor-field-textual elementor-size-sm\">\n\t\t\t\t\t\t\t\t\t<option value=\"\u201eF\u00f6ldi csod\u00e1k! - a v\u00edz \u00fczenet\u00e9nek t\u00fckr\u00e9ben&quot; - NFMA-V\u00cdZ-2025\">\u201eF\u00f6ldi csod\u00e1k! - a v\u00edz \u00fczenet\u00e9nek t\u00fckr\u00e9ben&quot; - NFMA-V\u00cdZ-2025<\/option>\n\t\t\t\t\t\t\t<\/select>\n\t\t<\/div>\n\t\t\t\t\t\t<\/div>\n\t\t\t\t\t\t\t\t<div class=\"elementor-field-type-acceptance elementor-field-group elementor-column elementor-field-group-field_47a43dd elementor-col-100 elementor-field-required\">\n\t\t\t\t\t\t\t\t\t\t\t\t<label for=\"form-field-field_47a43dd\" class=\"elementor-field-label\">\n\t\t\t\t\t\t\t\tNyilatkozat\t\t\t\t\t\t\t<\/label>\n\t\t\t\t\t\t\t\t<div class=\"elementor-field-subgroup\">\n\t\t\t<span class=\"elementor-field-option\">\n\t\t\t\t<input type=\"checkbox\" name=\"form_fields[field_47a43dd]\" id=\"form-field-field_47a43dd\" class=\"elementor-field elementor-size-sm  elementor-acceptance-field\" required=\"required\" aria-required=\"true\">\n\t\t\t\t<label for=\"form-field-field_47a43dd\"><b>Nyilatkozom, hogy a p\u00e1ly\u00e1z\u00f3 \u00e1ltal beny\u00fajtott p\u00e1lyamunka saj\u00e1t szellemi term\u00e9ke \u00e9s azon nem szerepel t\u00f6rv\u00e9ny vagy m\u00e1s jogszab\u00e1ly \u00e1ltal tiltott tartalom, vagy m\u00e1s szerz\u0151 szellemi term\u00e9ke.<\/b><\/label>\t\t\t<\/span>\n\t\t<\/div>\n\t\t\t\t\t\t<\/div>\n\t\t\t\t\t\t\t\t<div class=\"elementor-field-type-upload elementor-field-group elementor-column elementor-field-group-field_187567c elementor-col-100 elementor-field-required\">\n\t\t\t\t\t\t\t\t\t\t\t\t<label for=\"form-field-field_187567c\" class=\"elementor-field-label\">\n\t\t\t\t\t\t\t\tDokumentumok ( P\u00e1ly\u00e1zati adatlap \u00e9s az elk\u00e9sz\u00fclt p\u00e1lyamunka) dokumentumokat k\u00fcldje el az info@nemzetfiatalmuveszeiert.com-ra\t\t\t\t\t\t\t<\/label>\n\t\t\t\t\t\t\t\t<input type=\"file\" name=\"form_fields[field_187567c][]\" id=\"form-field-field_187567c\" class=\"elementor-field elementor-size-sm  elementor-upload-field\" required=\"required\" aria-required=\"true\" multiple=\"multiple\" data-maxsize=\"50\" data-maxsize-message=\"This file exceeds the maximum allowed size.\">\n\n\t\t\t\t\t\t<\/div>\n\t\t\t\t\t\t\t\t<div class=\"elementor-field-group elementor-column elementor-field-type-submit elementor-col-100 e-form__buttons\">\n\t\t\t\t\t<button class=\"elementor-button elementor-size-sm\" type=\"submit\">\n\t\t\t\t\t\t<span class=\"elementor-button-content-wrapper\">\n\t\t\t\t\t\t\t\t\t\t\t\t\t\t\t\t\t\t\t\t\t\t<span class=\"elementor-button-text\">P\u00e1ly\u00e1zat lead\u00e1sa<\/span>\n\t\t\t\t\t\t\t\t\t\t\t\t\t<\/span>\n\t\t\t\t\t<\/button>\n\t\t\t\t<\/div>\n\t\t\t<\/div>\n\t\t<\/form>\n\t\t\t\t\t\t<\/div>\n\t\t\t\t<\/div>\n\t\t\t\t\t<\/div>\n\t\t<\/div>\n\t\t\t\t\t<\/div>\n\t\t<\/section>\n\t\t\t\t<\/div>\n\t\t","protected":false},"excerpt":{"rendered":"<p>\u201eF\u00f6ldi csod\u00e1k! &#8211; a v\u00edz \u00fczenet\u00e9nek t\u00fckr\u00e9ben\u201d &#8211; c\u00edmmel &#8211; NFMA-V\u00cdZ-202 A Fenntarthat\u00f3s\u00e1g t\u00e9mak\u00f6r\u00e9t bemutat\u00f3 m\u0171v\u00e9szeti alkot\u00e1sok beny\u00fajt\u00e1s\u00e1ra, h\u00e1rom koroszt\u00e1ly sz\u00e1m\u00e1ra \u00a0 1 korcsoport: 10-12 \u00e9ves koroszt\u00e1ly sz\u00e1m\u00e1ra: \u201eTerm\u00e9szetv\u00e9delem \u00e9s a V\u00edz kapcsolata\u201d &#8211; t\u00e9mak\u00f6r\u00e9t bemutat\u00f3 m\u0171v\u00e9szeti alkot\u00e1sok beny\u00fajt\u00e1s\u00e1ra! 2.korcsoport 13-15 \u00e9ves koroszt\u00e1ly sz\u00e1m\u00e1ra: \u201e\u00c1llatvil\u00e1g \u00e9s a V\u00edz kapcsolata\u201d &#8211; t\u00e9mak\u00f6r\u00e9t bemutat\u00f3 m\u0171v\u00e9szeti alkot\u00e1sok beny\u00fajt\u00e1s\u00e1ra! [&hellip;]<\/p>\n","protected":false},"author":1,"featured_media":0,"parent":0,"menu_order":0,"comment_status":"closed","ping_status":"closed","template":"elementor_header_footer","meta":{"footnotes":""},"class_list":["post-1470","page","type-page","status-publish","hentry"],"yoast_head":"<!-- This site is optimized with the Yoast SEO plugin v24.2 - https:\/\/yoast.com\/wordpress\/plugins\/seo\/ -->\n<title>\u201eF\u00f6ldi csod\u00e1k! - a v\u00edz \u00fczenet\u00e9nek t\u00fckr\u00e9ben\u201d -<\/title>\n<meta name=\"description\" content=\"\u201eF\u00f6ldi csod\u00e1k! - a v\u00edz \u00fczenet\u00e9nek t\u00fckr\u00e9ben\u201d\" \/>\n<meta name=\"robots\" content=\"index, follow, max-snippet:-1, max-image-preview:large, max-video-preview:-1\" \/>\n<link rel=\"canonical\" href=\"https:\/\/nemzetfiatalmuveszeiert.com\/?page_id=1470\" \/>\n<meta property=\"og:locale\" content=\"hu_HU\" \/>\n<meta property=\"og:type\" content=\"article\" \/>\n<meta property=\"og:title\" content=\"\u201eF\u00f6ldi csod\u00e1k! - a v\u00edz \u00fczenet\u00e9nek t\u00fckr\u00e9ben\u201d -\" \/>\n<meta property=\"og:description\" content=\"\u201eF\u00f6ldi csod\u00e1k! - a v\u00edz \u00fczenet\u00e9nek t\u00fckr\u00e9ben\u201d\" \/>\n<meta property=\"og:url\" content=\"https:\/\/nemzetfiatalmuveszeiert.com\/?page_id=1470\" \/>\n<meta property=\"article:modified_time\" content=\"2025-05-12T16:16:51+00:00\" \/>\n<meta name=\"twitter:card\" content=\"summary_large_image\" \/>\n<meta name=\"twitter:label1\" content=\"Becs\u00fclt olvas\u00e1si id\u0151\" \/>\n\t<meta name=\"twitter:data1\" content=\"2 perc\" \/>\n<script type=\"application\/ld+json\" class=\"yoast-schema-graph\">{\"@context\":\"https:\/\/schema.org\",\"@graph\":[{\"@type\":\"WebPage\",\"@id\":\"https:\/\/nemzetfiatalmuveszeiert.com\/?page_id=1470\",\"url\":\"https:\/\/nemzetfiatalmuveszeiert.com\/?page_id=1470\",\"name\":\"\u201eF\u00f6ldi csod\u00e1k! - a v\u00edz \u00fczenet\u00e9nek t\u00fckr\u00e9ben\u201d -\",\"isPartOf\":{\"@id\":\"https:\/\/nemzetfiatalmuveszeiert.com\/#website\"},\"datePublished\":\"2025-01-08T18:42:51+00:00\",\"dateModified\":\"2025-05-12T16:16:51+00:00\",\"description\":\"\u201eF\u00f6ldi csod\u00e1k! - a v\u00edz \u00fczenet\u00e9nek t\u00fckr\u00e9ben\u201d\",\"breadcrumb\":{\"@id\":\"https:\/\/nemzetfiatalmuveszeiert.com\/?page_id=1470#breadcrumb\"},\"inLanguage\":\"hu\",\"potentialAction\":[{\"@type\":\"ReadAction\",\"target\":[\"https:\/\/nemzetfiatalmuveszeiert.com\/?page_id=1470\"]}]},{\"@type\":\"BreadcrumbList\",\"@id\":\"https:\/\/nemzetfiatalmuveszeiert.com\/?page_id=1470#breadcrumb\",\"itemListElement\":[{\"@type\":\"ListItem\",\"position\":1,\"name\":\"Kezd\u0151lap\",\"item\":\"https:\/\/nemzetfiatalmuveszeiert.com\/\"},{\"@type\":\"ListItem\",\"position\":2,\"name\":\"\u201eF\u00f6ldi csod\u00e1k! &#8211; a v\u00edz \u00fczenet\u00e9nek t\u00fckr\u00e9ben\u201d\"}]},{\"@type\":\"WebSite\",\"@id\":\"https:\/\/nemzetfiatalmuveszeiert.com\/#website\",\"url\":\"https:\/\/nemzetfiatalmuveszeiert.com\/\",\"name\":\"\",\"description\":\"\",\"potentialAction\":[{\"@type\":\"SearchAction\",\"target\":{\"@type\":\"EntryPoint\",\"urlTemplate\":\"https:\/\/nemzetfiatalmuveszeiert.com\/?s={search_term_string}\"},\"query-input\":{\"@type\":\"PropertyValueSpecification\",\"valueRequired\":true,\"valueName\":\"search_term_string\"}}],\"inLanguage\":\"hu\"}]}<\/script>\n<!-- \/ Yoast SEO plugin. -->","yoast_head_json":{"title":"\u201eF\u00f6ldi csod\u00e1k! - a v\u00edz \u00fczenet\u00e9nek t\u00fckr\u00e9ben\u201d -","description":"\u201eF\u00f6ldi csod\u00e1k! - a v\u00edz \u00fczenet\u00e9nek t\u00fckr\u00e9ben\u201d","robots":{"index":"index","follow":"follow","max-snippet":"max-snippet:-1","max-image-preview":"max-image-preview:large","max-video-preview":"max-video-preview:-1"},"canonical":"https:\/\/nemzetfiatalmuveszeiert.com\/?page_id=1470","og_locale":"hu_HU","og_type":"article","og_title":"\u201eF\u00f6ldi csod\u00e1k! - a v\u00edz \u00fczenet\u00e9nek t\u00fckr\u00e9ben\u201d -","og_description":"\u201eF\u00f6ldi csod\u00e1k! - a v\u00edz \u00fczenet\u00e9nek t\u00fckr\u00e9ben\u201d","og_url":"https:\/\/nemzetfiatalmuveszeiert.com\/?page_id=1470","article_modified_time":"2025-05-12T16:16:51+00:00","twitter_card":"summary_large_image","twitter_misc":{"Becs\u00fclt olvas\u00e1si id\u0151":"2 perc"},"schema":{"@context":"https:\/\/schema.org","@graph":[{"@type":"WebPage","@id":"https:\/\/nemzetfiatalmuveszeiert.com\/?page_id=1470","url":"https:\/\/nemzetfiatalmuveszeiert.com\/?page_id=1470","name":"\u201eF\u00f6ldi csod\u00e1k! - a v\u00edz \u00fczenet\u00e9nek t\u00fckr\u00e9ben\u201d -","isPartOf":{"@id":"https:\/\/nemzetfiatalmuveszeiert.com\/#website"},"datePublished":"2025-01-08T18:42:51+00:00","dateModified":"2025-05-12T16:16:51+00:00","description":"\u201eF\u00f6ldi csod\u00e1k! - a v\u00edz \u00fczenet\u00e9nek t\u00fckr\u00e9ben\u201d","breadcrumb":{"@id":"https:\/\/nemzetfiatalmuveszeiert.com\/?page_id=1470#breadcrumb"},"inLanguage":"hu","potentialAction":[{"@type":"ReadAction","target":["https:\/\/nemzetfiatalmuveszeiert.com\/?page_id=1470"]}]},{"@type":"BreadcrumbList","@id":"https:\/\/nemzetfiatalmuveszeiert.com\/?page_id=1470#breadcrumb","itemListElement":[{"@type":"ListItem","position":1,"name":"Kezd\u0151lap","item":"https:\/\/nemzetfiatalmuveszeiert.com\/"},{"@type":"ListItem","position":2,"name":"\u201eF\u00f6ldi csod\u00e1k! &#8211; a v\u00edz \u00fczenet\u00e9nek t\u00fckr\u00e9ben\u201d"}]},{"@type":"WebSite","@id":"https:\/\/nemzetfiatalmuveszeiert.com\/#website","url":"https:\/\/nemzetfiatalmuveszeiert.com\/","name":"","description":"","potentialAction":[{"@type":"SearchAction","target":{"@type":"EntryPoint","urlTemplate":"https:\/\/nemzetfiatalmuveszeiert.com\/?s={search_term_string}"},"query-input":{"@type":"PropertyValueSpecification","valueRequired":true,"valueName":"search_term_string"}}],"inLanguage":"hu"}]}},"_links":{"self":[{"href":"https:\/\/nemzetfiatalmuveszeiert.com\/index.php?rest_route=\/wp\/v2\/pages\/1470","targetHints":{"allow":["GET"]}}],"collection":[{"href":"https:\/\/nemzetfiatalmuveszeiert.com\/index.php?rest_route=\/wp\/v2\/pages"}],"about":[{"href":"https:\/\/nemzetfiatalmuveszeiert.com\/index.php?rest_route=\/wp\/v2\/types\/page"}],"author":[{"embeddable":true,"href":"https:\/\/nemzetfiatalmuveszeiert.com\/index.php?rest_route=\/wp\/v2\/users\/1"}],"replies":[{"embeddable":true,"href":"https:\/\/nemzetfiatalmuveszeiert.com\/index.php?rest_route=%2Fwp%2Fv2%2Fcomments&post=1470"}],"version-history":[{"count":81,"href":"https:\/\/nemzetfiatalmuveszeiert.com\/index.php?rest_route=\/wp\/v2\/pages\/1470\/revisions"}],"predecessor-version":[{"id":1893,"href":"https:\/\/nemzetfiatalmuveszeiert.com\/index.php?rest_route=\/wp\/v2\/pages\/1470\/revisions\/1893"}],"wp:attachment":[{"href":"https:\/\/nemzetfiatalmuveszeiert.com\/index.php?rest_route=%2Fwp%2Fv2%2Fmedia&parent=1470"}],"curies":[{"name":"wp","href":"https:\/\/api.w.org\/{rel}","templated":true}]}}