{"id":1518,"date":"2025-01-09T15:04:17","date_gmt":"2025-01-09T15:04:17","guid":{"rendered":"https:\/\/nemzetfiatalmuveszeiert.com\/?page_id=1518"},"modified":"2025-01-15T12:10:55","modified_gmt":"2025-01-15T12:10:55","slug":"tamogatok","status":"publish","type":"page","link":"https:\/\/nemzetfiatalmuveszeiert.com\/?page_id=1518","title":{"rendered":"T\u00e1mogat\u00f3k"},"content":{"rendered":"\t\t<div data-elementor-type=\"wp-page\" data-elementor-id=\"1518\" class=\"elementor elementor-1518\" data-elementor-post-type=\"page\">\n\t\t\t\t\t\t<section class=\"elementor-section elementor-top-section elementor-element elementor-element-2a12c63 elementor-section-boxed elementor-section-height-default elementor-section-height-default\" data-id=\"2a12c63\" data-element_type=\"section\">\n\t\t\t\t\t\t<div class=\"elementor-container elementor-column-gap-default\">\n\t\t\t\t\t<div class=\"elementor-column elementor-col-100 elementor-top-column elementor-element elementor-element-75634c2\" data-id=\"75634c2\" data-element_type=\"column\">\n\t\t\t<div class=\"elementor-widget-wrap elementor-element-populated\">\n\t\t\t\t\t\t<div class=\"elementor-element elementor-element-2864ac0 elementor-widget elementor-widget-text-editor\" data-id=\"2864ac0\" data-element_type=\"widget\" data-widget_type=\"text-editor.default\">\n\t\t\t\t<div class=\"elementor-widget-container\">\n\t\t\t\t\t\t\t\t\t<h2><strong>A Nemzet Fiatal M\u0171v\u00e9szei\u00e9rt Alap\u00edtv\u00e1ny F\u0151 T\u00e1mogat\u00f3i<\/strong><\/h2><p>A CarolynArt Kft korunk egyik legfiatalabb alkot\u00f3 m\u0171v\u00e9sz\u00e9nek \u2013 S\u00e1volt Karolin\u00e1nak \u2013 k\u00fcl\u00f6nleges \u00e9s harm\u00f3nikus sz\u00e9ps\u00e9g\u0171 Festm\u00e9nyeit mutatja be, illetve annak inspir\u00e1ci\u00f3j\u00e1ra k\u00e9sz\u00fclt m\u00e1rkaterm\u00e9keit.<\/p><p>S\u00e1volt Karolina, a 25 f\u0151 d\u00edjazott fiatal \u00e9sz\u00e9re, \u00f6sszesen t\u00f6bb mint 1.000.000.-Ft. \u00e9rt\u00e9kben aj\u00e1nlott fel a k\u00fcl\u00f6nleges sz\u00e9ps\u00e9g\u0171 \u00e9s kiv\u00e1l\u00f3 min\u0151s\u00e9g\u0171 M\u00e1rka term\u00e9keib\u0151l, amelyet Karolin\u00e1nak ez\u00faton is szeretn\u00e9nk megk\u00f6sz\u00f6nni!<\/p>\t\t\t\t\t\t\t\t<\/div>\n\t\t\t\t<\/div>\n\t\t\t\t<div class=\"elementor-element elementor-element-b0c5354 elementor-widget elementor-widget-image\" data-id=\"b0c5354\" data-element_type=\"widget\" data-widget_type=\"image.default\">\n\t\t\t\t<div class=\"elementor-widget-container\">\n\t\t\t\t\t\t\t\t\t\t\t\t\t\t\t<img fetchpriority=\"high\" decoding=\"async\" width=\"870\" height=\"530\" src=\"https:\/\/nemzetfiatalmuveszeiert.com\/wp-content\/uploads\/2025\/01\/Kepernyofoto-2025-01-15-11.27.22.png\" class=\"attachment-2048x2048 size-2048x2048 wp-image-1581\" alt=\"\" srcset=\"https:\/\/nemzetfiatalmuveszeiert.com\/wp-content\/uploads\/2025\/01\/Kepernyofoto-2025-01-15-11.27.22.png 870w, https:\/\/nemzetfiatalmuveszeiert.com\/wp-content\/uploads\/2025\/01\/Kepernyofoto-2025-01-15-11.27.22-300x183.png 300w, https:\/\/nemzetfiatalmuveszeiert.com\/wp-content\/uploads\/2025\/01\/Kepernyofoto-2025-01-15-11.27.22-768x468.png 768w, https:\/\/nemzetfiatalmuveszeiert.com\/wp-content\/uploads\/2025\/01\/Kepernyofoto-2025-01-15-11.27.22-600x366.png 600w\" sizes=\"(max-width: 870px) 100vw, 870px\" \/>\t\t\t\t\t\t\t\t\t\t\t\t\t\t\t<\/div>\n\t\t\t\t<\/div>\n\t\t\t\t<div class=\"elementor-element elementor-element-2772a87 elementor-widget elementor-widget-text-editor\" data-id=\"2772a87\" data-element_type=\"widget\" data-widget_type=\"text-editor.default\">\n\t\t\t\t<div class=\"elementor-widget-container\">\n\t\t\t\t\t\t\t\t\t<p style=\"font-weight: 400;\">Az Otp Bank Nyrt, a Nemzet Fiatal M\u0171v\u00e9szei\u00e9rt Alap\u00edtv\u00e1ny \u00e1ltal ki\u00edrt, az<\/p><p style=\"font-weight: 400;\">\u201eUniverzum csod\u00e1i a fenntarthat\u00f3s\u00e1g t\u00fckr\u00e9ben\u201d &#8211; c\u00edm\u0171 p\u00e1ly\u00e1zat \u00e9s d\u00edj\u00e1tad\u00f3 kiemelt partnere \u00e9s nagyvonal\u00fa t\u00e1mogat\u00f3ja!<\/p><p style=\"font-weight: 400;\">Az OTP Bank t\u00e1mogat\u00e1s\u00e1t a Nemzet Fiatal M\u0171v\u00e9szei \u00e9s d\u00edjazottjai nev\u00e9ben is<\/p><p style=\"font-weight: 400;\">K\u00f6sz\u00f6nj\u00fck sz\u00e9pen!<\/p>\t\t\t\t\t\t\t\t<\/div>\n\t\t\t\t<\/div>\n\t\t\t\t<div class=\"elementor-element elementor-element-58295fd elementor-widget elementor-widget-image\" data-id=\"58295fd\" data-element_type=\"widget\" data-widget_type=\"image.default\">\n\t\t\t\t<div class=\"elementor-widget-container\">\n\t\t\t\t\t\t\t\t\t\t\t\t\t\t\t<img decoding=\"async\" width=\"419\" height=\"89\" src=\"https:\/\/nemzetfiatalmuveszeiert.com\/wp-content\/uploads\/2025\/01\/Kep6.jpg\" class=\"attachment-large size-large wp-image-1512\" alt=\"\" srcset=\"https:\/\/nemzetfiatalmuveszeiert.com\/wp-content\/uploads\/2025\/01\/Kep6.jpg 419w, https:\/\/nemzetfiatalmuveszeiert.com\/wp-content\/uploads\/2025\/01\/Kep6-300x64.jpg 300w\" sizes=\"(max-width: 419px) 100vw, 419px\" \/>\t\t\t\t\t\t\t\t\t\t\t\t\t\t\t<\/div>\n\t\t\t\t<\/div>\n\t\t\t\t<div class=\"elementor-element elementor-element-abd2783 elementor-widget elementor-widget-text-editor\" data-id=\"abd2783\" data-element_type=\"widget\" data-widget_type=\"text-editor.default\">\n\t\t\t\t<div class=\"elementor-widget-container\">\n\t\t\t\t\t\t\t\t\t<p style=\"font-weight: 400;\">A Herbow International Zrt elk\u00f6telezett mind a fenntarthat\u00f3s\u00e1g, mind pedig a k\u00f6rnyezet \u00e9s \u00e1llatv\u00e9delem ter\u00fclet\u00e9n, hiszen a V\u00e1llalat, a term\u00e9kfejleszt\u00e9st\u0151l\u00a0 az alapanyagokon \u00e1t a k\u00e9sz term\u00e9kek gy\u00e1rt\u00e1s\u00e1ig mindv\u00e9gig ezen szempontok ment\u00e9n halad!<\/p><p style=\"font-weight: 400;\">A Herbow term\u00e9kcsal\u00e1d term\u00e9szetes \u00e9s \u00e1llatk\u00eds\u00e9rlet-mentes \u00f6sszetev\u0151kb\u0151l, valamint\u00a0 a gy\u00e1rt\u00e1s, csomagol\u00e1s tekintet\u00e9ben is a fenntarthat\u00f3s\u00e1gra t\u00f6rekszik!<\/p><p style=\"font-weight: 400;\">H\u00e1rom koroszt\u00e1ly sz\u00e1m\u00e1ra, h\u00e1rom kateg\u00f3ri\u00e1ban: Term\u00e9szetv\u00e9delem, \u00c1llatv\u00e9delem, Fenntarthat\u00f3s\u00e1g- t\u00e9mak\u00f6reit \u00e9rint\u0151 orsz\u00e1gos k\u00e9pz\u0151m\u0171v\u00e9szeti p\u00e1ly\u00e1zat \u00fczenet\u00e9t,\u00a0 a Herbow International Zrt is t\u00e1rsadalmi felel\u0151ss\u00e9g\u00e9nek \u00e9s emberi \u00e9rt\u00e9keinek tartja!<\/p><p style=\"font-weight: 400;\">Az esem\u00e9nyen 25 tehets\u00e9g elismer\u00e9s\u00e9hez a Herbow Zrt \u00a0\u00a0is csatlakozott azzal, hogy a 25 fiatal r\u00e9sz\u00e9re &#8211; d\u00edjazottank\u00e9nt- <strong>1 \u00e9vre elegend\u0151 mennyis\u00e9g\u0171 Herbow \/ Souldrops mos\u00f3 \u00e9s\u00a0 tiszt\u00edt\u00f3szer csomagot aj\u00e1nlott fel, \u00f6sszesen t\u00f6bb mint 500.000.-Ft. \u00e9rt\u00e9kben<\/strong><\/p><p style=\"font-weight: 400;\">A Herbow International Zrt t\u00e1mogat\u00e1s\u00e1t K\u00f6sz\u00f6nj\u00fck sz\u00e9pen!<\/p>\t\t\t\t\t\t\t\t<\/div>\n\t\t\t\t<\/div>\n\t\t\t\t<div class=\"elementor-element elementor-element-9240f52 elementor-widget__width-initial elementor-arrows-position-inside elementor-pagination-position-outside elementor-widget elementor-widget-image-carousel\" data-id=\"9240f52\" data-element_type=\"widget\" data-settings=\"{&quot;slides_to_show&quot;:&quot;2&quot;,&quot;navigation&quot;:&quot;both&quot;,&quot;autoplay&quot;:&quot;yes&quot;,&quot;pause_on_hover&quot;:&quot;yes&quot;,&quot;pause_on_interaction&quot;:&quot;yes&quot;,&quot;autoplay_speed&quot;:5000,&quot;speed&quot;:500}\" data-widget_type=\"image-carousel.default\">\n\t\t\t\t<div class=\"elementor-widget-container\">\n\t\t\t\t\t\t\t<div class=\"elementor-image-carousel-wrapper swiper\" role=\"region\" aria-roledescription=\"carousel\" aria-label=\"K\u00e9p k\u00f6rhinta\" dir=\"ltr\">\n\t\t\t<div class=\"elementor-image-carousel swiper-wrapper\" aria-live=\"off\">\n\t\t\t\t\t\t\t\t<div class=\"swiper-slide\" role=\"group\" aria-roledescription=\"slide\" aria-label=\"1 \/ 2\"><figure class=\"swiper-slide-inner\"><img decoding=\"async\" class=\"swiper-slide-image\" src=\"https:\/\/nemzetfiatalmuveszeiert.com\/wp-content\/uploads\/2025\/01\/Kep5.png\" alt=\"K\u00e9p5\" \/><\/figure><\/div><div class=\"swiper-slide\" role=\"group\" aria-roledescription=\"slide\" aria-label=\"2 \/ 2\"><figure class=\"swiper-slide-inner\"><img decoding=\"async\" class=\"swiper-slide-image\" src=\"https:\/\/nemzetfiatalmuveszeiert.com\/wp-content\/uploads\/2025\/01\/Kep4.png\" alt=\"K\u00e9p4\" \/><\/figure><\/div>\t\t\t<\/div>\n\t\t\t\t\t\t\t\t\t\t\t\t<div class=\"elementor-swiper-button elementor-swiper-button-prev\" role=\"button\" tabindex=\"0\">\n\t\t\t\t\t\t<i aria-hidden=\"true\" class=\"eicon-chevron-left\"><\/i>\t\t\t\t\t<\/div>\n\t\t\t\t\t<div class=\"elementor-swiper-button elementor-swiper-button-next\" role=\"button\" tabindex=\"0\">\n\t\t\t\t\t\t<i aria-hidden=\"true\" class=\"eicon-chevron-right\"><\/i>\t\t\t\t\t<\/div>\n\t\t\t\t\n\t\t\t\t\t\t\t\t\t<div class=\"swiper-pagination\"><\/div>\n\t\t\t\t\t\t\t\t\t<\/div>\n\t\t\t\t\t\t<\/div>\n\t\t\t\t<\/div>\n\t\t\t\t<div class=\"elementor-element elementor-element-1951d3d elementor-widget elementor-widget-text-editor\" data-id=\"1951d3d\" data-element_type=\"widget\" data-widget_type=\"text-editor.default\">\n\t\t\t\t<div class=\"elementor-widget-container\">\n\t\t\t\t\t\t\t\t\t<p style=\"font-weight: 400;\">A <em>Szentkir\u00e1lyi Magyarorsz\u00e1g Kft<\/em>. \u00e9s a <em>V\u00edzangyal<\/em> Beauty kiemelt t\u00e1mogat\u00f3ja a Nemzet Fiatal M\u0171v\u00e9szei\u00e9rt Alap\u00edtv\u00e1nynak, akik term\u00e9keik el\u0151\u00e1ll\u00edt\u00e1sban \u00e9s az alapanyagok gondos v\u00e1logat\u00e1s\u00e1val, teljes \u00f6sszhangban \u00e1llnak az Alap\u00edtv\u00e1ny p\u00e1ly\u00e1zat\u00e1ban ki\u00edrt c\u00e9lkit\u0171z\u00e9seivel, ami a term\u00e9szet \u00e9s \u00e1llatv\u00e9delem, valamint a fenntarthat\u00f3s\u00e1g t\u00f6rekv\u00e9seit tartja szem el\u0151tt!<\/p><p style=\"font-weight: 400;\">A Szentkir\u00e1lyi Magyarorsz\u00e1g Kft t\u00f6bb mint 200.000.-Ft \u00e9rt\u00e9kben aj\u00e1nlott fel V\u00edzangyal term\u00e9keket a d\u00edjazottak r\u00e9sz\u00e9re \u00e9s gondoskodott a megh\u00edvottak friss\u00edt\u0151ir\u0151l!<\/p><p style=\"font-weight: 400;\">A <em>V\u00edzangyal<\/em> Beauty \u00e9s a Szentkir\u00e1lyi Magyarorsz\u00e1g Kft t\u00e1mogat\u00e1s\u00e1t ez\u00fattal is nagyon k\u00f6sz\u00f6nj\u00fck!<\/p>\t\t\t\t\t\t\t\t<\/div>\n\t\t\t\t<\/div>\n\t\t\t\t<div class=\"elementor-element elementor-element-30e927a elementor-widget__width-initial elementor-arrows-position-inside elementor-pagination-position-outside elementor-widget elementor-widget-image-carousel\" data-id=\"30e927a\" data-element_type=\"widget\" data-settings=\"{&quot;slides_to_show&quot;:&quot;2&quot;,&quot;navigation&quot;:&quot;both&quot;,&quot;autoplay&quot;:&quot;yes&quot;,&quot;pause_on_hover&quot;:&quot;yes&quot;,&quot;pause_on_interaction&quot;:&quot;yes&quot;,&quot;autoplay_speed&quot;:5000,&quot;speed&quot;:500}\" data-widget_type=\"image-carousel.default\">\n\t\t\t\t<div class=\"elementor-widget-container\">\n\t\t\t\t\t\t\t<div class=\"elementor-image-carousel-wrapper swiper\" role=\"region\" aria-roledescription=\"carousel\" aria-label=\"K\u00e9p k\u00f6rhinta\" dir=\"ltr\">\n\t\t\t<div class=\"elementor-image-carousel swiper-wrapper\" aria-live=\"off\">\n\t\t\t\t\t\t\t\t<div class=\"swiper-slide\" role=\"group\" aria-roledescription=\"slide\" aria-label=\"1 \/ 2\"><figure class=\"swiper-slide-inner\"><img decoding=\"async\" class=\"swiper-slide-image\" src=\"https:\/\/nemzetfiatalmuveszeiert.com\/wp-content\/uploads\/2025\/01\/Kep1.png\" alt=\"K\u00e9p1\" \/><\/figure><\/div><div class=\"swiper-slide\" role=\"group\" aria-roledescription=\"slide\" aria-label=\"2 \/ 2\"><figure class=\"swiper-slide-inner\"><img decoding=\"async\" class=\"swiper-slide-image\" src=\"https:\/\/nemzetfiatalmuveszeiert.com\/wp-content\/uploads\/2025\/01\/Kep3.jpg\" alt=\"K\u00e9p3\" \/><\/figure><\/div>\t\t\t<\/div>\n\t\t\t\t\t\t\t\t\t\t\t\t<div class=\"elementor-swiper-button elementor-swiper-button-prev\" role=\"button\" tabindex=\"0\">\n\t\t\t\t\t\t<i aria-hidden=\"true\" class=\"eicon-chevron-left\"><\/i>\t\t\t\t\t<\/div>\n\t\t\t\t\t<div class=\"elementor-swiper-button elementor-swiper-button-next\" role=\"button\" tabindex=\"0\">\n\t\t\t\t\t\t<i aria-hidden=\"true\" class=\"eicon-chevron-right\"><\/i>\t\t\t\t\t<\/div>\n\t\t\t\t\n\t\t\t\t\t\t\t\t\t<div class=\"swiper-pagination\"><\/div>\n\t\t\t\t\t\t\t\t\t<\/div>\n\t\t\t\t\t\t<\/div>\n\t\t\t\t<\/div>\n\t\t\t\t<div class=\"elementor-element elementor-element-6f45fd6 elementor-widget elementor-widget-text-editor\" data-id=\"6f45fd6\" data-element_type=\"widget\" data-widget_type=\"text-editor.default\">\n\t\t\t\t<div class=\"elementor-widget-container\">\n\t\t\t\t\t\t\t\t\t<p style=\"font-weight: 400;\">A Bod\u00f3 Gal\u00e9ria \u00e9s Aukci\u00f3sh\u00e1z 2018 m\u00e1rcius\u00e1ban ny\u00edlt meg Budapest V. ker\u00fclet\u00e9ben tal\u00e1lhat\u00f3 gal\u00e9ri\u00e1k utc\u00e1jak\u00e9nt is emlegetett Falk Miksa utc\u00e1ban. A gal\u00e9ri\u00e1t a majdnem k\u00e9t \u00e9vtizeden \u00e1t szint\u00e9n a Falk Miksa utc\u00e1ban m\u0171k\u00f6d\u0151 Magyar-Francia Gal\u00e9ria b\u0151v\u00edt\u00e9se \u00e9s meg\u00faj\u00edt\u00e1sa c\u00e9lj\u00e1b\u00f3l hozt\u00e1k l\u00e9tre.<\/p><p style=\"font-weight: 400;\">A Magyar-Francia Gal\u00e9ri\u00e1t a franciaorsz\u00e1gi Magyar \u00c9v keret\u00e9n bel\u00fcl Paul Poudade nagyk\u00f6vet nyitotta meg\u00a0\u00fcnnep\u00e9lyes keretek k\u00f6z\u00f6tt 2001 m\u00e1rcius\u00e1ban. A gal\u00e9ria a francia r\u00e9sztulajdonos harminc \u00e9ves szakmai munk\u00e1j\u00e1b\u00f3l \u00e9s p\u00e1rizsi gal\u00e9ri\u00e1j\u00e1nak \u00fczleti tapasztalat\u00e1b\u00f3l \u00e9p\u00fclt fel. T\u00f6bb \u00e9ves sikeres egy\u00fcttm\u0171k\u00f6d\u00e9st k\u00f6vet\u0151en a gal\u00e9ria 2012-ben Bod\u00f3 J\u00e1nos tulajdonos vezet\u00e9s\u00e9vel \u00f6n\u00e1ll\u00f3sodott \u00e9s profilj\u00e1ban el\u0151t\u00e9rbe helyez\u0151dtek a magyar m\u0171alkot\u00e1sok.<\/p><p style=\"font-weight: 400;\">A Nemzet Fiatal M\u0171v\u00e9szei\u00e9rt Alap\u00edtv\u00e1ny \u00e1ltal ki\u00edrt, az \u201eUniverzum csod\u00e1i a fenntarthat\u00f3s\u00e1g t\u00fckr\u00e9ben\u201d &#8211; c\u00edm\u0171 p\u00e1ly\u00e1zat d\u00edj\u00e1tad\u00f3j\u00e1nak t\u00e1mogat\u00f3ja a Bod\u00f3 Gal\u00e9ria \u00e9s Aukci\u00f3sh\u00e1z, amely a helysz\u00ednt, \u00a0minden technikai \u00e9s k\u00e9nyelmi funkci\u00f3t biztos\u00edtott a D\u00edj\u00e1tad\u00f3 G\u00e1la-\u00fcnneps\u00e9ge idej\u00e9n! Bod\u00f3 J\u00e1nos \u00dcgyvezet\u0151 Igazgat\u00f3 \u00dar t\u00e1mogat\u00e1s\u00e1t ez\u00fattal is nagyon k\u00f6sz\u00f6nj\u00fck!<\/p>\t\t\t\t\t\t\t\t<\/div>\n\t\t\t\t<\/div>\n\t\t\t\t<div class=\"elementor-element elementor-element-f95d40e elementor-widget elementor-widget-image\" data-id=\"f95d40e\" data-element_type=\"widget\" data-widget_type=\"image.default\">\n\t\t\t\t<div class=\"elementor-widget-container\">\n\t\t\t\t\t\t\t\t\t\t\t\t\t\t\t<img decoding=\"async\" width=\"294\" height=\"162\" src=\"https:\/\/nemzetfiatalmuveszeiert.com\/wp-content\/uploads\/2025\/01\/Kep2.png\" class=\"attachment-large size-large wp-image-1508\" alt=\"\" \/>\t\t\t\t\t\t\t\t\t\t\t\t\t\t\t<\/div>\n\t\t\t\t<\/div>\n\t\t\t\t\t<\/div>\n\t\t<\/div>\n\t\t\t\t\t<\/div>\n\t\t<\/section>\n\t\t\t\t<\/div>\n\t\t","protected":false},"excerpt":{"rendered":"<p>A Nemzet Fiatal M\u0171v\u00e9szei\u00e9rt Alap\u00edtv\u00e1ny F\u0151 T\u00e1mogat\u00f3i A CarolynArt Kft korunk egyik legfiatalabb alkot\u00f3 m\u0171v\u00e9sz\u00e9nek \u2013 S\u00e1volt Karolin\u00e1nak \u2013 k\u00fcl\u00f6nleges \u00e9s harm\u00f3nikus sz\u00e9ps\u00e9g\u0171 Festm\u00e9nyeit mutatja be, illetve annak inspir\u00e1ci\u00f3j\u00e1ra k\u00e9sz\u00fclt m\u00e1rkaterm\u00e9keit. S\u00e1volt Karolina, a 25 f\u0151 d\u00edjazott fiatal \u00e9sz\u00e9re, \u00f6sszesen t\u00f6bb mint 1.000.000.-Ft. \u00e9rt\u00e9kben aj\u00e1nlott fel a k\u00fcl\u00f6nleges sz\u00e9ps\u00e9g\u0171 \u00e9s kiv\u00e1l\u00f3 min\u0151s\u00e9g\u0171 M\u00e1rka term\u00e9keib\u0151l, amelyet [&hellip;]<\/p>\n","protected":false},"author":1,"featured_media":0,"parent":0,"menu_order":0,"comment_status":"closed","ping_status":"closed","template":"elementor_header_footer","meta":{"footnotes":""},"class_list":["post-1518","page","type-page","status-publish","hentry"],"yoast_head":"<!-- This site is optimized with the Yoast SEO plugin v24.2 - https:\/\/yoast.com\/wordpress\/plugins\/seo\/ -->\n<title>T\u00e1mogat\u00f3k -<\/title>\n<meta name=\"robots\" content=\"index, follow, max-snippet:-1, max-image-preview:large, max-video-preview:-1\" \/>\n<link rel=\"canonical\" href=\"https:\/\/nemzetfiatalmuveszeiert.com\/?page_id=1518\" \/>\n<meta property=\"og:locale\" content=\"hu_HU\" \/>\n<meta property=\"og:type\" content=\"article\" \/>\n<meta property=\"og:title\" content=\"T\u00e1mogat\u00f3k -\" \/>\n<meta property=\"og:description\" content=\"A Nemzet Fiatal M\u0171v\u00e9szei\u00e9rt Alap\u00edtv\u00e1ny F\u0151 T\u00e1mogat\u00f3i A CarolynArt Kft korunk egyik legfiatalabb alkot\u00f3 m\u0171v\u00e9sz\u00e9nek \u2013 S\u00e1volt Karolin\u00e1nak \u2013 k\u00fcl\u00f6nleges \u00e9s harm\u00f3nikus sz\u00e9ps\u00e9g\u0171 Festm\u00e9nyeit mutatja be, illetve annak inspir\u00e1ci\u00f3j\u00e1ra k\u00e9sz\u00fclt m\u00e1rkaterm\u00e9keit. S\u00e1volt Karolina, a 25 f\u0151 d\u00edjazott fiatal \u00e9sz\u00e9re, \u00f6sszesen t\u00f6bb mint 1.000.000.-Ft. \u00e9rt\u00e9kben aj\u00e1nlott fel a k\u00fcl\u00f6nleges sz\u00e9ps\u00e9g\u0171 \u00e9s kiv\u00e1l\u00f3 min\u0151s\u00e9g\u0171 M\u00e1rka term\u00e9keib\u0151l, amelyet [&hellip;]\" \/>\n<meta property=\"og:url\" content=\"https:\/\/nemzetfiatalmuveszeiert.com\/?page_id=1518\" \/>\n<meta property=\"article:modified_time\" content=\"2025-01-15T12:10:55+00:00\" \/>\n<meta property=\"og:image\" content=\"https:\/\/nemzetfiatalmuveszeiert.com\/wp-content\/uploads\/2025\/01\/Kepernyofoto-2025-01-15-11.27.22.png\" \/>\n\t<meta property=\"og:image:width\" content=\"870\" \/>\n\t<meta property=\"og:image:height\" content=\"530\" \/>\n\t<meta property=\"og:image:type\" content=\"image\/png\" \/>\n<meta name=\"twitter:card\" content=\"summary_large_image\" \/>\n<meta name=\"twitter:label1\" content=\"Becs\u00fclt olvas\u00e1si id\u0151\" \/>\n\t<meta name=\"twitter:data1\" content=\"4 perc\" \/>\n<script type=\"application\/ld+json\" class=\"yoast-schema-graph\">{\"@context\":\"https:\/\/schema.org\",\"@graph\":[{\"@type\":\"WebPage\",\"@id\":\"https:\/\/nemzetfiatalmuveszeiert.com\/?page_id=1518\",\"url\":\"https:\/\/nemzetfiatalmuveszeiert.com\/?page_id=1518\",\"name\":\"T\u00e1mogat\u00f3k -\",\"isPartOf\":{\"@id\":\"https:\/\/nemzetfiatalmuveszeiert.com\/#website\"},\"primaryImageOfPage\":{\"@id\":\"https:\/\/nemzetfiatalmuveszeiert.com\/?page_id=1518#primaryimage\"},\"image\":{\"@id\":\"https:\/\/nemzetfiatalmuveszeiert.com\/?page_id=1518#primaryimage\"},\"thumbnailUrl\":\"http:\/\/nemzetfiatalmuveszeiert.com\/wp-content\/uploads\/2025\/01\/Kepernyofoto-2025-01-15-11.27.22.png\",\"datePublished\":\"2025-01-09T15:04:17+00:00\",\"dateModified\":\"2025-01-15T12:10:55+00:00\",\"breadcrumb\":{\"@id\":\"https:\/\/nemzetfiatalmuveszeiert.com\/?page_id=1518#breadcrumb\"},\"inLanguage\":\"hu\",\"potentialAction\":[{\"@type\":\"ReadAction\",\"target\":[\"https:\/\/nemzetfiatalmuveszeiert.com\/?page_id=1518\"]}]},{\"@type\":\"ImageObject\",\"inLanguage\":\"hu\",\"@id\":\"https:\/\/nemzetfiatalmuveszeiert.com\/?page_id=1518#primaryimage\",\"url\":\"https:\/\/nemzetfiatalmuveszeiert.com\/wp-content\/uploads\/2025\/01\/Kepernyofoto-2025-01-15-11.27.22.png\",\"contentUrl\":\"https:\/\/nemzetfiatalmuveszeiert.com\/wp-content\/uploads\/2025\/01\/Kepernyofoto-2025-01-15-11.27.22.png\",\"width\":870,\"height\":530},{\"@type\":\"BreadcrumbList\",\"@id\":\"https:\/\/nemzetfiatalmuveszeiert.com\/?page_id=1518#breadcrumb\",\"itemListElement\":[{\"@type\":\"ListItem\",\"position\":1,\"name\":\"Kezd\u0151lap\",\"item\":\"https:\/\/nemzetfiatalmuveszeiert.com\/\"},{\"@type\":\"ListItem\",\"position\":2,\"name\":\"T\u00e1mogat\u00f3k\"}]},{\"@type\":\"WebSite\",\"@id\":\"https:\/\/nemzetfiatalmuveszeiert.com\/#website\",\"url\":\"https:\/\/nemzetfiatalmuveszeiert.com\/\",\"name\":\"\",\"description\":\"\",\"potentialAction\":[{\"@type\":\"SearchAction\",\"target\":{\"@type\":\"EntryPoint\",\"urlTemplate\":\"https:\/\/nemzetfiatalmuveszeiert.com\/?s={search_term_string}\"},\"query-input\":{\"@type\":\"PropertyValueSpecification\",\"valueRequired\":true,\"valueName\":\"search_term_string\"}}],\"inLanguage\":\"hu\"}]}<\/script>\n<!-- \/ Yoast SEO plugin. -->","yoast_head_json":{"title":"T\u00e1mogat\u00f3k -","robots":{"index":"index","follow":"follow","max-snippet":"max-snippet:-1","max-image-preview":"max-image-preview:large","max-video-preview":"max-video-preview:-1"},"canonical":"https:\/\/nemzetfiatalmuveszeiert.com\/?page_id=1518","og_locale":"hu_HU","og_type":"article","og_title":"T\u00e1mogat\u00f3k -","og_description":"A Nemzet Fiatal M\u0171v\u00e9szei\u00e9rt Alap\u00edtv\u00e1ny F\u0151 T\u00e1mogat\u00f3i A CarolynArt Kft korunk egyik legfiatalabb alkot\u00f3 m\u0171v\u00e9sz\u00e9nek \u2013 S\u00e1volt Karolin\u00e1nak \u2013 k\u00fcl\u00f6nleges \u00e9s harm\u00f3nikus sz\u00e9ps\u00e9g\u0171 Festm\u00e9nyeit mutatja be, illetve annak inspir\u00e1ci\u00f3j\u00e1ra k\u00e9sz\u00fclt m\u00e1rkaterm\u00e9keit. S\u00e1volt Karolina, a 25 f\u0151 d\u00edjazott fiatal \u00e9sz\u00e9re, \u00f6sszesen t\u00f6bb mint 1.000.000.-Ft. \u00e9rt\u00e9kben aj\u00e1nlott fel a k\u00fcl\u00f6nleges sz\u00e9ps\u00e9g\u0171 \u00e9s kiv\u00e1l\u00f3 min\u0151s\u00e9g\u0171 M\u00e1rka term\u00e9keib\u0151l, amelyet [&hellip;]","og_url":"https:\/\/nemzetfiatalmuveszeiert.com\/?page_id=1518","article_modified_time":"2025-01-15T12:10:55+00:00","og_image":[{"width":870,"height":530,"url":"https:\/\/nemzetfiatalmuveszeiert.com\/wp-content\/uploads\/2025\/01\/Kepernyofoto-2025-01-15-11.27.22.png","type":"image\/png"}],"twitter_card":"summary_large_image","twitter_misc":{"Becs\u00fclt olvas\u00e1si id\u0151":"4 perc"},"schema":{"@context":"https:\/\/schema.org","@graph":[{"@type":"WebPage","@id":"https:\/\/nemzetfiatalmuveszeiert.com\/?page_id=1518","url":"https:\/\/nemzetfiatalmuveszeiert.com\/?page_id=1518","name":"T\u00e1mogat\u00f3k -","isPartOf":{"@id":"https:\/\/nemzetfiatalmuveszeiert.com\/#website"},"primaryImageOfPage":{"@id":"https:\/\/nemzetfiatalmuveszeiert.com\/?page_id=1518#primaryimage"},"image":{"@id":"https:\/\/nemzetfiatalmuveszeiert.com\/?page_id=1518#primaryimage"},"thumbnailUrl":"http:\/\/nemzetfiatalmuveszeiert.com\/wp-content\/uploads\/2025\/01\/Kepernyofoto-2025-01-15-11.27.22.png","datePublished":"2025-01-09T15:04:17+00:00","dateModified":"2025-01-15T12:10:55+00:00","breadcrumb":{"@id":"https:\/\/nemzetfiatalmuveszeiert.com\/?page_id=1518#breadcrumb"},"inLanguage":"hu","potentialAction":[{"@type":"ReadAction","target":["https:\/\/nemzetfiatalmuveszeiert.com\/?page_id=1518"]}]},{"@type":"ImageObject","inLanguage":"hu","@id":"https:\/\/nemzetfiatalmuveszeiert.com\/?page_id=1518#primaryimage","url":"https:\/\/nemzetfiatalmuveszeiert.com\/wp-content\/uploads\/2025\/01\/Kepernyofoto-2025-01-15-11.27.22.png","contentUrl":"https:\/\/nemzetfiatalmuveszeiert.com\/wp-content\/uploads\/2025\/01\/Kepernyofoto-2025-01-15-11.27.22.png","width":870,"height":530},{"@type":"BreadcrumbList","@id":"https:\/\/nemzetfiatalmuveszeiert.com\/?page_id=1518#breadcrumb","itemListElement":[{"@type":"ListItem","position":1,"name":"Kezd\u0151lap","item":"https:\/\/nemzetfiatalmuveszeiert.com\/"},{"@type":"ListItem","position":2,"name":"T\u00e1mogat\u00f3k"}]},{"@type":"WebSite","@id":"https:\/\/nemzetfiatalmuveszeiert.com\/#website","url":"https:\/\/nemzetfiatalmuveszeiert.com\/","name":"","description":"","potentialAction":[{"@type":"SearchAction","target":{"@type":"EntryPoint","urlTemplate":"https:\/\/nemzetfiatalmuveszeiert.com\/?s={search_term_string}"},"query-input":{"@type":"PropertyValueSpecification","valueRequired":true,"valueName":"search_term_string"}}],"inLanguage":"hu"}]}},"_links":{"self":[{"href":"https:\/\/nemzetfiatalmuveszeiert.com\/index.php?rest_route=\/wp\/v2\/pages\/1518","targetHints":{"allow":["GET"]}}],"collection":[{"href":"https:\/\/nemzetfiatalmuveszeiert.com\/index.php?rest_route=\/wp\/v2\/pages"}],"about":[{"href":"https:\/\/nemzetfiatalmuveszeiert.com\/index.php?rest_route=\/wp\/v2\/types\/page"}],"author":[{"embeddable":true,"href":"https:\/\/nemzetfiatalmuveszeiert.com\/index.php?rest_route=\/wp\/v2\/users\/1"}],"replies":[{"embeddable":true,"href":"https:\/\/nemzetfiatalmuveszeiert.com\/index.php?rest_route=%2Fwp%2Fv2%2Fcomments&post=1518"}],"version-history":[{"count":37,"href":"https:\/\/nemzetfiatalmuveszeiert.com\/index.php?rest_route=\/wp\/v2\/pages\/1518\/revisions"}],"predecessor-version":[{"id":1612,"href":"https:\/\/nemzetfiatalmuveszeiert.com\/index.php?rest_route=\/wp\/v2\/pages\/1518\/revisions\/1612"}],"wp:attachment":[{"href":"https:\/\/nemzetfiatalmuveszeiert.com\/index.php?rest_route=%2Fwp%2Fv2%2Fmedia&parent=1518"}],"curies":[{"name":"wp","href":"https:\/\/api.w.org\/{rel}","templated":true}]}}