{"id":2067,"date":"2026-02-11T13:27:36","date_gmt":"2026-02-11T13:27:36","guid":{"rendered":"https:\/\/nemzetfiatalmuveszeiert.com\/?page_id=2067"},"modified":"2026-02-12T13:48:19","modified_gmt":"2026-02-12T13:48:19","slug":"elso-fenyek-a-feltorekvo-fiatal-tehetsegek-lathatosagaert","status":"publish","type":"page","link":"https:\/\/nemzetfiatalmuveszeiert.com\/?page_id=2067","title":{"rendered":"Els\u0151 F\u00e9nyek &#8211; A Felt\u00f6rekv\u0151 Fiatal tehets\u00e9gek L\u00e1that\u00f3s\u00e1g\u00e1\u00e9rt"},"content":{"rendered":"\t\t<div data-elementor-type=\"wp-page\" data-elementor-id=\"2067\" class=\"elementor elementor-2067\" data-elementor-post-type=\"page\">\n\t\t\t\t\t\t<section class=\"elementor-section elementor-top-section elementor-element elementor-element-2a12c63 elementor-section-boxed elementor-section-height-default elementor-section-height-default\" data-id=\"2a12c63\" data-element_type=\"section\">\n\t\t\t\t\t\t<div class=\"elementor-container elementor-column-gap-default\">\n\t\t\t\t\t<div class=\"elementor-column elementor-col-100 elementor-top-column elementor-element elementor-element-75634c2\" data-id=\"75634c2\" data-element_type=\"column\">\n\t\t\t<div class=\"elementor-widget-wrap elementor-element-populated\">\n\t\t\t\t\t\t<div class=\"elementor-element elementor-element-2864ac0 elementor-widget elementor-widget-text-editor\" data-id=\"2864ac0\" data-element_type=\"widget\" data-widget_type=\"text-editor.default\">\n\t\t\t\t<div class=\"elementor-widget-container\">\n\t\t\t\t\t\t\t\t\t<h3>Els\u0151 F\u00e9nyek &#8211; A Felt\u00f6rekv\u0151 Fiatal tehets\u00e9gek L\u00e1that\u00f3s\u00e1g\u00e1\u00e9rt &#8211; Egyens\u00falyban c\u00edm\u0171 p\u00e1ly\u00e1zati ki\u00edr\u00e1s<\/h3>\t\t\t\t\t\t\t\t<\/div>\n\t\t\t\t<\/div>\n\t\t\t\t\t<\/div>\n\t\t<\/div>\n\t\t\t\t\t<\/div>\n\t\t<\/section>\n\t\t\t\t<section class=\"elementor-section elementor-top-section elementor-element elementor-element-e92bc79 elementor-section-boxed elementor-section-height-default elementor-section-height-default\" data-id=\"e92bc79\" data-element_type=\"section\">\n\t\t\t\t\t\t<div class=\"elementor-container elementor-column-gap-default\">\n\t\t\t\t\t<div class=\"elementor-column elementor-col-100 elementor-top-column elementor-element elementor-element-62f17ff\" data-id=\"62f17ff\" data-element_type=\"column\">\n\t\t\t<div class=\"elementor-widget-wrap elementor-element-populated\">\n\t\t\t\t\t\t<div class=\"elementor-element elementor-element-c95f7cf elementor-widget elementor-widget-spacer\" data-id=\"c95f7cf\" data-element_type=\"widget\" data-widget_type=\"spacer.default\">\n\t\t\t\t<div class=\"elementor-widget-container\">\n\t\t\t\t\t\t\t<div class=\"elementor-spacer\">\n\t\t\t<div class=\"elementor-spacer-inner\"><\/div>\n\t\t<\/div>\n\t\t\t\t\t\t<\/div>\n\t\t\t\t<\/div>\n\t\t\t\t\t<\/div>\n\t\t<\/div>\n\t\t\t\t\t<\/div>\n\t\t<\/section>\n\t\t\t\t<section class=\"elementor-section elementor-top-section elementor-element elementor-element-0becf78 elementor-section-boxed elementor-section-height-default elementor-section-height-default\" data-id=\"0becf78\" data-element_type=\"section\">\n\t\t\t\t\t\t<div class=\"elementor-container elementor-column-gap-default\">\n\t\t\t\t\t<div class=\"elementor-column elementor-col-50 elementor-top-column elementor-element elementor-element-29cba7a\" data-id=\"29cba7a\" data-element_type=\"column\" data-settings=\"{&quot;background_background&quot;:&quot;classic&quot;}\">\n\t\t\t<div class=\"elementor-widget-wrap elementor-element-populated\">\n\t\t\t\t\t\t<div class=\"elementor-element elementor-element-42394b6 elementor-widget elementor-widget-heading\" data-id=\"42394b6\" data-element_type=\"widget\" data-widget_type=\"heading.default\">\n\t\t\t\t<div class=\"elementor-widget-container\">\n\t\t\t\t\t<h5 class=\"elementor-heading-title elementor-size-default\"><a href=\"https:\/\/nemzetfiatalmuveszeiert.com\/wp-content\/uploads\/2026\/02\/Elso-Fenyek-A-Feltorekvo-Fiatal-Tehetsegek-Lathatosagaert-palyazati-kiiras-10-17-eves-korosztaly-reszere.docx\" target=\"_blank\">P\u00e1ly\u00e1zati k\u00f6zlem\u00e9ny<\/a><\/h5>\t\t\t\t<\/div>\n\t\t\t\t<\/div>\n\t\t\t\t\t<\/div>\n\t\t<\/div>\n\t\t\t\t<div class=\"elementor-column elementor-col-50 elementor-top-column elementor-element elementor-element-ebe49b6\" data-id=\"ebe49b6\" data-element_type=\"column\" data-settings=\"{&quot;background_background&quot;:&quot;classic&quot;}\">\n\t\t\t<div class=\"elementor-widget-wrap elementor-element-populated\">\n\t\t\t\t\t\t<div class=\"elementor-element elementor-element-b246ee0 elementor-widget elementor-widget-heading\" data-id=\"b246ee0\" data-element_type=\"widget\" data-widget_type=\"heading.default\">\n\t\t\t\t<div class=\"elementor-widget-container\">\n\t\t\t\t\t<h5 class=\"elementor-heading-title elementor-size-default\"><a href=\"https:\/\/nemzetfiatalmuveszeiert.com\/wp-content\/uploads\/2026\/02\/Elso-Fenyek-A-Feltorekvo-Fiatal-Tehetsegek-Lathatosagaert-Egyensulyban-cimu-palyazati-adatlap.docx\" target=\"_blank\">P\u00e1ly\u00e1zati adatlap<\/a><\/h5>\t\t\t\t<\/div>\n\t\t\t\t<\/div>\n\t\t\t\t\t<\/div>\n\t\t<\/div>\n\t\t\t\t\t<\/div>\n\t\t<\/section>\n\t\t\t\t<section class=\"elementor-section elementor-top-section elementor-element elementor-element-a1745c9 elementor-section-boxed elementor-section-height-default elementor-section-height-default\" data-id=\"a1745c9\" data-element_type=\"section\">\n\t\t\t\t\t\t<div class=\"elementor-container elementor-column-gap-default\">\n\t\t\t\t\t<div class=\"elementor-column elementor-col-100 elementor-top-column elementor-element elementor-element-6002142\" data-id=\"6002142\" data-element_type=\"column\">\n\t\t\t<div class=\"elementor-widget-wrap elementor-element-populated\">\n\t\t\t\t\t\t<div class=\"elementor-element elementor-element-74b448f elementor-widget elementor-widget-image\" data-id=\"74b448f\" data-element_type=\"widget\" data-widget_type=\"image.default\">\n\t\t\t\t<div class=\"elementor-widget-container\">\n\t\t\t\t\t\t\t\t\t\t\t\t\t\t\t<img fetchpriority=\"high\" decoding=\"async\" width=\"194\" height=\"259\" src=\"https:\/\/nemzetfiatalmuveszeiert.com\/wp-content\/uploads\/2026\/02\/image001.png\" class=\"attachment-2048x2048 size-2048x2048 wp-image-2084\" alt=\"\" \/>\t\t\t\t\t\t\t\t\t\t\t\t\t\t\t<\/div>\n\t\t\t\t<\/div>\n\t\t\t\t\t<\/div>\n\t\t<\/div>\n\t\t\t\t\t<\/div>\n\t\t<\/section>\n\t\t\t\t<\/div>\n\t\t","protected":false},"excerpt":{"rendered":"<p>Els\u0151 F\u00e9nyek &#8211; A Felt\u00f6rekv\u0151 Fiatal tehets\u00e9gek L\u00e1that\u00f3s\u00e1g\u00e1\u00e9rt &#8211; Egyens\u00falyban c\u00edm\u0171 p\u00e1ly\u00e1zati ki\u00edr\u00e1s P\u00e1ly\u00e1zati k\u00f6zlem\u00e9ny P\u00e1ly\u00e1zati adatlap<\/p>\n","protected":false},"author":1,"featured_media":0,"parent":0,"menu_order":0,"comment_status":"closed","ping_status":"closed","template":"elementor_header_footer","meta":{"footnotes":""},"class_list":["post-2067","page","type-page","status-publish","hentry"],"yoast_head":"<!-- This site is optimized with the Yoast SEO plugin v24.2 - https:\/\/yoast.com\/wordpress\/plugins\/seo\/ -->\n<title>Els\u0151 F\u00e9nyek - A Felt\u00f6rekv\u0151 Fiatal tehets\u00e9gek L\u00e1that\u00f3s\u00e1g\u00e1\u00e9rt -<\/title>\n<meta name=\"description\" content=\"\u201eF\u00f6ldi csod\u00e1k! - a v\u00edz \u00fczenet\u00e9nek t\u00fckr\u00e9ben\u201d\" \/>\n<meta name=\"robots\" content=\"index, follow, max-snippet:-1, max-image-preview:large, max-video-preview:-1\" \/>\n<link rel=\"canonical\" href=\"https:\/\/nemzetfiatalmuveszeiert.com\/?page_id=2067\" \/>\n<meta property=\"og:locale\" content=\"hu_HU\" \/>\n<meta property=\"og:type\" content=\"article\" \/>\n<meta property=\"og:title\" content=\"Els\u0151 F\u00e9nyek - A Felt\u00f6rekv\u0151 Fiatal tehets\u00e9gek L\u00e1that\u00f3s\u00e1g\u00e1\u00e9rt -\" \/>\n<meta property=\"og:description\" content=\"\u201eF\u00f6ldi csod\u00e1k! - a v\u00edz \u00fczenet\u00e9nek t\u00fckr\u00e9ben\u201d\" \/>\n<meta property=\"og:url\" content=\"https:\/\/nemzetfiatalmuveszeiert.com\/?page_id=2067\" \/>\n<meta property=\"article:modified_time\" content=\"2026-02-12T13:48:19+00:00\" \/>\n<meta property=\"og:image\" content=\"https:\/\/nemzetfiatalmuveszeiert.com\/wp-content\/uploads\/2026\/02\/image001.png\" \/>\n\t<meta property=\"og:image:width\" content=\"194\" \/>\n\t<meta property=\"og:image:height\" content=\"259\" \/>\n\t<meta property=\"og:image:type\" content=\"image\/png\" \/>\n<meta name=\"twitter:card\" content=\"summary_large_image\" \/>\n<meta name=\"twitter:label1\" content=\"Becs\u00fclt olvas\u00e1si id\u0151\" \/>\n\t<meta name=\"twitter:data1\" content=\"1 perc\" \/>\n<script type=\"application\/ld+json\" class=\"yoast-schema-graph\">{\"@context\":\"https:\/\/schema.org\",\"@graph\":[{\"@type\":\"WebPage\",\"@id\":\"https:\/\/nemzetfiatalmuveszeiert.com\/?page_id=2067\",\"url\":\"https:\/\/nemzetfiatalmuveszeiert.com\/?page_id=2067\",\"name\":\"Els\u0151 F\u00e9nyek - A Felt\u00f6rekv\u0151 Fiatal tehets\u00e9gek L\u00e1that\u00f3s\u00e1g\u00e1\u00e9rt -\",\"isPartOf\":{\"@id\":\"https:\/\/nemzetfiatalmuveszeiert.com\/#website\"},\"primaryImageOfPage\":{\"@id\":\"https:\/\/nemzetfiatalmuveszeiert.com\/?page_id=2067#primaryimage\"},\"image\":{\"@id\":\"https:\/\/nemzetfiatalmuveszeiert.com\/?page_id=2067#primaryimage\"},\"thumbnailUrl\":\"http:\/\/nemzetfiatalmuveszeiert.com\/wp-content\/uploads\/2026\/02\/image001.png\",\"datePublished\":\"2026-02-11T13:27:36+00:00\",\"dateModified\":\"2026-02-12T13:48:19+00:00\",\"description\":\"\u201eF\u00f6ldi csod\u00e1k! - a v\u00edz \u00fczenet\u00e9nek t\u00fckr\u00e9ben\u201d\",\"breadcrumb\":{\"@id\":\"https:\/\/nemzetfiatalmuveszeiert.com\/?page_id=2067#breadcrumb\"},\"inLanguage\":\"hu\",\"potentialAction\":[{\"@type\":\"ReadAction\",\"target\":[\"https:\/\/nemzetfiatalmuveszeiert.com\/?page_id=2067\"]}]},{\"@type\":\"ImageObject\",\"inLanguage\":\"hu\",\"@id\":\"https:\/\/nemzetfiatalmuveszeiert.com\/?page_id=2067#primaryimage\",\"url\":\"https:\/\/nemzetfiatalmuveszeiert.com\/wp-content\/uploads\/2026\/02\/image001.png\",\"contentUrl\":\"https:\/\/nemzetfiatalmuveszeiert.com\/wp-content\/uploads\/2026\/02\/image001.png\",\"width\":194,\"height\":259},{\"@type\":\"BreadcrumbList\",\"@id\":\"https:\/\/nemzetfiatalmuveszeiert.com\/?page_id=2067#breadcrumb\",\"itemListElement\":[{\"@type\":\"ListItem\",\"position\":1,\"name\":\"Kezd\u0151lap\",\"item\":\"https:\/\/nemzetfiatalmuveszeiert.com\/\"},{\"@type\":\"ListItem\",\"position\":2,\"name\":\"Els\u0151 F\u00e9nyek &#8211; A Felt\u00f6rekv\u0151 Fiatal tehets\u00e9gek L\u00e1that\u00f3s\u00e1g\u00e1\u00e9rt\"}]},{\"@type\":\"WebSite\",\"@id\":\"https:\/\/nemzetfiatalmuveszeiert.com\/#website\",\"url\":\"https:\/\/nemzetfiatalmuveszeiert.com\/\",\"name\":\"\",\"description\":\"\",\"potentialAction\":[{\"@type\":\"SearchAction\",\"target\":{\"@type\":\"EntryPoint\",\"urlTemplate\":\"https:\/\/nemzetfiatalmuveszeiert.com\/?s={search_term_string}\"},\"query-input\":{\"@type\":\"PropertyValueSpecification\",\"valueRequired\":true,\"valueName\":\"search_term_string\"}}],\"inLanguage\":\"hu\"}]}<\/script>\n<!-- \/ Yoast SEO plugin. -->","yoast_head_json":{"title":"Els\u0151 F\u00e9nyek - A Felt\u00f6rekv\u0151 Fiatal tehets\u00e9gek L\u00e1that\u00f3s\u00e1g\u00e1\u00e9rt -","description":"\u201eF\u00f6ldi csod\u00e1k! - a v\u00edz \u00fczenet\u00e9nek t\u00fckr\u00e9ben\u201d","robots":{"index":"index","follow":"follow","max-snippet":"max-snippet:-1","max-image-preview":"max-image-preview:large","max-video-preview":"max-video-preview:-1"},"canonical":"https:\/\/nemzetfiatalmuveszeiert.com\/?page_id=2067","og_locale":"hu_HU","og_type":"article","og_title":"Els\u0151 F\u00e9nyek - A Felt\u00f6rekv\u0151 Fiatal tehets\u00e9gek L\u00e1that\u00f3s\u00e1g\u00e1\u00e9rt -","og_description":"\u201eF\u00f6ldi csod\u00e1k! - a v\u00edz \u00fczenet\u00e9nek t\u00fckr\u00e9ben\u201d","og_url":"https:\/\/nemzetfiatalmuveszeiert.com\/?page_id=2067","article_modified_time":"2026-02-12T13:48:19+00:00","og_image":[{"width":194,"height":259,"url":"https:\/\/nemzetfiatalmuveszeiert.com\/wp-content\/uploads\/2026\/02\/image001.png","type":"image\/png"}],"twitter_card":"summary_large_image","twitter_misc":{"Becs\u00fclt olvas\u00e1si id\u0151":"1 perc"},"schema":{"@context":"https:\/\/schema.org","@graph":[{"@type":"WebPage","@id":"https:\/\/nemzetfiatalmuveszeiert.com\/?page_id=2067","url":"https:\/\/nemzetfiatalmuveszeiert.com\/?page_id=2067","name":"Els\u0151 F\u00e9nyek - A Felt\u00f6rekv\u0151 Fiatal tehets\u00e9gek L\u00e1that\u00f3s\u00e1g\u00e1\u00e9rt -","isPartOf":{"@id":"https:\/\/nemzetfiatalmuveszeiert.com\/#website"},"primaryImageOfPage":{"@id":"https:\/\/nemzetfiatalmuveszeiert.com\/?page_id=2067#primaryimage"},"image":{"@id":"https:\/\/nemzetfiatalmuveszeiert.com\/?page_id=2067#primaryimage"},"thumbnailUrl":"http:\/\/nemzetfiatalmuveszeiert.com\/wp-content\/uploads\/2026\/02\/image001.png","datePublished":"2026-02-11T13:27:36+00:00","dateModified":"2026-02-12T13:48:19+00:00","description":"\u201eF\u00f6ldi csod\u00e1k! - a v\u00edz \u00fczenet\u00e9nek t\u00fckr\u00e9ben\u201d","breadcrumb":{"@id":"https:\/\/nemzetfiatalmuveszeiert.com\/?page_id=2067#breadcrumb"},"inLanguage":"hu","potentialAction":[{"@type":"ReadAction","target":["https:\/\/nemzetfiatalmuveszeiert.com\/?page_id=2067"]}]},{"@type":"ImageObject","inLanguage":"hu","@id":"https:\/\/nemzetfiatalmuveszeiert.com\/?page_id=2067#primaryimage","url":"https:\/\/nemzetfiatalmuveszeiert.com\/wp-content\/uploads\/2026\/02\/image001.png","contentUrl":"https:\/\/nemzetfiatalmuveszeiert.com\/wp-content\/uploads\/2026\/02\/image001.png","width":194,"height":259},{"@type":"BreadcrumbList","@id":"https:\/\/nemzetfiatalmuveszeiert.com\/?page_id=2067#breadcrumb","itemListElement":[{"@type":"ListItem","position":1,"name":"Kezd\u0151lap","item":"https:\/\/nemzetfiatalmuveszeiert.com\/"},{"@type":"ListItem","position":2,"name":"Els\u0151 F\u00e9nyek &#8211; A Felt\u00f6rekv\u0151 Fiatal tehets\u00e9gek L\u00e1that\u00f3s\u00e1g\u00e1\u00e9rt"}]},{"@type":"WebSite","@id":"https:\/\/nemzetfiatalmuveszeiert.com\/#website","url":"https:\/\/nemzetfiatalmuveszeiert.com\/","name":"","description":"","potentialAction":[{"@type":"SearchAction","target":{"@type":"EntryPoint","urlTemplate":"https:\/\/nemzetfiatalmuveszeiert.com\/?s={search_term_string}"},"query-input":{"@type":"PropertyValueSpecification","valueRequired":true,"valueName":"search_term_string"}}],"inLanguage":"hu"}]}},"_links":{"self":[{"href":"https:\/\/nemzetfiatalmuveszeiert.com\/index.php?rest_route=\/wp\/v2\/pages\/2067","targetHints":{"allow":["GET"]}}],"collection":[{"href":"https:\/\/nemzetfiatalmuveszeiert.com\/index.php?rest_route=\/wp\/v2\/pages"}],"about":[{"href":"https:\/\/nemzetfiatalmuveszeiert.com\/index.php?rest_route=\/wp\/v2\/types\/page"}],"author":[{"embeddable":true,"href":"https:\/\/nemzetfiatalmuveszeiert.com\/index.php?rest_route=\/wp\/v2\/users\/1"}],"replies":[{"embeddable":true,"href":"https:\/\/nemzetfiatalmuveszeiert.com\/index.php?rest_route=%2Fwp%2Fv2%2Fcomments&post=2067"}],"version-history":[{"count":16,"href":"https:\/\/nemzetfiatalmuveszeiert.com\/index.php?rest_route=\/wp\/v2\/pages\/2067\/revisions"}],"predecessor-version":[{"id":2091,"href":"https:\/\/nemzetfiatalmuveszeiert.com\/index.php?rest_route=\/wp\/v2\/pages\/2067\/revisions\/2091"}],"wp:attachment":[{"href":"https:\/\/nemzetfiatalmuveszeiert.com\/index.php?rest_route=%2Fwp%2Fv2%2Fmedia&parent=2067"}],"curies":[{"name":"wp","href":"https:\/\/api.w.org\/{rel}","templated":true}]}}