{"id":250,"date":"2024-05-27T18:30:24","date_gmt":"2024-05-27T18:30:24","guid":{"rendered":"https:\/\/nemzetfiatalmuveszeiert.com\/?page_id=250"},"modified":"2024-09-26T05:13:05","modified_gmt":"2024-09-26T05:13:05","slug":"fenntarthatosag","status":"publish","type":"page","link":"https:\/\/nemzetfiatalmuveszeiert.com\/?page_id=250","title":{"rendered":"Fenntarthat\u00f3s\u00e1g"},"content":{"rendered":"\t\t<div data-elementor-type=\"wp-page\" data-elementor-id=\"250\" class=\"elementor elementor-250\" data-elementor-post-type=\"page\">\n\t\t\t\t\t\t<section class=\"elementor-section elementor-top-section elementor-element elementor-element-96d5027 elementor-section-boxed elementor-section-height-default elementor-section-height-default\" data-id=\"96d5027\" data-element_type=\"section\">\n\t\t\t\t\t\t<div class=\"elementor-container elementor-column-gap-default\">\n\t\t\t\t\t<div class=\"elementor-column elementor-col-100 elementor-top-column elementor-element elementor-element-86f2e01\" data-id=\"86f2e01\" data-element_type=\"column\">\n\t\t\t<div class=\"elementor-widget-wrap elementor-element-populated\">\n\t\t\t\t\t\t<div class=\"elementor-element elementor-element-3a5dc2d elementor-widget elementor-widget-text-editor\" data-id=\"3a5dc2d\" data-element_type=\"widget\" data-widget_type=\"text-editor.default\">\n\t\t\t\t<div class=\"elementor-widget-container\">\n\t\t\t\t\t\t\t\t\t<h5>A p\u00e1ly\u00e1zatok lead\u00e1s\u00e1nak hat\u00e1ridej\u00e9t meghosszabb\u00edtottuk, \u00edgy 2024.09.30. \u00e9jf\u00e9lig lehets\u00e9ges a p\u00e1ly\u00e1zatokat bek\u00fcldeni!<\/h5>\t\t\t\t\t\t\t\t<\/div>\n\t\t\t\t<\/div>\n\t\t\t\t<div class=\"elementor-element elementor-element-ec0cc36 elementor-widget elementor-widget-text-editor\" data-id=\"ec0cc36\" data-element_type=\"widget\" data-widget_type=\"text-editor.default\">\n\t\t\t\t<div class=\"elementor-widget-container\">\n\t\t\t\t\t\t\t\t\t<p>(16-22 \u00e9ves koroszt\u00e1ly sz\u00e1m\u00e1ra)<\/p>\t\t\t\t\t\t\t\t<\/div>\n\t\t\t\t<\/div>\n\t\t\t\t<div class=\"elementor-element elementor-element-3bc0075 elementor-widget elementor-widget-text-editor\" data-id=\"3bc0075\" data-element_type=\"widget\" data-widget_type=\"text-editor.default\">\n\t\t\t\t<div class=\"elementor-widget-container\">\n\t\t\t\t\t\t\t\t\t<p><b><i>\u201e<\/i>Univerzum csod\u00e1i <i>a fenntarthat\u00f3s\u00e1g t\u00fckr\u00e9ben\u201d &#8211; c\u00edmmel, <\/i><\/b><b><i>\u00d6szt\u00f6nd\u00edjas felh\u00edv\u00e1s az <\/i><\/b><b><i>(NFMA-\u00d6-2024) Fenntarthat\u00f3s\u00e1g<\/i><\/b><b><i>\u00a0<\/i><\/b><b><i>t\u00e9mak\u00f6r\u00e9t bemutat\u00f3 m\u0171v\u00e9szeti alkot\u00e1sok beny\u00fajt\u00e1s\u00e1ra!\u00a0<\/i><\/b><\/p><p><strong>Let\u00f6lthet\u0151 dokumentumok &#8211; NMFA 2024 P\u00e1ly\u00e1zat mell\u00e9kletei:<\/strong><\/p>\t\t\t\t\t\t\t\t<\/div>\n\t\t\t\t<\/div>\n\t\t\t\t\t<\/div>\n\t\t<\/div>\n\t\t\t\t\t<\/div>\n\t\t<\/section>\n\t\t\t\t<section class=\"elementor-section elementor-top-section elementor-element elementor-element-8ddcd77 elementor-section-boxed elementor-section-height-default elementor-section-height-default\" data-id=\"8ddcd77\" data-element_type=\"section\">\n\t\t\t\t\t\t<div class=\"elementor-container elementor-column-gap-extended\">\n\t\t\t\t\t<div class=\"elementor-column elementor-col-33 elementor-top-column elementor-element elementor-element-8a5b18e\" data-id=\"8a5b18e\" data-element_type=\"column\" data-settings=\"{&quot;background_background&quot;:&quot;classic&quot;}\">\n\t\t\t<div class=\"elementor-widget-wrap elementor-element-populated\">\n\t\t\t\t\t\t<div class=\"elementor-element elementor-element-c3a3b9c elementor-widget elementor-widget-heading\" data-id=\"c3a3b9c\" data-element_type=\"widget\" data-widget_type=\"heading.default\">\n\t\t\t\t<div class=\"elementor-widget-container\">\n\t\t\t\t\t<h5 class=\"elementor-heading-title elementor-size-default\"><a href=\"https:\/\/nemzetfiatalmuveszeiert.com\/wp-content\/uploads\/2024\/09\/Palyazat-NFMA-O-2024-Fenntarthatosag.-xCx-docx.docx\" target=\"_blank\">P\u00e1ly\u00e1zat NFMA-\u00d6-2024 Fenntarthat\u00f3s\u00e1g<\/a><\/h5>\t\t\t\t<\/div>\n\t\t\t\t<\/div>\n\t\t\t\t\t<\/div>\n\t\t<\/div>\n\t\t\t\t<div class=\"elementor-column elementor-col-33 elementor-top-column elementor-element elementor-element-ae9db04\" data-id=\"ae9db04\" data-element_type=\"column\" data-settings=\"{&quot;background_background&quot;:&quot;classic&quot;}\">\n\t\t\t<div class=\"elementor-widget-wrap elementor-element-populated\">\n\t\t\t\t\t\t<div class=\"elementor-element elementor-element-46ff366 elementor-widget elementor-widget-heading\" data-id=\"46ff366\" data-element_type=\"widget\" data-widget_type=\"heading.default\">\n\t\t\t\t<div class=\"elementor-widget-container\">\n\t\t\t\t\t<h5 class=\"elementor-heading-title elementor-size-default\"><a href=\"https:\/\/nemzetfiatalmuveszeiert.com\/wp-content\/uploads\/2024\/06\/NFMA-2024-Palyazat-melleklete-Palyazati-adatlap.docx\" target=\"_blank\">P\u00e1ly\u00e1zati adatlap<\/a><\/h5>\t\t\t\t<\/div>\n\t\t\t\t<\/div>\n\t\t\t\t\t<\/div>\n\t\t<\/div>\n\t\t\t\t<div class=\"elementor-column elementor-col-33 elementor-top-column elementor-element elementor-element-d5662d7\" data-id=\"d5662d7\" data-element_type=\"column\" data-settings=\"{&quot;background_background&quot;:&quot;classic&quot;}\">\n\t\t\t<div class=\"elementor-widget-wrap elementor-element-populated\">\n\t\t\t\t\t\t<div class=\"elementor-element elementor-element-742f273 elementor-widget elementor-widget-heading\" data-id=\"742f273\" data-element_type=\"widget\" data-widget_type=\"heading.default\">\n\t\t\t\t<div class=\"elementor-widget-container\">\n\t\t\t\t\t<h5 class=\"elementor-heading-title elementor-size-default\"><a href=\"https:\/\/nemzetfiatalmuveszeiert.com\/wp-content\/uploads\/2024\/06\/NFMA-2024-Palyazat-Mellekelte-Nyilatkozat-sajat-szellemi-alkotasrol-doc.docx\" target=\"_blank\">Nyilatkozat saj\u00e1t szellemi alkot\u00e1sr\u00f3l<\/a><\/h5>\t\t\t\t<\/div>\n\t\t\t\t<\/div>\n\t\t\t\t\t<\/div>\n\t\t<\/div>\n\t\t\t\t\t<\/div>\n\t\t<\/section>\n\t\t\t\t<section class=\"elementor-section elementor-top-section elementor-element elementor-element-55911c1 elementor-section-boxed elementor-section-height-default elementor-section-height-default\" data-id=\"55911c1\" data-element_type=\"section\">\n\t\t\t\t\t\t<div class=\"elementor-container elementor-column-gap-default\">\n\t\t\t\t\t<div class=\"elementor-column elementor-col-100 elementor-top-column elementor-element elementor-element-04428b8\" data-id=\"04428b8\" data-element_type=\"column\">\n\t\t\t<div class=\"elementor-widget-wrap elementor-element-populated\">\n\t\t\t\t\t\t<div class=\"elementor-element elementor-element-7b7aad3 elementor-widget elementor-widget-spacer\" data-id=\"7b7aad3\" data-element_type=\"widget\" data-widget_type=\"spacer.default\">\n\t\t\t\t<div class=\"elementor-widget-container\">\n\t\t\t\t\t\t\t<div class=\"elementor-spacer\">\n\t\t\t<div class=\"elementor-spacer-inner\"><\/div>\n\t\t<\/div>\n\t\t\t\t\t\t<\/div>\n\t\t\t\t<\/div>\n\t\t\t\t<div class=\"elementor-element elementor-element-e60cdba elementor-widget elementor-widget-heading\" data-id=\"e60cdba\" data-element_type=\"widget\" data-widget_type=\"heading.default\">\n\t\t\t\t<div class=\"elementor-widget-container\">\n\t\t\t\t\t<h4 class=\"elementor-heading-title elementor-size-default\"><a href=\"#kapcsolat\">Regisztr\u00e1ci\u00f3 \u00e9s p\u00e1lyamunka bek\u00fcld\u00e9se<\/a><\/h4>\t\t\t\t<\/div>\n\t\t\t\t<\/div>\n\t\t\t\t<div class=\"elementor-element elementor-element-c618f7c elementor-widget elementor-widget-text-editor\" data-id=\"c618f7c\" data-element_type=\"widget\" data-widget_type=\"text-editor.default\">\n\t\t\t\t<div class=\"elementor-widget-container\">\n\t\t\t\t\t\t\t\t\t<p style=\"font-weight: 400;\"><strong>K\u00e9rj\u00fck, hogy az al\u00e1bbi \u00a0regisztr\u00e1ci\u00f3t \u00a0a k\u00e9t kit\u00f6lt\u00f6tt dokumentum (P\u00e1ly\u00e1zati adatlap \u00e9s Nyilatkozat saj\u00e1t szellemi alkot\u00e1sr\u00f3l) valamint az elk\u00e9sz\u00fclt p\u00e1lyamunka felt\u00f6lt\u00e9s\u00e9vel <u>egyid\u0151ben <\/u>tegy\u00e9k meg! <\/strong><strong>A p\u00e1ly\u00e1zat beny\u00fajt\u00e1sa ebben a form\u00e1ban v\u00e1lik \u00a0v\u00e9glegess\u00e9!<\/strong><\/p><p style=\"font-weight: 400;\"><strong>K\u00f6sz\u00f6nj\u00fck sz\u00e9pen!<\/strong><\/p>\t\t\t\t\t\t\t\t<\/div>\n\t\t\t\t<\/div>\n\t\t\t\t<div class=\"elementor-element elementor-element-f58db1f elementor-button-align-stretch elementor-widget elementor-widget-form\" data-id=\"f58db1f\" data-element_type=\"widget\" data-settings=\"{&quot;step_next_label&quot;:&quot;K\\u00f6vetkez\\u0151&quot;,&quot;step_previous_label&quot;:&quot;El\\u0151z\\u0151&quot;,&quot;button_width&quot;:&quot;100&quot;,&quot;step_type&quot;:&quot;number_text&quot;,&quot;step_icon_shape&quot;:&quot;circle&quot;}\" data-widget_type=\"form.default\">\n\t\t\t\t<div class=\"elementor-widget-container\">\n\t\t\t\t\t\t\t<form class=\"elementor-form\" method=\"post\" name=\"Regisztr\u00e1ci\u00f3 \u00c1llatv\u00e9delem\">\n\t\t\t<input type=\"hidden\" name=\"post_id\" value=\"250\"\/>\n\t\t\t<input type=\"hidden\" name=\"form_id\" value=\"f58db1f\"\/>\n\t\t\t<input type=\"hidden\" name=\"referer_title\" value=\"\" \/>\n\n\t\t\t\n\t\t\t<div class=\"elementor-form-fields-wrapper elementor-labels-above\">\n\t\t\t\t\t\t\t\t<div class=\"elementor-field-type-text elementor-field-group elementor-column elementor-field-group-name elementor-col-100\">\n\t\t\t\t\t\t\t\t\t\t\t\t<label for=\"form-field-name\" class=\"elementor-field-label\">\n\t\t\t\t\t\t\t\tP\u00e1ly\u00e1z\u00f3 Neve\t\t\t\t\t\t\t<\/label>\n\t\t\t\t\t\t\t\t\t\t\t\t\t\t<input size=\"1\" type=\"text\" name=\"form_fields[name]\" id=\"form-field-name\" class=\"elementor-field elementor-size-sm  elementor-field-textual\" placeholder=\"P\u00e1ly\u00e1z\u00f3 Neve\">\n\t\t\t\t\t\t\t\t\t\t\t<\/div>\n\t\t\t\t\t\t\t\t<div class=\"elementor-field-type-text elementor-field-group elementor-column elementor-field-group-field_548c7c4 elementor-col-100\">\n\t\t\t\t\t\t\t\t\t\t\t\t<label for=\"form-field-field_548c7c4\" class=\"elementor-field-label\">\n\t\t\t\t\t\t\t\tP\u00e1ly\u00e1z\u00f3 lakc\u00edme\t\t\t\t\t\t\t<\/label>\n\t\t\t\t\t\t\t\t\t\t\t\t\t\t<input size=\"1\" type=\"text\" name=\"form_fields[field_548c7c4]\" id=\"form-field-field_548c7c4\" class=\"elementor-field elementor-size-sm  elementor-field-textual\" placeholder=\"P\u00e1ly\u00e1z\u00f3 lakc\u00edme\">\n\t\t\t\t\t\t\t\t\t\t\t<\/div>\n\t\t\t\t\t\t\t\t<div class=\"elementor-field-type-email elementor-field-group elementor-column elementor-field-group-email elementor-col-100 elementor-field-required\">\n\t\t\t\t\t\t\t\t\t\t\t\t<label for=\"form-field-email\" class=\"elementor-field-label\">\n\t\t\t\t\t\t\t\tP\u00e1ly\u00e1z\u00f3 email c\u00edme\t\t\t\t\t\t\t<\/label>\n\t\t\t\t\t\t\t\t\t\t\t\t\t\t<input size=\"1\" type=\"email\" name=\"form_fields[email]\" id=\"form-field-email\" class=\"elementor-field elementor-size-sm  elementor-field-textual\" placeholder=\"P\u00e1ly\u00e1z\u00f3 email c\u00edme\" required=\"required\" aria-required=\"true\">\n\t\t\t\t\t\t\t\t\t\t\t<\/div>\n\t\t\t\t\t\t\t\t<div class=\"elementor-field-type-text elementor-field-group elementor-column elementor-field-group-field_fe3527a elementor-col-100\">\n\t\t\t\t\t\t\t\t\t\t\t\t<label for=\"form-field-field_fe3527a\" class=\"elementor-field-label\">\n\t\t\t\t\t\t\t\tP\u00e1ly\u00e1z\u00f3 iskol\u00e1j\u00e1nak neve, c\u00edme, el\u00e9rhet\u0151s\u00e9ge, int\u00e9zm\u00e9nyvezet\u0151j\u00e9nek neve\t\t\t\t\t\t\t<\/label>\n\t\t\t\t\t\t\t\t\t\t\t\t\t\t<input size=\"1\" type=\"text\" name=\"form_fields[field_fe3527a]\" id=\"form-field-field_fe3527a\" class=\"elementor-field elementor-size-sm  elementor-field-textual\" placeholder=\"P\u00e1ly\u00e1z\u00f3 iskol\u00e1j\u00e1nak neve, c\u00edme, el\u00e9rhet\u0151s\u00e9ge, int\u00e9zm\u00e9nyvezet\u0151j\u00e9nek neve\">\n\t\t\t\t\t\t\t\t\t\t\t<\/div>\n\t\t\t\t\t\t\t\t<div class=\"elementor-field-type-select elementor-field-group elementor-column elementor-field-group-field_c2a4d41 elementor-col-100\">\n\t\t\t\t\t\t\t\t\t\t\t\t<label for=\"form-field-field_c2a4d41\" class=\"elementor-field-label\">\n\t\t\t\t\t\t\t\tP\u00e1ly\u00e1zat\t\t\t\t\t\t\t<\/label>\n\t\t\t\t\t\t\t\t<div class=\"elementor-field elementor-select-wrapper remove-before \">\n\t\t\t<div class=\"select-caret-down-wrapper\">\n\t\t\t\t<i aria-hidden=\"true\" class=\"eicon-caret-down\"><\/i>\t\t\t<\/div>\n\t\t\t<select name=\"form_fields[field_c2a4d41]\" id=\"form-field-field_c2a4d41\" class=\"elementor-field-textual elementor-size-sm\">\n\t\t\t\t\t\t\t\t\t<option value=\"P\u00e1ly\u00e1zat NFMA-\u00d6-2024 Fenntarthat\u00f3s\u00e1g\">P\u00e1ly\u00e1zat NFMA-\u00d6-2024 Fenntarthat\u00f3s\u00e1g<\/option>\n\t\t\t\t\t\t\t<\/select>\n\t\t<\/div>\n\t\t\t\t\t\t<\/div>\n\t\t\t\t\t\t\t\t<div class=\"elementor-field-type-upload elementor-field-group elementor-column elementor-field-group-field_187567c elementor-col-100 elementor-field-required\">\n\t\t\t\t\t\t\t\t\t\t\t\t<label for=\"form-field-field_187567c\" class=\"elementor-field-label\">\n\t\t\t\t\t\t\t\tDokumentumok (K\u00e9t kit\u00f6lt\u00f6tt dokumentum \u00e9s az elk\u00e9sz\u00fclt p\u00e1lyamunka)  Amennyiben a f\u00e1jl felt\u00f6lt\u00e9se akad\u00e1lyoztatva van , a dokumentumokat k\u00fcldje el az info@nemzetfiatalmuveszeiert.com-ra telefonsz\u00e1m: +36302218789\t\t\t\t\t\t\t<\/label>\n\t\t\t\t\t\t\t\t<input type=\"file\" name=\"form_fields[field_187567c][]\" id=\"form-field-field_187567c\" class=\"elementor-field elementor-size-sm  elementor-upload-field\" required=\"required\" aria-required=\"true\" multiple=\"multiple\" data-maxsize=\"50\" data-maxsize-message=\"This file exceeds the maximum allowed size.\">\n\n\t\t\t\t\t\t<\/div>\n\t\t\t\t\t\t\t\t<div class=\"elementor-field-group elementor-column elementor-field-type-submit elementor-col-100 e-form__buttons\">\n\t\t\t\t\t<button class=\"elementor-button elementor-size-sm\" type=\"submit\">\n\t\t\t\t\t\t<span class=\"elementor-button-content-wrapper\">\n\t\t\t\t\t\t\t\t\t\t\t\t\t\t\t\t\t\t\t\t\t\t<span class=\"elementor-button-text\">\u00dczenet k\u00fcld\u00e9se<\/span>\n\t\t\t\t\t\t\t\t\t\t\t\t\t<\/span>\n\t\t\t\t\t<\/button>\n\t\t\t\t<\/div>\n\t\t\t<\/div>\n\t\t<\/form>\n\t\t\t\t\t\t<\/div>\n\t\t\t\t<\/div>\n\t\t\t\t\t<\/div>\n\t\t<\/div>\n\t\t\t\t\t<\/div>\n\t\t<\/section>\n\t\t\t\t<\/div>\n\t\t","protected":false},"excerpt":{"rendered":"<p>A p\u00e1ly\u00e1zatok lead\u00e1s\u00e1nak hat\u00e1ridej\u00e9t meghosszabb\u00edtottuk, \u00edgy 2024.09.30. \u00e9jf\u00e9lig lehets\u00e9ges a p\u00e1ly\u00e1zatokat bek\u00fcldeni! (16-22 \u00e9ves koroszt\u00e1ly sz\u00e1m\u00e1ra) \u201eUniverzum csod\u00e1i a fenntarthat\u00f3s\u00e1g t\u00fckr\u00e9ben\u201d &#8211; c\u00edmmel, \u00d6szt\u00f6nd\u00edjas felh\u00edv\u00e1s az (NFMA-\u00d6-2024) Fenntarthat\u00f3s\u00e1g\u00a0t\u00e9mak\u00f6r\u00e9t bemutat\u00f3 m\u0171v\u00e9szeti alkot\u00e1sok beny\u00fajt\u00e1s\u00e1ra!\u00a0 Let\u00f6lthet\u0151 dokumentumok &#8211; NMFA 2024 P\u00e1ly\u00e1zat mell\u00e9kletei: P\u00e1ly\u00e1zat NFMA-\u00d6-2024 Fenntarthat\u00f3s\u00e1g P\u00e1ly\u00e1zati adatlap Nyilatkozat saj\u00e1t szellemi alkot\u00e1sr\u00f3l Regisztr\u00e1ci\u00f3 \u00e9s p\u00e1lyamunka bek\u00fcld\u00e9se K\u00e9rj\u00fck, hogy az [&hellip;]<\/p>\n","protected":false},"author":1,"featured_media":0,"parent":0,"menu_order":0,"comment_status":"closed","ping_status":"closed","template":"","meta":{"footnotes":""},"class_list":["post-250","page","type-page","status-publish","hentry"],"yoast_head":"<!-- This site is optimized with the Yoast SEO plugin v24.2 - https:\/\/yoast.com\/wordpress\/plugins\/seo\/ -->\n<title>Fenntarthat\u00f3s\u00e1g -<\/title>\n<meta name=\"robots\" content=\"index, follow, max-snippet:-1, max-image-preview:large, max-video-preview:-1\" \/>\n<link rel=\"canonical\" href=\"https:\/\/nemzetfiatalmuveszeiert.com\/?page_id=250\" \/>\n<meta property=\"og:locale\" content=\"hu_HU\" \/>\n<meta property=\"og:type\" content=\"article\" \/>\n<meta property=\"og:title\" content=\"Fenntarthat\u00f3s\u00e1g -\" \/>\n<meta property=\"og:description\" content=\"A p\u00e1ly\u00e1zatok lead\u00e1s\u00e1nak hat\u00e1ridej\u00e9t meghosszabb\u00edtottuk, \u00edgy 2024.09.30. \u00e9jf\u00e9lig lehets\u00e9ges a p\u00e1ly\u00e1zatokat bek\u00fcldeni! (16-22 \u00e9ves koroszt\u00e1ly sz\u00e1m\u00e1ra) \u201eUniverzum csod\u00e1i a fenntarthat\u00f3s\u00e1g t\u00fckr\u00e9ben\u201d &#8211; c\u00edmmel, \u00d6szt\u00f6nd\u00edjas felh\u00edv\u00e1s az (NFMA-\u00d6-2024) Fenntarthat\u00f3s\u00e1g\u00a0t\u00e9mak\u00f6r\u00e9t bemutat\u00f3 m\u0171v\u00e9szeti alkot\u00e1sok beny\u00fajt\u00e1s\u00e1ra!\u00a0 Let\u00f6lthet\u0151 dokumentumok &#8211; NMFA 2024 P\u00e1ly\u00e1zat mell\u00e9kletei: P\u00e1ly\u00e1zat NFMA-\u00d6-2024 Fenntarthat\u00f3s\u00e1g P\u00e1ly\u00e1zati adatlap Nyilatkozat saj\u00e1t szellemi alkot\u00e1sr\u00f3l Regisztr\u00e1ci\u00f3 \u00e9s p\u00e1lyamunka bek\u00fcld\u00e9se K\u00e9rj\u00fck, hogy az [&hellip;]\" \/>\n<meta property=\"og:url\" content=\"https:\/\/nemzetfiatalmuveszeiert.com\/?page_id=250\" \/>\n<meta property=\"article:modified_time\" content=\"2024-09-26T05:13:05+00:00\" \/>\n<meta name=\"twitter:card\" content=\"summary_large_image\" \/>\n<meta name=\"twitter:label1\" content=\"Becs\u00fclt olvas\u00e1si id\u0151\" \/>\n\t<meta name=\"twitter:data1\" content=\"1 perc\" \/>\n<script type=\"application\/ld+json\" class=\"yoast-schema-graph\">{\"@context\":\"https:\/\/schema.org\",\"@graph\":[{\"@type\":\"WebPage\",\"@id\":\"https:\/\/nemzetfiatalmuveszeiert.com\/?page_id=250\",\"url\":\"https:\/\/nemzetfiatalmuveszeiert.com\/?page_id=250\",\"name\":\"Fenntarthat\u00f3s\u00e1g -\",\"isPartOf\":{\"@id\":\"https:\/\/nemzetfiatalmuveszeiert.com\/#website\"},\"datePublished\":\"2024-05-27T18:30:24+00:00\",\"dateModified\":\"2024-09-26T05:13:05+00:00\",\"breadcrumb\":{\"@id\":\"https:\/\/nemzetfiatalmuveszeiert.com\/?page_id=250#breadcrumb\"},\"inLanguage\":\"hu\",\"potentialAction\":[{\"@type\":\"ReadAction\",\"target\":[\"https:\/\/nemzetfiatalmuveszeiert.com\/?page_id=250\"]}]},{\"@type\":\"BreadcrumbList\",\"@id\":\"https:\/\/nemzetfiatalmuveszeiert.com\/?page_id=250#breadcrumb\",\"itemListElement\":[{\"@type\":\"ListItem\",\"position\":1,\"name\":\"Kezd\u0151lap\",\"item\":\"https:\/\/nemzetfiatalmuveszeiert.com\/\"},{\"@type\":\"ListItem\",\"position\":2,\"name\":\"Fenntarthat\u00f3s\u00e1g\"}]},{\"@type\":\"WebSite\",\"@id\":\"https:\/\/nemzetfiatalmuveszeiert.com\/#website\",\"url\":\"https:\/\/nemzetfiatalmuveszeiert.com\/\",\"name\":\"\",\"description\":\"\",\"potentialAction\":[{\"@type\":\"SearchAction\",\"target\":{\"@type\":\"EntryPoint\",\"urlTemplate\":\"https:\/\/nemzetfiatalmuveszeiert.com\/?s={search_term_string}\"},\"query-input\":{\"@type\":\"PropertyValueSpecification\",\"valueRequired\":true,\"valueName\":\"search_term_string\"}}],\"inLanguage\":\"hu\"}]}<\/script>\n<!-- \/ Yoast SEO plugin. -->","yoast_head_json":{"title":"Fenntarthat\u00f3s\u00e1g -","robots":{"index":"index","follow":"follow","max-snippet":"max-snippet:-1","max-image-preview":"max-image-preview:large","max-video-preview":"max-video-preview:-1"},"canonical":"https:\/\/nemzetfiatalmuveszeiert.com\/?page_id=250","og_locale":"hu_HU","og_type":"article","og_title":"Fenntarthat\u00f3s\u00e1g -","og_description":"A p\u00e1ly\u00e1zatok lead\u00e1s\u00e1nak hat\u00e1ridej\u00e9t meghosszabb\u00edtottuk, \u00edgy 2024.09.30. \u00e9jf\u00e9lig lehets\u00e9ges a p\u00e1ly\u00e1zatokat bek\u00fcldeni! (16-22 \u00e9ves koroszt\u00e1ly sz\u00e1m\u00e1ra) \u201eUniverzum csod\u00e1i a fenntarthat\u00f3s\u00e1g t\u00fckr\u00e9ben\u201d &#8211; c\u00edmmel, \u00d6szt\u00f6nd\u00edjas felh\u00edv\u00e1s az (NFMA-\u00d6-2024) Fenntarthat\u00f3s\u00e1g\u00a0t\u00e9mak\u00f6r\u00e9t bemutat\u00f3 m\u0171v\u00e9szeti alkot\u00e1sok beny\u00fajt\u00e1s\u00e1ra!\u00a0 Let\u00f6lthet\u0151 dokumentumok &#8211; NMFA 2024 P\u00e1ly\u00e1zat mell\u00e9kletei: P\u00e1ly\u00e1zat NFMA-\u00d6-2024 Fenntarthat\u00f3s\u00e1g P\u00e1ly\u00e1zati adatlap Nyilatkozat saj\u00e1t szellemi alkot\u00e1sr\u00f3l Regisztr\u00e1ci\u00f3 \u00e9s p\u00e1lyamunka bek\u00fcld\u00e9se K\u00e9rj\u00fck, hogy az [&hellip;]","og_url":"https:\/\/nemzetfiatalmuveszeiert.com\/?page_id=250","article_modified_time":"2024-09-26T05:13:05+00:00","twitter_card":"summary_large_image","twitter_misc":{"Becs\u00fclt olvas\u00e1si id\u0151":"1 perc"},"schema":{"@context":"https:\/\/schema.org","@graph":[{"@type":"WebPage","@id":"https:\/\/nemzetfiatalmuveszeiert.com\/?page_id=250","url":"https:\/\/nemzetfiatalmuveszeiert.com\/?page_id=250","name":"Fenntarthat\u00f3s\u00e1g -","isPartOf":{"@id":"https:\/\/nemzetfiatalmuveszeiert.com\/#website"},"datePublished":"2024-05-27T18:30:24+00:00","dateModified":"2024-09-26T05:13:05+00:00","breadcrumb":{"@id":"https:\/\/nemzetfiatalmuveszeiert.com\/?page_id=250#breadcrumb"},"inLanguage":"hu","potentialAction":[{"@type":"ReadAction","target":["https:\/\/nemzetfiatalmuveszeiert.com\/?page_id=250"]}]},{"@type":"BreadcrumbList","@id":"https:\/\/nemzetfiatalmuveszeiert.com\/?page_id=250#breadcrumb","itemListElement":[{"@type":"ListItem","position":1,"name":"Kezd\u0151lap","item":"https:\/\/nemzetfiatalmuveszeiert.com\/"},{"@type":"ListItem","position":2,"name":"Fenntarthat\u00f3s\u00e1g"}]},{"@type":"WebSite","@id":"https:\/\/nemzetfiatalmuveszeiert.com\/#website","url":"https:\/\/nemzetfiatalmuveszeiert.com\/","name":"","description":"","potentialAction":[{"@type":"SearchAction","target":{"@type":"EntryPoint","urlTemplate":"https:\/\/nemzetfiatalmuveszeiert.com\/?s={search_term_string}"},"query-input":{"@type":"PropertyValueSpecification","valueRequired":true,"valueName":"search_term_string"}}],"inLanguage":"hu"}]}},"_links":{"self":[{"href":"https:\/\/nemzetfiatalmuveszeiert.com\/index.php?rest_route=\/wp\/v2\/pages\/250","targetHints":{"allow":["GET"]}}],"collection":[{"href":"https:\/\/nemzetfiatalmuveszeiert.com\/index.php?rest_route=\/wp\/v2\/pages"}],"about":[{"href":"https:\/\/nemzetfiatalmuveszeiert.com\/index.php?rest_route=\/wp\/v2\/types\/page"}],"author":[{"embeddable":true,"href":"https:\/\/nemzetfiatalmuveszeiert.com\/index.php?rest_route=\/wp\/v2\/users\/1"}],"replies":[{"embeddable":true,"href":"https:\/\/nemzetfiatalmuveszeiert.com\/index.php?rest_route=%2Fwp%2Fv2%2Fcomments&post=250"}],"version-history":[{"count":94,"href":"https:\/\/nemzetfiatalmuveszeiert.com\/index.php?rest_route=\/wp\/v2\/pages\/250\/revisions"}],"predecessor-version":[{"id":1092,"href":"https:\/\/nemzetfiatalmuveszeiert.com\/index.php?rest_route=\/wp\/v2\/pages\/250\/revisions\/1092"}],"wp:attachment":[{"href":"https:\/\/nemzetfiatalmuveszeiert.com\/index.php?rest_route=%2Fwp%2Fv2%2Fmedia&parent=250"}],"curies":[{"name":"wp","href":"https:\/\/api.w.org\/{rel}","templated":true}]}}