{"id":444,"date":"2024-05-31T09:06:21","date_gmt":"2024-05-31T09:06:21","guid":{"rendered":"https:\/\/nemzetfiatalmuveszeiert.com\/?page_id=444"},"modified":"2024-05-31T09:28:32","modified_gmt":"2024-05-31T09:28:32","slug":"rendezvenyek","status":"publish","type":"page","link":"https:\/\/nemzetfiatalmuveszeiert.com\/?page_id=444","title":{"rendered":"Rendezv\u00e9nyek"},"content":{"rendered":"\t\t<div data-elementor-type=\"wp-page\" data-elementor-id=\"444\" class=\"elementor elementor-444\" data-elementor-post-type=\"page\">\n\t\t\t\t\t\t<section class=\"elementor-section elementor-top-section elementor-element elementor-element-a6c7866 elementor-section-boxed elementor-section-height-default elementor-section-height-default\" data-id=\"a6c7866\" data-element_type=\"section\">\n\t\t\t\t\t\t<div class=\"elementor-container elementor-column-gap-default\">\n\t\t\t\t\t<div class=\"elementor-column elementor-col-100 elementor-top-column elementor-element elementor-element-3850523\" data-id=\"3850523\" data-element_type=\"column\">\n\t\t\t<div class=\"elementor-widget-wrap elementor-element-populated\">\n\t\t\t\t\t\t<div class=\"elementor-element elementor-element-9f76b46 elementor-widget elementor-widget-heading\" data-id=\"9f76b46\" data-element_type=\"widget\" data-widget_type=\"heading.default\">\n\t\t\t\t<div class=\"elementor-widget-container\">\n\t\t\t\t\t<h1 class=\"elementor-heading-title elementor-size-small\"><a href=\"#rendezvenyek\">Rendezv\u00e9nyek<\/a><\/h1>\t\t\t\t<\/div>\n\t\t\t\t<\/div>\n\t\t\t\t\t<\/div>\n\t\t<\/div>\n\t\t\t\t\t<\/div>\n\t\t<\/section>\n\t\t\t\t<section class=\"elementor-section elementor-top-section elementor-element elementor-element-eb4174f elementor-section-boxed elementor-section-height-default elementor-section-height-default\" data-id=\"eb4174f\" data-element_type=\"section\">\n\t\t\t\t\t\t<div class=\"elementor-container elementor-column-gap-default\">\n\t\t\t\t\t<div class=\"elementor-column elementor-col-100 elementor-top-column elementor-element elementor-element-0665d5a\" data-id=\"0665d5a\" data-element_type=\"column\">\n\t\t\t<div class=\"elementor-widget-wrap elementor-element-populated\">\n\t\t\t\t\t\t<div class=\"elementor-element elementor-element-8da872a elementor-widget elementor-widget-text-editor\" data-id=\"8da872a\" data-element_type=\"widget\" data-widget_type=\"text-editor.default\">\n\t\t\t\t<div class=\"elementor-widget-container\">\n\t\t\t\t\t\t\t\t\t<p>Jelenleg nincsenek rendezv\u00e9nyek<\/p>\t\t\t\t\t\t\t\t<\/div>\n\t\t\t\t<\/div>\n\t\t\t\t\t<\/div>\n\t\t<\/div>\n\t\t\t\t\t<\/div>\n\t\t<\/section>\n\t\t\t\t<\/div>\n\t\t","protected":false},"excerpt":{"rendered":"<p>Rendezv\u00e9nyek Jelenleg nincsenek rendezv\u00e9nyek<\/p>\n","protected":false},"author":1,"featured_media":0,"parent":0,"menu_order":0,"comment_status":"closed","ping_status":"closed","template":"elementor_header_footer","meta":{"footnotes":""},"class_list":["post-444","page","type-page","status-publish","hentry"],"yoast_head":"<!-- This site is optimized with the Yoast SEO plugin v24.2 - https:\/\/yoast.com\/wordpress\/plugins\/seo\/ -->\n<title>Rendezv\u00e9nyek -<\/title>\n<meta name=\"robots\" content=\"index, follow, max-snippet:-1, max-image-preview:large, max-video-preview:-1\" \/>\n<link rel=\"canonical\" href=\"https:\/\/nemzetfiatalmuveszeiert.com\/?page_id=444\" \/>\n<meta property=\"og:locale\" content=\"hu_HU\" \/>\n<meta property=\"og:type\" content=\"article\" \/>\n<meta property=\"og:title\" content=\"Rendezv\u00e9nyek -\" \/>\n<meta property=\"og:description\" content=\"Rendezv\u00e9nyek Jelenleg nincsenek rendezv\u00e9nyek\" \/>\n<meta property=\"og:url\" content=\"https:\/\/nemzetfiatalmuveszeiert.com\/?page_id=444\" \/>\n<meta property=\"article:modified_time\" content=\"2024-05-31T09:28:32+00:00\" \/>\n<meta name=\"twitter:card\" content=\"summary_large_image\" \/>\n<script type=\"application\/ld+json\" class=\"yoast-schema-graph\">{\"@context\":\"https:\/\/schema.org\",\"@graph\":[{\"@type\":\"WebPage\",\"@id\":\"https:\/\/nemzetfiatalmuveszeiert.com\/?page_id=444\",\"url\":\"https:\/\/nemzetfiatalmuveszeiert.com\/?page_id=444\",\"name\":\"Rendezv\u00e9nyek -\",\"isPartOf\":{\"@id\":\"https:\/\/nemzetfiatalmuveszeiert.com\/#website\"},\"datePublished\":\"2024-05-31T09:06:21+00:00\",\"dateModified\":\"2024-05-31T09:28:32+00:00\",\"breadcrumb\":{\"@id\":\"https:\/\/nemzetfiatalmuveszeiert.com\/?page_id=444#breadcrumb\"},\"inLanguage\":\"hu\",\"potentialAction\":[{\"@type\":\"ReadAction\",\"target\":[\"https:\/\/nemzetfiatalmuveszeiert.com\/?page_id=444\"]}]},{\"@type\":\"BreadcrumbList\",\"@id\":\"https:\/\/nemzetfiatalmuveszeiert.com\/?page_id=444#breadcrumb\",\"itemListElement\":[{\"@type\":\"ListItem\",\"position\":1,\"name\":\"Kezd\u0151lap\",\"item\":\"https:\/\/nemzetfiatalmuveszeiert.com\/\"},{\"@type\":\"ListItem\",\"position\":2,\"name\":\"Rendezv\u00e9nyek\"}]},{\"@type\":\"WebSite\",\"@id\":\"https:\/\/nemzetfiatalmuveszeiert.com\/#website\",\"url\":\"https:\/\/nemzetfiatalmuveszeiert.com\/\",\"name\":\"\",\"description\":\"\",\"potentialAction\":[{\"@type\":\"SearchAction\",\"target\":{\"@type\":\"EntryPoint\",\"urlTemplate\":\"https:\/\/nemzetfiatalmuveszeiert.com\/?s={search_term_string}\"},\"query-input\":{\"@type\":\"PropertyValueSpecification\",\"valueRequired\":true,\"valueName\":\"search_term_string\"}}],\"inLanguage\":\"hu\"}]}<\/script>\n<!-- \/ Yoast SEO plugin. -->","yoast_head_json":{"title":"Rendezv\u00e9nyek -","robots":{"index":"index","follow":"follow","max-snippet":"max-snippet:-1","max-image-preview":"max-image-preview:large","max-video-preview":"max-video-preview:-1"},"canonical":"https:\/\/nemzetfiatalmuveszeiert.com\/?page_id=444","og_locale":"hu_HU","og_type":"article","og_title":"Rendezv\u00e9nyek -","og_description":"Rendezv\u00e9nyek Jelenleg nincsenek rendezv\u00e9nyek","og_url":"https:\/\/nemzetfiatalmuveszeiert.com\/?page_id=444","article_modified_time":"2024-05-31T09:28:32+00:00","twitter_card":"summary_large_image","schema":{"@context":"https:\/\/schema.org","@graph":[{"@type":"WebPage","@id":"https:\/\/nemzetfiatalmuveszeiert.com\/?page_id=444","url":"https:\/\/nemzetfiatalmuveszeiert.com\/?page_id=444","name":"Rendezv\u00e9nyek -","isPartOf":{"@id":"https:\/\/nemzetfiatalmuveszeiert.com\/#website"},"datePublished":"2024-05-31T09:06:21+00:00","dateModified":"2024-05-31T09:28:32+00:00","breadcrumb":{"@id":"https:\/\/nemzetfiatalmuveszeiert.com\/?page_id=444#breadcrumb"},"inLanguage":"hu","potentialAction":[{"@type":"ReadAction","target":["https:\/\/nemzetfiatalmuveszeiert.com\/?page_id=444"]}]},{"@type":"BreadcrumbList","@id":"https:\/\/nemzetfiatalmuveszeiert.com\/?page_id=444#breadcrumb","itemListElement":[{"@type":"ListItem","position":1,"name":"Kezd\u0151lap","item":"https:\/\/nemzetfiatalmuveszeiert.com\/"},{"@type":"ListItem","position":2,"name":"Rendezv\u00e9nyek"}]},{"@type":"WebSite","@id":"https:\/\/nemzetfiatalmuveszeiert.com\/#website","url":"https:\/\/nemzetfiatalmuveszeiert.com\/","name":"","description":"","potentialAction":[{"@type":"SearchAction","target":{"@type":"EntryPoint","urlTemplate":"https:\/\/nemzetfiatalmuveszeiert.com\/?s={search_term_string}"},"query-input":{"@type":"PropertyValueSpecification","valueRequired":true,"valueName":"search_term_string"}}],"inLanguage":"hu"}]}},"_links":{"self":[{"href":"https:\/\/nemzetfiatalmuveszeiert.com\/index.php?rest_route=\/wp\/v2\/pages\/444","targetHints":{"allow":["GET"]}}],"collection":[{"href":"https:\/\/nemzetfiatalmuveszeiert.com\/index.php?rest_route=\/wp\/v2\/pages"}],"about":[{"href":"https:\/\/nemzetfiatalmuveszeiert.com\/index.php?rest_route=\/wp\/v2\/types\/page"}],"author":[{"embeddable":true,"href":"https:\/\/nemzetfiatalmuveszeiert.com\/index.php?rest_route=\/wp\/v2\/users\/1"}],"replies":[{"embeddable":true,"href":"https:\/\/nemzetfiatalmuveszeiert.com\/index.php?rest_route=%2Fwp%2Fv2%2Fcomments&post=444"}],"version-history":[{"count":4,"href":"https:\/\/nemzetfiatalmuveszeiert.com\/index.php?rest_route=\/wp\/v2\/pages\/444\/revisions"}],"predecessor-version":[{"id":457,"href":"https:\/\/nemzetfiatalmuveszeiert.com\/index.php?rest_route=\/wp\/v2\/pages\/444\/revisions\/457"}],"wp:attachment":[{"href":"https:\/\/nemzetfiatalmuveszeiert.com\/index.php?rest_route=%2Fwp%2Fv2%2Fmedia&parent=444"}],"curies":[{"name":"wp","href":"https:\/\/api.w.org\/{rel}","templated":true}]}}