{"id":474,"date":"2024-05-31T09:12:10","date_gmt":"2024-05-31T09:12:10","guid":{"rendered":"https:\/\/nemzetfiatalmuveszeiert.com\/?page_id=474"},"modified":"2024-05-31T09:28:22","modified_gmt":"2024-05-31T09:28:22","slug":"kapcsolat","status":"publish","type":"page","link":"https:\/\/nemzetfiatalmuveszeiert.com\/?page_id=474","title":{"rendered":"Kapcsolat"},"content":{"rendered":"\t\t<div data-elementor-type=\"wp-page\" data-elementor-id=\"474\" class=\"elementor elementor-474\" data-elementor-post-type=\"page\">\n\t\t\t\t\t\t<section class=\"elementor-section elementor-top-section elementor-element elementor-element-360a7ed elementor-section-content-middle elementor-section-boxed elementor-section-height-default elementor-section-height-default\" data-id=\"360a7ed\" data-element_type=\"section\" data-settings=\"{&quot;background_background&quot;:&quot;classic&quot;}\">\n\t\t\t\t\t\t<div class=\"elementor-container elementor-column-gap-no\">\n\t\t\t\t\t<div class=\"elementor-column elementor-col-100 elementor-top-column elementor-element elementor-element-5aba4d4\" data-id=\"5aba4d4\" data-element_type=\"column\" data-settings=\"{&quot;background_background&quot;:&quot;classic&quot;}\">\n\t\t\t<div class=\"elementor-widget-wrap elementor-element-populated\">\n\t\t\t\t\t\t<div class=\"elementor-element elementor-element-e4eb1b3 elementor-widget elementor-widget-heading\" data-id=\"e4eb1b3\" data-element_type=\"widget\" data-widget_type=\"heading.default\">\n\t\t\t\t<div class=\"elementor-widget-container\">\n\t\t\t\t\t<h4 class=\"elementor-heading-title elementor-size-default\"><a href=\"#kapcsolat\">Kapcsolat<\/a><\/h4>\t\t\t\t<\/div>\n\t\t\t\t<\/div>\n\t\t\t\t<div class=\"elementor-element elementor-element-e87aab8 elementor-button-align-stretch elementor-widget elementor-widget-form\" data-id=\"e87aab8\" data-element_type=\"widget\" data-settings=\"{&quot;step_next_label&quot;:&quot;K\\u00f6vetkez\\u0151&quot;,&quot;step_previous_label&quot;:&quot;El\\u0151z\\u0151&quot;,&quot;button_width&quot;:&quot;100&quot;,&quot;step_type&quot;:&quot;number_text&quot;,&quot;step_icon_shape&quot;:&quot;circle&quot;}\" data-widget_type=\"form.default\">\n\t\t\t\t<div class=\"elementor-widget-container\">\n\t\t\t\t\t\t\t<form class=\"elementor-form\" method=\"post\" name=\"New Form\">\n\t\t\t<input type=\"hidden\" name=\"post_id\" value=\"474\"\/>\n\t\t\t<input type=\"hidden\" name=\"form_id\" value=\"e87aab8\"\/>\n\t\t\t<input type=\"hidden\" name=\"referer_title\" value=\"\" \/>\n\n\t\t\t\n\t\t\t<div class=\"elementor-form-fields-wrapper elementor-labels-above\">\n\t\t\t\t\t\t\t\t<div class=\"elementor-field-type-text elementor-field-group elementor-column elementor-field-group-name elementor-col-100\">\n\t\t\t\t\t\t\t\t\t\t\t\t<label for=\"form-field-name\" class=\"elementor-field-label\">\n\t\t\t\t\t\t\t\tN\u00e9v\t\t\t\t\t\t\t<\/label>\n\t\t\t\t\t\t\t\t\t\t\t\t\t\t<input size=\"1\" type=\"text\" name=\"form_fields[name]\" id=\"form-field-name\" class=\"elementor-field elementor-size-sm  elementor-field-textual\" placeholder=\"N\u00e9v\">\n\t\t\t\t\t\t\t\t\t\t\t<\/div>\n\t\t\t\t\t\t\t\t<div class=\"elementor-field-type-email elementor-field-group elementor-column elementor-field-group-email elementor-col-100 elementor-field-required\">\n\t\t\t\t\t\t\t\t\t\t\t\t<label for=\"form-field-email\" class=\"elementor-field-label\">\n\t\t\t\t\t\t\t\tEmail\t\t\t\t\t\t\t<\/label>\n\t\t\t\t\t\t\t\t\t\t\t\t\t\t<input size=\"1\" type=\"email\" name=\"form_fields[email]\" id=\"form-field-email\" class=\"elementor-field elementor-size-sm  elementor-field-textual\" placeholder=\"Email c\u00edm\" required=\"required\" aria-required=\"true\">\n\t\t\t\t\t\t\t\t\t\t\t<\/div>\n\t\t\t\t\t\t\t\t<div class=\"elementor-field-type-text elementor-field-group elementor-column elementor-field-group-6ed25c0 elementor-col-100\">\n\t\t\t\t\t\t\t\t\t\t\t\t<label for=\"form-field-6ed25c0\" class=\"elementor-field-label\">\n\t\t\t\t\t\t\t\t\u00dczenet\t\t\t\t\t\t\t<\/label>\n\t\t\t\t\t\t\t\t\t\t\t\t\t\t<input size=\"1\" type=\"text\" name=\"form_fields[6ed25c0]\" id=\"form-field-6ed25c0\" class=\"elementor-field elementor-size-sm  elementor-field-textual\" placeholder=\"Mit szeretne \u00fczenni Nek\u00fcnk?\">\n\t\t\t\t\t\t\t\t\t\t\t<\/div>\n\t\t\t\t\t\t\t\t<div class=\"elementor-field-group elementor-column elementor-field-type-submit elementor-col-100 e-form__buttons\">\n\t\t\t\t\t<button class=\"elementor-button elementor-size-sm\" type=\"submit\">\n\t\t\t\t\t\t<span class=\"elementor-button-content-wrapper\">\n\t\t\t\t\t\t\t\t\t\t\t\t\t\t\t\t\t\t\t\t\t\t<span class=\"elementor-button-text\">\u00dczenet k\u00fcld\u00e9se<\/span>\n\t\t\t\t\t\t\t\t\t\t\t\t\t<\/span>\n\t\t\t\t\t<\/button>\n\t\t\t\t<\/div>\n\t\t\t<\/div>\n\t\t<\/form>\n\t\t\t\t\t\t<\/div>\n\t\t\t\t<\/div>\n\t\t\t\t<div class=\"elementor-element elementor-element-1641a25 elementor-widget elementor-widget-text-editor\" data-id=\"1641a25\" data-element_type=\"widget\" data-widget_type=\"text-editor.default\">\n\t\t\t\t<div class=\"elementor-widget-container\">\n\t\t\t\t\t\t\t\t\t<p>Nemzet Fiatal M\u0171v\u00e9szei\u00e9rt Alap\u00edtv\u00e1ny<\/p><p>Sz\u00e9khelye: 1055 Budapest, Falk Miksa utca 7. f\u00f6ldszint 7.<\/p>\t\t\t\t\t\t\t\t<\/div>\n\t\t\t\t<\/div>\n\t\t\t\t\t<\/div>\n\t\t<\/div>\n\t\t\t\t\t<\/div>\n\t\t<\/section>\n\t\t\t\t<\/div>\n\t\t","protected":false},"excerpt":{"rendered":"<p>Kapcsolat Nemzet Fiatal M\u0171v\u00e9szei\u00e9rt Alap\u00edtv\u00e1ny Sz\u00e9khelye: 1055 Budapest, Falk Miksa utca 7. f\u00f6ldszint 7.<\/p>\n","protected":false},"author":1,"featured_media":0,"parent":0,"menu_order":0,"comment_status":"closed","ping_status":"closed","template":"elementor_header_footer","meta":{"footnotes":""},"class_list":["post-474","page","type-page","status-publish","hentry"],"yoast_head":"<!-- This site is optimized with the Yoast SEO plugin v24.2 - https:\/\/yoast.com\/wordpress\/plugins\/seo\/ -->\n<title>Kapcsolat -<\/title>\n<meta name=\"robots\" content=\"index, follow, max-snippet:-1, max-image-preview:large, max-video-preview:-1\" \/>\n<link rel=\"canonical\" href=\"https:\/\/nemzetfiatalmuveszeiert.com\/?page_id=474\" \/>\n<meta property=\"og:locale\" content=\"hu_HU\" \/>\n<meta property=\"og:type\" content=\"article\" \/>\n<meta property=\"og:title\" content=\"Kapcsolat -\" \/>\n<meta property=\"og:description\" content=\"Kapcsolat Nemzet Fiatal M\u0171v\u00e9szei\u00e9rt Alap\u00edtv\u00e1ny Sz\u00e9khelye: 1055 Budapest, Falk Miksa utca 7. f\u00f6ldszint 7.\" \/>\n<meta property=\"og:url\" content=\"https:\/\/nemzetfiatalmuveszeiert.com\/?page_id=474\" \/>\n<meta property=\"article:modified_time\" content=\"2024-05-31T09:28:22+00:00\" \/>\n<meta name=\"twitter:card\" content=\"summary_large_image\" \/>\n<script type=\"application\/ld+json\" class=\"yoast-schema-graph\">{\"@context\":\"https:\/\/schema.org\",\"@graph\":[{\"@type\":\"WebPage\",\"@id\":\"https:\/\/nemzetfiatalmuveszeiert.com\/?page_id=474\",\"url\":\"https:\/\/nemzetfiatalmuveszeiert.com\/?page_id=474\",\"name\":\"Kapcsolat -\",\"isPartOf\":{\"@id\":\"https:\/\/nemzetfiatalmuveszeiert.com\/#website\"},\"datePublished\":\"2024-05-31T09:12:10+00:00\",\"dateModified\":\"2024-05-31T09:28:22+00:00\",\"breadcrumb\":{\"@id\":\"https:\/\/nemzetfiatalmuveszeiert.com\/?page_id=474#breadcrumb\"},\"inLanguage\":\"hu\",\"potentialAction\":[{\"@type\":\"ReadAction\",\"target\":[\"https:\/\/nemzetfiatalmuveszeiert.com\/?page_id=474\"]}]},{\"@type\":\"BreadcrumbList\",\"@id\":\"https:\/\/nemzetfiatalmuveszeiert.com\/?page_id=474#breadcrumb\",\"itemListElement\":[{\"@type\":\"ListItem\",\"position\":1,\"name\":\"Kezd\u0151lap\",\"item\":\"https:\/\/nemzetfiatalmuveszeiert.com\/\"},{\"@type\":\"ListItem\",\"position\":2,\"name\":\"Kapcsolat\"}]},{\"@type\":\"WebSite\",\"@id\":\"https:\/\/nemzetfiatalmuveszeiert.com\/#website\",\"url\":\"https:\/\/nemzetfiatalmuveszeiert.com\/\",\"name\":\"\",\"description\":\"\",\"potentialAction\":[{\"@type\":\"SearchAction\",\"target\":{\"@type\":\"EntryPoint\",\"urlTemplate\":\"https:\/\/nemzetfiatalmuveszeiert.com\/?s={search_term_string}\"},\"query-input\":{\"@type\":\"PropertyValueSpecification\",\"valueRequired\":true,\"valueName\":\"search_term_string\"}}],\"inLanguage\":\"hu\"}]}<\/script>\n<!-- \/ Yoast SEO plugin. -->","yoast_head_json":{"title":"Kapcsolat -","robots":{"index":"index","follow":"follow","max-snippet":"max-snippet:-1","max-image-preview":"max-image-preview:large","max-video-preview":"max-video-preview:-1"},"canonical":"https:\/\/nemzetfiatalmuveszeiert.com\/?page_id=474","og_locale":"hu_HU","og_type":"article","og_title":"Kapcsolat -","og_description":"Kapcsolat Nemzet Fiatal M\u0171v\u00e9szei\u00e9rt Alap\u00edtv\u00e1ny Sz\u00e9khelye: 1055 Budapest, Falk Miksa utca 7. f\u00f6ldszint 7.","og_url":"https:\/\/nemzetfiatalmuveszeiert.com\/?page_id=474","article_modified_time":"2024-05-31T09:28:22+00:00","twitter_card":"summary_large_image","schema":{"@context":"https:\/\/schema.org","@graph":[{"@type":"WebPage","@id":"https:\/\/nemzetfiatalmuveszeiert.com\/?page_id=474","url":"https:\/\/nemzetfiatalmuveszeiert.com\/?page_id=474","name":"Kapcsolat -","isPartOf":{"@id":"https:\/\/nemzetfiatalmuveszeiert.com\/#website"},"datePublished":"2024-05-31T09:12:10+00:00","dateModified":"2024-05-31T09:28:22+00:00","breadcrumb":{"@id":"https:\/\/nemzetfiatalmuveszeiert.com\/?page_id=474#breadcrumb"},"inLanguage":"hu","potentialAction":[{"@type":"ReadAction","target":["https:\/\/nemzetfiatalmuveszeiert.com\/?page_id=474"]}]},{"@type":"BreadcrumbList","@id":"https:\/\/nemzetfiatalmuveszeiert.com\/?page_id=474#breadcrumb","itemListElement":[{"@type":"ListItem","position":1,"name":"Kezd\u0151lap","item":"https:\/\/nemzetfiatalmuveszeiert.com\/"},{"@type":"ListItem","position":2,"name":"Kapcsolat"}]},{"@type":"WebSite","@id":"https:\/\/nemzetfiatalmuveszeiert.com\/#website","url":"https:\/\/nemzetfiatalmuveszeiert.com\/","name":"","description":"","potentialAction":[{"@type":"SearchAction","target":{"@type":"EntryPoint","urlTemplate":"https:\/\/nemzetfiatalmuveszeiert.com\/?s={search_term_string}"},"query-input":{"@type":"PropertyValueSpecification","valueRequired":true,"valueName":"search_term_string"}}],"inLanguage":"hu"}]}},"_links":{"self":[{"href":"https:\/\/nemzetfiatalmuveszeiert.com\/index.php?rest_route=\/wp\/v2\/pages\/474","targetHints":{"allow":["GET"]}}],"collection":[{"href":"https:\/\/nemzetfiatalmuveszeiert.com\/index.php?rest_route=\/wp\/v2\/pages"}],"about":[{"href":"https:\/\/nemzetfiatalmuveszeiert.com\/index.php?rest_route=\/wp\/v2\/types\/page"}],"author":[{"embeddable":true,"href":"https:\/\/nemzetfiatalmuveszeiert.com\/index.php?rest_route=\/wp\/v2\/users\/1"}],"replies":[{"embeddable":true,"href":"https:\/\/nemzetfiatalmuveszeiert.com\/index.php?rest_route=%2Fwp%2Fv2%2Fcomments&post=474"}],"version-history":[{"count":7,"href":"https:\/\/nemzetfiatalmuveszeiert.com\/index.php?rest_route=\/wp\/v2\/pages\/474\/revisions"}],"predecessor-version":[{"id":482,"href":"https:\/\/nemzetfiatalmuveszeiert.com\/index.php?rest_route=\/wp\/v2\/pages\/474\/revisions\/482"}],"wp:attachment":[{"href":"https:\/\/nemzetfiatalmuveszeiert.com\/index.php?rest_route=%2Fwp%2Fv2%2Fmedia&parent=474"}],"curies":[{"name":"wp","href":"https:\/\/api.w.org\/{rel}","templated":true}]}}