{"id":563,"date":"2024-07-16T06:14:20","date_gmt":"2024-07-16T06:14:20","guid":{"rendered":"https:\/\/nemzetfiatalmuveszeiert.com\/?page_id=563"},"modified":"2024-07-17T13:16:34","modified_gmt":"2024-07-17T13:16:34","slug":"adomany","status":"publish","type":"page","link":"https:\/\/nemzetfiatalmuveszeiert.com\/?page_id=563","title":{"rendered":"Adom\u00e1ny"},"content":{"rendered":"\t\t<div data-elementor-type=\"wp-page\" data-elementor-id=\"563\" class=\"elementor elementor-563\" data-elementor-post-type=\"page\">\n\t\t\t\t\t\t<section class=\"elementor-section elementor-top-section elementor-element elementor-element-62f6235 elementor-section-boxed elementor-section-height-default elementor-section-height-default\" data-id=\"62f6235\" data-element_type=\"section\">\n\t\t\t\t\t\t<div class=\"elementor-container elementor-column-gap-default\">\n\t\t\t\t\t<div class=\"elementor-column elementor-col-100 elementor-top-column elementor-element elementor-element-32351b1\" data-id=\"32351b1\" data-element_type=\"column\">\n\t\t\t<div class=\"elementor-widget-wrap elementor-element-populated\">\n\t\t\t\t\t\t<div class=\"elementor-element elementor-element-634d7db elementor-widget elementor-widget-heading\" data-id=\"634d7db\" data-element_type=\"widget\" data-widget_type=\"heading.default\">\n\t\t\t\t<div class=\"elementor-widget-container\">\n\t\t\t\t\t<h1 class=\"elementor-heading-title elementor-size-small\"><a href=\"#projektek\">Adom\u00e1nyok<\/a><\/h1>\t\t\t\t<\/div>\n\t\t\t\t<\/div>\n\t\t\t\t\t<\/div>\n\t\t<\/div>\n\t\t\t\t\t<\/div>\n\t\t<\/section>\n\t\t\t\t<section class=\"elementor-section elementor-top-section elementor-element elementor-element-6a4a6f7 elementor-section-boxed elementor-section-height-default elementor-section-height-default\" data-id=\"6a4a6f7\" data-element_type=\"section\">\n\t\t\t\t\t\t<div class=\"elementor-container elementor-column-gap-default\">\n\t\t\t\t\t<div class=\"elementor-column elementor-col-100 elementor-top-column elementor-element elementor-element-5d1e6c3\" data-id=\"5d1e6c3\" data-element_type=\"column\">\n\t\t\t<div class=\"elementor-widget-wrap elementor-element-populated\">\n\t\t\t\t\t\t<div class=\"elementor-element elementor-element-f725ffd elementor-widget elementor-widget-spacer\" data-id=\"f725ffd\" data-element_type=\"widget\" data-widget_type=\"spacer.default\">\n\t\t\t\t<div class=\"elementor-widget-container\">\n\t\t\t\t\t\t\t<div class=\"elementor-spacer\">\n\t\t\t<div class=\"elementor-spacer-inner\"><\/div>\n\t\t<\/div>\n\t\t\t\t\t\t<\/div>\n\t\t\t\t<\/div>\n\t\t\t\t<div class=\"elementor-element elementor-element-bb98117 elementor-widget elementor-widget-heading\" data-id=\"bb98117\" data-element_type=\"widget\" data-widget_type=\"heading.default\">\n\t\t\t\t<div class=\"elementor-widget-container\">\n\t\t\t\t\t<h2 class=\"elementor-heading-title elementor-size-default\">A leggyorsabb lehet\u0151s\u00e9get keresi?<\/h2>\t\t\t\t<\/div>\n\t\t\t\t<\/div>\n\t\t\t\t\t<\/div>\n\t\t<\/div>\n\t\t\t\t\t<\/div>\n\t\t<\/section>\n\t\t\t\t<section class=\"elementor-section elementor-top-section elementor-element elementor-element-9d62259 elementor-section-boxed elementor-section-height-default elementor-section-height-default\" data-id=\"9d62259\" data-element_type=\"section\">\n\t\t\t\t\t\t<div class=\"elementor-container elementor-column-gap-default\">\n\t\t\t\t\t<div class=\"elementor-column elementor-col-100 elementor-top-column elementor-element elementor-element-a437f10\" data-id=\"a437f10\" data-element_type=\"column\">\n\t\t\t<div class=\"elementor-widget-wrap elementor-element-populated\">\n\t\t\t\t\t\t<div class=\"elementor-element elementor-element-586f51c elementor-widget elementor-widget-text-editor\" data-id=\"586f51c\" data-element_type=\"widget\" data-widget_type=\"text-editor.default\">\n\t\t\t\t<div class=\"elementor-widget-container\">\n\t\t\t\t\t\t\t\t\t<p><b>Adom\u00e1nyozzon p\u00e9nz\u00f6sszeget a Nemzet Fiatal M\u0171v\u00e9szei\u00e9rt Alap\u00edtv\u00e1ny munk\u00e1j\u00e1nak t\u00e1mogat\u00e1sa c\u00e9lj\u00e1b\u00f3l.<\/b><\/p><p><b>sz\u00e1mlasz\u00e1m: 11712004-22476153-00000000<\/b><\/p><p><b>IBAN sz\u00e1m: HU14117120042247615300000000<\/b><\/p><p><b>SWIFT\/BIC:<\/b>\u00a0<b>OTPVHUHB<\/b><\/p>\t\t\t\t\t\t\t\t<\/div>\n\t\t\t\t<\/div>\n\t\t\t\t\t<\/div>\n\t\t<\/div>\n\t\t\t\t\t<\/div>\n\t\t<\/section>\n\t\t\t\t<section class=\"elementor-section elementor-top-section elementor-element elementor-element-e10a92a elementor-section-boxed elementor-section-height-default elementor-section-height-default\" data-id=\"e10a92a\" data-element_type=\"section\">\n\t\t\t\t\t\t<div class=\"elementor-container elementor-column-gap-default\">\n\t\t\t\t\t<div class=\"elementor-column elementor-col-100 elementor-top-column elementor-element elementor-element-428552b\" data-id=\"428552b\" data-element_type=\"column\">\n\t\t\t<div class=\"elementor-widget-wrap elementor-element-populated\">\n\t\t\t\t\t\t<div class=\"elementor-element elementor-element-4656942 elementor-widget elementor-widget-text-editor\" data-id=\"4656942\" data-element_type=\"widget\" data-widget_type=\"text-editor.default\">\n\t\t\t\t<div class=\"elementor-widget-container\">\n\t\t\t\t\t\t\t\t\t<p><b>A tehets\u00e9g sok gyermekben ott lakozik, de nem minden helyzetben \u00e9s \u00e9letk\u00f6r\u00fclm\u00e9nyben tud kibontakozni ahhoz, hogy id\u0151vel sz\u00e1rnyra kapjon.<\/b><\/p><p>Ezen t\u00e1rsadalmi \u00e9s egy\u00e9ni probl\u00e9ma kapcs\u00e1n szeretne seg\u00edts\u00e9get \u00e9s t\u00e1mogat\u00e1st ny\u00fajtani a Nemzet Fiatal M\u0171v\u00e9szei\u00e9rt Alap\u00edtv\u00e1ny, hisz az alkot\u00f3 tev\u00e9kenys\u00e9g adta siker\u00e9lm\u00e9ny seg\u00edt az \u00f6nbecs\u00fcl\u00e9s helyre\u00e1ll\u00edt\u00e1s\u00e1ban, a pozit\u00edv \u00e9nk\u00e9p el\u00e9r\u00e9s\u00e9ben a j\u00f6v\u0151 szempontj\u00e1b\u00f3l a t\u00e1rsadalmilag el\u0151ny\u00f6s \u00e9s \u00f6nfenntart\u00f3 \u00e9lethelyzetek kialak\u00edt\u00e1s\u00e1ban.<span class=\"Apple-converted-space\">\u00a0<\/span><\/p><p><b>K\u00f6sz\u00f6nj\u00fck, hogy adom\u00e1ny\u00e1val hozz\u00e1j\u00e1rul, ehhez az egy\u00e9ni \u00e9s t\u00e1rsadalmi szempontb\u00f3l is hasznos munk\u00e1hoz!<\/b><\/p>\t\t\t\t\t\t\t\t<\/div>\n\t\t\t\t<\/div>\n\t\t\t\t\t<\/div>\n\t\t<\/div>\n\t\t\t\t\t<\/div>\n\t\t<\/section>\n\t\t\t\t<section class=\"elementor-section elementor-top-section elementor-element elementor-element-989ee9e elementor-section-boxed elementor-section-height-default elementor-section-height-default\" data-id=\"989ee9e\" data-element_type=\"section\">\n\t\t\t\t\t\t<div class=\"elementor-container elementor-column-gap-default\">\n\t\t\t\t\t<div class=\"elementor-column elementor-col-100 elementor-top-column elementor-element elementor-element-f9f25c2\" data-id=\"f9f25c2\" data-element_type=\"column\">\n\t\t\t<div class=\"elementor-widget-wrap elementor-element-populated\">\n\t\t\t\t\t\t<div class=\"elementor-element elementor-element-a695ab0 elementor-grid-4 elementor-grid-tablet-3 elementor-grid-mobile-2 elementor-products-grid elementor-wc-products elementor-widget elementor-widget-woocommerce-products\" data-id=\"a695ab0\" data-element_type=\"widget\" data-widget_type=\"woocommerce-products.default\">\n\t\t\t\t<div class=\"elementor-widget-container\">\n\t\t\t\t\t<div class=\"woocommerce columns-4 \"><ul class=\"products elementor-grid columns-4\">\n<li class=\"product type-product post-620 status-publish first instock product_cat-adomanyozas has-post-thumbnail downloadable virtual purchasable product-type-simple\">\n\t<a href=\"https:\/\/nemzetfiatalmuveszeiert.com\/?product=oktatas-tamogatasa\" class=\"woocommerce-LoopProduct-link woocommerce-loop-product__link\"><img fetchpriority=\"high\" decoding=\"async\" width=\"300\" height=\"300\" src=\"https:\/\/nemzetfiatalmuveszeiert.com\/wp-content\/uploads\/2024\/07\/Oktatas-300x300.png\" class=\"attachment-woocommerce_thumbnail size-woocommerce_thumbnail\" alt=\"\" srcset=\"https:\/\/nemzetfiatalmuveszeiert.com\/wp-content\/uploads\/2024\/07\/Oktatas-300x300.png 300w, https:\/\/nemzetfiatalmuveszeiert.com\/wp-content\/uploads\/2024\/07\/Oktatas-100x100.png 100w, https:\/\/nemzetfiatalmuveszeiert.com\/wp-content\/uploads\/2024\/07\/Oktatas-150x150.png 150w\" sizes=\"(max-width: 300px) 100vw, 300px\" \/><h2 class=\"woocommerce-loop-product__title\">Oktat\u00e1s t\u00e1mogat\u00e1sa &#8211; K\u00f3dsz\u00e1ma: NFMA-O-2024<\/h2>\n\t<span class=\"price\"><span class=\"woocommerce-Price-amount amount\"><bdi>10.000&nbsp;<span class=\"woocommerce-Price-currencySymbol\">&#70;&#116;<\/span><\/bdi><\/span><\/span>\n<\/a><a href=\"?add-to-cart=620\" aria-describedby=\"woocommerce_loop_add_to_cart_link_describedby_620\" data-quantity=\"1\" class=\"button product_type_simple add_to_cart_button ajax_add_to_cart\" data-product_id=\"620\" data-product_sku=\"\" aria-label=\"Kos\u00e1rba: &ldquo;Oktat\u00e1s t\u00e1mogat\u00e1sa - K\u00f3dsz\u00e1ma: NFMA-O-2024&rdquo;\" rel=\"nofollow\" data-success_message=\"&ldquo;Oktat\u00e1s t\u00e1mogat\u00e1sa - K\u00f3dsz\u00e1ma: NFMA-O-2024&rdquo; has been added to your cart\">Kos\u00e1rba teszem<\/a>\t<span id=\"woocommerce_loop_add_to_cart_link_describedby_620\" class=\"screen-reader-text\">\n\t\t\t<\/span>\n<\/li>\n<li class=\"product type-product post-621 status-publish instock product_cat-adomanyozas has-post-thumbnail downloadable virtual purchasable product-type-simple\">\n\t<a href=\"https:\/\/nemzetfiatalmuveszeiert.com\/?product=elmeny-dijak-utazas-tamogatasa\" class=\"woocommerce-LoopProduct-link woocommerce-loop-product__link\"><img decoding=\"async\" width=\"300\" height=\"300\" src=\"https:\/\/nemzetfiatalmuveszeiert.com\/wp-content\/uploads\/2024\/07\/unsplash_eOcyhe5-9sQ-300x300.png\" class=\"attachment-woocommerce_thumbnail size-woocommerce_thumbnail\" alt=\"\" srcset=\"https:\/\/nemzetfiatalmuveszeiert.com\/wp-content\/uploads\/2024\/07\/unsplash_eOcyhe5-9sQ-300x300.png 300w, https:\/\/nemzetfiatalmuveszeiert.com\/wp-content\/uploads\/2024\/07\/unsplash_eOcyhe5-9sQ-100x100.png 100w, https:\/\/nemzetfiatalmuveszeiert.com\/wp-content\/uploads\/2024\/07\/unsplash_eOcyhe5-9sQ-150x150.png 150w\" sizes=\"(max-width: 300px) 100vw, 300px\" \/><h2 class=\"woocommerce-loop-product__title\">\u00c9lm\u00e9ny \/ d\u00edjak \/ utaz\u00e1s t\u00e1mogat\u00e1sa &#8211; K\u00f3dsz\u00e1ma: NFMA-\u00c9-D-U-2024<\/h2>\n\t<span class=\"price\"><span class=\"woocommerce-Price-amount amount\"><bdi>20.000&nbsp;<span class=\"woocommerce-Price-currencySymbol\">&#70;&#116;<\/span><\/bdi><\/span><\/span>\n<\/a><a href=\"?add-to-cart=621\" aria-describedby=\"woocommerce_loop_add_to_cart_link_describedby_621\" data-quantity=\"1\" class=\"button product_type_simple add_to_cart_button ajax_add_to_cart\" data-product_id=\"621\" data-product_sku=\"\" aria-label=\"Kos\u00e1rba: &ldquo;\u00c9lm\u00e9ny \/ d\u00edjak \/ utaz\u00e1s t\u00e1mogat\u00e1sa - K\u00f3dsz\u00e1ma: NFMA-\u00c9-D-U-2024&rdquo;\" rel=\"nofollow\" data-success_message=\"&ldquo;\u00c9lm\u00e9ny \/ d\u00edjak \/ utaz\u00e1s t\u00e1mogat\u00e1sa - K\u00f3dsz\u00e1ma: NFMA-\u00c9-D-U-2024&rdquo; has been added to your cart\">Kos\u00e1rba teszem<\/a>\t<span id=\"woocommerce_loop_add_to_cart_link_describedby_621\" class=\"screen-reader-text\">\n\t\t\t<\/span>\n<\/li>\n<li class=\"product type-product post-619 status-publish instock product_cat-adomanyozas has-post-thumbnail downloadable virtual purchasable product-type-simple\">\n\t<a href=\"https:\/\/nemzetfiatalmuveszeiert.com\/?product=eszkoztamogatas\" class=\"woocommerce-LoopProduct-link woocommerce-loop-product__link\"><img decoding=\"async\" width=\"300\" height=\"300\" src=\"https:\/\/nemzetfiatalmuveszeiert.com\/wp-content\/uploads\/2024\/07\/unsplash_okUVwmx7n2I-300x300.png\" class=\"attachment-woocommerce_thumbnail size-woocommerce_thumbnail\" alt=\"\" srcset=\"https:\/\/nemzetfiatalmuveszeiert.com\/wp-content\/uploads\/2024\/07\/unsplash_okUVwmx7n2I-300x300.png 300w, https:\/\/nemzetfiatalmuveszeiert.com\/wp-content\/uploads\/2024\/07\/unsplash_okUVwmx7n2I-100x100.png 100w, https:\/\/nemzetfiatalmuveszeiert.com\/wp-content\/uploads\/2024\/07\/unsplash_okUVwmx7n2I-150x150.png 150w\" sizes=\"(max-width: 300px) 100vw, 300px\" \/><h2 class=\"woocommerce-loop-product__title\">Eszk\u00f6zt\u00e1mogat\u00e1s &#8211; K\u00f3dsz\u00e1ma: NFMA -E-2024<\/h2>\n\t<span class=\"price\"><span class=\"woocommerce-Price-amount amount\"><bdi>50.000&nbsp;<span class=\"woocommerce-Price-currencySymbol\">&#70;&#116;<\/span><\/bdi><\/span><\/span>\n<\/a><a href=\"?add-to-cart=619\" aria-describedby=\"woocommerce_loop_add_to_cart_link_describedby_619\" data-quantity=\"1\" class=\"button product_type_simple add_to_cart_button ajax_add_to_cart\" data-product_id=\"619\" data-product_sku=\"\" aria-label=\"Kos\u00e1rba: &ldquo;Eszk\u00f6zt\u00e1mogat\u00e1s - K\u00f3dsz\u00e1ma: NFMA -E-2024&rdquo;\" rel=\"nofollow\" data-success_message=\"&ldquo;Eszk\u00f6zt\u00e1mogat\u00e1s - K\u00f3dsz\u00e1ma: NFMA -E-2024&rdquo; has been added to your cart\">Kos\u00e1rba teszem<\/a>\t<span id=\"woocommerce_loop_add_to_cart_link_describedby_619\" class=\"screen-reader-text\">\n\t\t\t<\/span>\n<\/li>\n<li class=\"product type-product post-618 status-publish last instock product_cat-adomanyozas has-post-thumbnail downloadable virtual purchasable product-type-simple\">\n\t<a href=\"https:\/\/nemzetfiatalmuveszeiert.com\/?product=tamogatoi-csomag\" class=\"woocommerce-LoopProduct-link woocommerce-loop-product__link\"><img loading=\"lazy\" decoding=\"async\" width=\"300\" height=\"300\" src=\"https:\/\/nemzetfiatalmuveszeiert.com\/wp-content\/uploads\/2024\/07\/Tamogatas-e1721222808500-300x300.png\" class=\"attachment-woocommerce_thumbnail size-woocommerce_thumbnail\" alt=\"\" srcset=\"https:\/\/nemzetfiatalmuveszeiert.com\/wp-content\/uploads\/2024\/07\/Tamogatas-e1721222808500-300x300.png 300w, https:\/\/nemzetfiatalmuveszeiert.com\/wp-content\/uploads\/2024\/07\/Tamogatas-e1721222808500-100x100.png 100w, https:\/\/nemzetfiatalmuveszeiert.com\/wp-content\/uploads\/2024\/07\/Tamogatas-e1721222808500-150x150.png 150w\" sizes=\"(max-width: 300px) 100vw, 300px\" \/><h2 class=\"woocommerce-loop-product__title\">T\u00e1mogat\u00f3i csomag &#8211; K\u00f3dsz\u00e1ma: NFMA -T1-2024<\/h2>\n\t<span class=\"price\"><span class=\"woocommerce-Price-amount amount\"><bdi>100.000&nbsp;<span class=\"woocommerce-Price-currencySymbol\">&#70;&#116;<\/span><\/bdi><\/span><\/span>\n<\/a><a href=\"?add-to-cart=618\" aria-describedby=\"woocommerce_loop_add_to_cart_link_describedby_618\" data-quantity=\"1\" class=\"button product_type_simple add_to_cart_button ajax_add_to_cart\" data-product_id=\"618\" data-product_sku=\"\" aria-label=\"Kos\u00e1rba: &ldquo;T\u00e1mogat\u00f3i csomag - K\u00f3dsz\u00e1ma: NFMA -T1-2024&rdquo;\" rel=\"nofollow\" data-success_message=\"&ldquo;T\u00e1mogat\u00f3i csomag - K\u00f3dsz\u00e1ma: NFMA -T1-2024&rdquo; has been added to your cart\">Kos\u00e1rba teszem<\/a>\t<span id=\"woocommerce_loop_add_to_cart_link_describedby_618\" class=\"screen-reader-text\">\n\t\t\t<\/span>\n<\/li>\n<\/ul>\n<\/div>\t\t\t\t<\/div>\n\t\t\t\t<\/div>\n\t\t\t\t\t<\/div>\n\t\t<\/div>\n\t\t\t\t\t<\/div>\n\t\t<\/section>\n\t\t\t\t<section class=\"elementor-section elementor-top-section elementor-element elementor-element-a86a324 elementor-section-boxed elementor-section-height-default elementor-section-height-default\" data-id=\"a86a324\" data-element_type=\"section\">\n\t\t\t\t\t\t<div class=\"elementor-container elementor-column-gap-default\">\n\t\t\t\t\t<div class=\"elementor-column elementor-col-100 elementor-top-column elementor-element elementor-element-ccbb38f\" data-id=\"ccbb38f\" data-element_type=\"column\">\n\t\t\t<div class=\"elementor-widget-wrap elementor-element-populated\">\n\t\t\t\t\t\t<div class=\"elementor-element elementor-element-5ecf94f elementor-widget elementor-widget-spacer\" data-id=\"5ecf94f\" data-element_type=\"widget\" data-widget_type=\"spacer.default\">\n\t\t\t\t<div class=\"elementor-widget-container\">\n\t\t\t\t\t\t\t<div class=\"elementor-spacer\">\n\t\t\t<div class=\"elementor-spacer-inner\"><\/div>\n\t\t<\/div>\n\t\t\t\t\t\t<\/div>\n\t\t\t\t<\/div>\n\t\t\t\t\t<\/div>\n\t\t<\/div>\n\t\t\t\t\t<\/div>\n\t\t<\/section>\n\t\t\t\t<\/div>\n\t\t","protected":false},"excerpt":{"rendered":"<p>Adom\u00e1nyok A leggyorsabb lehet\u0151s\u00e9get keresi? Adom\u00e1nyozzon p\u00e9nz\u00f6sszeget a Nemzet Fiatal M\u0171v\u00e9szei\u00e9rt Alap\u00edtv\u00e1ny munk\u00e1j\u00e1nak t\u00e1mogat\u00e1sa c\u00e9lj\u00e1b\u00f3l. sz\u00e1mlasz\u00e1m: 11712004-22476153-00000000 IBAN sz\u00e1m: HU14117120042247615300000000 SWIFT\/BIC:\u00a0OTPVHUHB A tehets\u00e9g sok gyermekben ott lakozik, de nem minden helyzetben \u00e9s \u00e9letk\u00f6r\u00fclm\u00e9nyben tud kibontakozni ahhoz, hogy id\u0151vel sz\u00e1rnyra kapjon. Ezen t\u00e1rsadalmi \u00e9s egy\u00e9ni probl\u00e9ma kapcs\u00e1n szeretne seg\u00edts\u00e9get \u00e9s t\u00e1mogat\u00e1st ny\u00fajtani a Nemzet Fiatal M\u0171v\u00e9szei\u00e9rt [&hellip;]<\/p>\n","protected":false},"author":1,"featured_media":0,"parent":0,"menu_order":0,"comment_status":"closed","ping_status":"closed","template":"elementor_header_footer","meta":{"footnotes":""},"class_list":["post-563","page","type-page","status-publish","hentry"],"yoast_head":"<!-- This site is optimized with the Yoast SEO plugin v24.2 - https:\/\/yoast.com\/wordpress\/plugins\/seo\/ -->\n<title>Adom\u00e1ny -<\/title>\n<meta name=\"robots\" content=\"index, follow, max-snippet:-1, max-image-preview:large, max-video-preview:-1\" \/>\n<link rel=\"canonical\" href=\"https:\/\/nemzetfiatalmuveszeiert.com\/?page_id=563\" \/>\n<meta property=\"og:locale\" content=\"hu_HU\" \/>\n<meta property=\"og:type\" content=\"article\" \/>\n<meta property=\"og:title\" content=\"Adom\u00e1ny -\" \/>\n<meta property=\"og:description\" content=\"Adom\u00e1nyok A leggyorsabb lehet\u0151s\u00e9get keresi? Adom\u00e1nyozzon p\u00e9nz\u00f6sszeget a Nemzet Fiatal M\u0171v\u00e9szei\u00e9rt Alap\u00edtv\u00e1ny munk\u00e1j\u00e1nak t\u00e1mogat\u00e1sa c\u00e9lj\u00e1b\u00f3l. sz\u00e1mlasz\u00e1m: 11712004-22476153-00000000 IBAN sz\u00e1m: HU14117120042247615300000000 SWIFT\/BIC:\u00a0OTPVHUHB A tehets\u00e9g sok gyermekben ott lakozik, de nem minden helyzetben \u00e9s \u00e9letk\u00f6r\u00fclm\u00e9nyben tud kibontakozni ahhoz, hogy id\u0151vel sz\u00e1rnyra kapjon. Ezen t\u00e1rsadalmi \u00e9s egy\u00e9ni probl\u00e9ma kapcs\u00e1n szeretne seg\u00edts\u00e9get \u00e9s t\u00e1mogat\u00e1st ny\u00fajtani a Nemzet Fiatal M\u0171v\u00e9szei\u00e9rt [&hellip;]\" \/>\n<meta property=\"og:url\" content=\"https:\/\/nemzetfiatalmuveszeiert.com\/?page_id=563\" \/>\n<meta property=\"article:modified_time\" content=\"2024-07-17T13:16:34+00:00\" \/>\n<meta name=\"twitter:card\" content=\"summary_large_image\" \/>\n<meta name=\"twitter:label1\" content=\"Becs\u00fclt olvas\u00e1si id\u0151\" \/>\n\t<meta name=\"twitter:data1\" content=\"1 perc\" \/>\n<script type=\"application\/ld+json\" class=\"yoast-schema-graph\">{\"@context\":\"https:\/\/schema.org\",\"@graph\":[{\"@type\":\"WebPage\",\"@id\":\"https:\/\/nemzetfiatalmuveszeiert.com\/?page_id=563\",\"url\":\"https:\/\/nemzetfiatalmuveszeiert.com\/?page_id=563\",\"name\":\"Adom\u00e1ny -\",\"isPartOf\":{\"@id\":\"https:\/\/nemzetfiatalmuveszeiert.com\/#website\"},\"datePublished\":\"2024-07-16T06:14:20+00:00\",\"dateModified\":\"2024-07-17T13:16:34+00:00\",\"breadcrumb\":{\"@id\":\"https:\/\/nemzetfiatalmuveszeiert.com\/?page_id=563#breadcrumb\"},\"inLanguage\":\"hu\",\"potentialAction\":[{\"@type\":\"ReadAction\",\"target\":[\"https:\/\/nemzetfiatalmuveszeiert.com\/?page_id=563\"]}]},{\"@type\":\"BreadcrumbList\",\"@id\":\"https:\/\/nemzetfiatalmuveszeiert.com\/?page_id=563#breadcrumb\",\"itemListElement\":[{\"@type\":\"ListItem\",\"position\":1,\"name\":\"Kezd\u0151lap\",\"item\":\"https:\/\/nemzetfiatalmuveszeiert.com\/\"},{\"@type\":\"ListItem\",\"position\":2,\"name\":\"Adom\u00e1ny\"}]},{\"@type\":\"WebSite\",\"@id\":\"https:\/\/nemzetfiatalmuveszeiert.com\/#website\",\"url\":\"https:\/\/nemzetfiatalmuveszeiert.com\/\",\"name\":\"\",\"description\":\"\",\"potentialAction\":[{\"@type\":\"SearchAction\",\"target\":{\"@type\":\"EntryPoint\",\"urlTemplate\":\"https:\/\/nemzetfiatalmuveszeiert.com\/?s={search_term_string}\"},\"query-input\":{\"@type\":\"PropertyValueSpecification\",\"valueRequired\":true,\"valueName\":\"search_term_string\"}}],\"inLanguage\":\"hu\"}]}<\/script>\n<!-- \/ Yoast SEO plugin. -->","yoast_head_json":{"title":"Adom\u00e1ny -","robots":{"index":"index","follow":"follow","max-snippet":"max-snippet:-1","max-image-preview":"max-image-preview:large","max-video-preview":"max-video-preview:-1"},"canonical":"https:\/\/nemzetfiatalmuveszeiert.com\/?page_id=563","og_locale":"hu_HU","og_type":"article","og_title":"Adom\u00e1ny -","og_description":"Adom\u00e1nyok A leggyorsabb lehet\u0151s\u00e9get keresi? Adom\u00e1nyozzon p\u00e9nz\u00f6sszeget a Nemzet Fiatal M\u0171v\u00e9szei\u00e9rt Alap\u00edtv\u00e1ny munk\u00e1j\u00e1nak t\u00e1mogat\u00e1sa c\u00e9lj\u00e1b\u00f3l. sz\u00e1mlasz\u00e1m: 11712004-22476153-00000000 IBAN sz\u00e1m: HU14117120042247615300000000 SWIFT\/BIC:\u00a0OTPVHUHB A tehets\u00e9g sok gyermekben ott lakozik, de nem minden helyzetben \u00e9s \u00e9letk\u00f6r\u00fclm\u00e9nyben tud kibontakozni ahhoz, hogy id\u0151vel sz\u00e1rnyra kapjon. Ezen t\u00e1rsadalmi \u00e9s egy\u00e9ni probl\u00e9ma kapcs\u00e1n szeretne seg\u00edts\u00e9get \u00e9s t\u00e1mogat\u00e1st ny\u00fajtani a Nemzet Fiatal M\u0171v\u00e9szei\u00e9rt [&hellip;]","og_url":"https:\/\/nemzetfiatalmuveszeiert.com\/?page_id=563","article_modified_time":"2024-07-17T13:16:34+00:00","twitter_card":"summary_large_image","twitter_misc":{"Becs\u00fclt olvas\u00e1si id\u0151":"1 perc"},"schema":{"@context":"https:\/\/schema.org","@graph":[{"@type":"WebPage","@id":"https:\/\/nemzetfiatalmuveszeiert.com\/?page_id=563","url":"https:\/\/nemzetfiatalmuveszeiert.com\/?page_id=563","name":"Adom\u00e1ny -","isPartOf":{"@id":"https:\/\/nemzetfiatalmuveszeiert.com\/#website"},"datePublished":"2024-07-16T06:14:20+00:00","dateModified":"2024-07-17T13:16:34+00:00","breadcrumb":{"@id":"https:\/\/nemzetfiatalmuveszeiert.com\/?page_id=563#breadcrumb"},"inLanguage":"hu","potentialAction":[{"@type":"ReadAction","target":["https:\/\/nemzetfiatalmuveszeiert.com\/?page_id=563"]}]},{"@type":"BreadcrumbList","@id":"https:\/\/nemzetfiatalmuveszeiert.com\/?page_id=563#breadcrumb","itemListElement":[{"@type":"ListItem","position":1,"name":"Kezd\u0151lap","item":"https:\/\/nemzetfiatalmuveszeiert.com\/"},{"@type":"ListItem","position":2,"name":"Adom\u00e1ny"}]},{"@type":"WebSite","@id":"https:\/\/nemzetfiatalmuveszeiert.com\/#website","url":"https:\/\/nemzetfiatalmuveszeiert.com\/","name":"","description":"","potentialAction":[{"@type":"SearchAction","target":{"@type":"EntryPoint","urlTemplate":"https:\/\/nemzetfiatalmuveszeiert.com\/?s={search_term_string}"},"query-input":{"@type":"PropertyValueSpecification","valueRequired":true,"valueName":"search_term_string"}}],"inLanguage":"hu"}]}},"_links":{"self":[{"href":"https:\/\/nemzetfiatalmuveszeiert.com\/index.php?rest_route=\/wp\/v2\/pages\/563","targetHints":{"allow":["GET"]}}],"collection":[{"href":"https:\/\/nemzetfiatalmuveszeiert.com\/index.php?rest_route=\/wp\/v2\/pages"}],"about":[{"href":"https:\/\/nemzetfiatalmuveszeiert.com\/index.php?rest_route=\/wp\/v2\/types\/page"}],"author":[{"embeddable":true,"href":"https:\/\/nemzetfiatalmuveszeiert.com\/index.php?rest_route=\/wp\/v2\/users\/1"}],"replies":[{"embeddable":true,"href":"https:\/\/nemzetfiatalmuveszeiert.com\/index.php?rest_route=%2Fwp%2Fv2%2Fcomments&post=563"}],"version-history":[{"count":55,"href":"https:\/\/nemzetfiatalmuveszeiert.com\/index.php?rest_route=\/wp\/v2\/pages\/563\/revisions"}],"predecessor-version":[{"id":716,"href":"https:\/\/nemzetfiatalmuveszeiert.com\/index.php?rest_route=\/wp\/v2\/pages\/563\/revisions\/716"}],"wp:attachment":[{"href":"https:\/\/nemzetfiatalmuveszeiert.com\/index.php?rest_route=%2Fwp%2Fv2%2Fmedia&parent=563"}],"curies":[{"name":"wp","href":"https:\/\/api.w.org\/{rel}","templated":true}]}}