{"id":568,"date":"2024-07-16T06:16:34","date_gmt":"2024-07-16T06:16:34","guid":{"rendered":"https:\/\/nemzetfiatalmuveszeiert.com\/?page_id=568"},"modified":"2024-07-26T12:44:00","modified_gmt":"2024-07-26T12:44:00","slug":"kosar","status":"publish","type":"page","link":"https:\/\/nemzetfiatalmuveszeiert.com\/?page_id=568","title":{"rendered":"Kos\u00e1r"},"content":{"rendered":"<div data-block-name=\"woocommerce\/cart\" class=\"wp-block-woocommerce-cart alignwide is-loading\"><div data-block-name=\"woocommerce\/filled-cart-block\" class=\"wp-block-woocommerce-filled-cart-block\"><div data-block-name=\"woocommerce\/cart-items-block\" class=\"wp-block-woocommerce-cart-items-block\"><div data-block-name=\"woocommerce\/cart-line-items-block\" class=\"wp-block-woocommerce-cart-line-items-block\"><\/div>\n\n<div data-block-name=\"woocommerce\/cart-cross-sells-block\" class=\"wp-block-woocommerce-cart-cross-sells-block\"><h2 class=\"wp-block-heading has-large-font-size\">Tal\u00e1n \u00e9rdekelhetnek ezek&#8230;<\/h2>\n\n<div data-block-name=\"woocommerce\/cart-cross-sells-products-block\" class=\"wp-block-woocommerce-cart-cross-sells-products-block\"><\/div><\/div><\/div>\n\n<div data-block-name=\"woocommerce\/cart-totals-block\" class=\"wp-block-woocommerce-cart-totals-block\"><div data-block-name=\"woocommerce\/cart-order-summary-block\" class=\"wp-block-woocommerce-cart-order-summary-block\"><div data-block-name=\"woocommerce\/cart-order-summary-heading-block\" data-content=\"Kos\u00e1r \u00f6sszesen\" class=\"wp-block-woocommerce-cart-order-summary-heading-block\"><\/div>\n\n<div data-block-name=\"woocommerce\/cart-order-summary-totals-block\" class=\"wp-block-woocommerce-cart-order-summary-totals-block\"><div data-block-name=\"woocommerce\/cart-order-summary-subtotal-block\" class=\"wp-block-woocommerce-cart-order-summary-subtotal-block\"><\/div>\n\n<div data-block-name=\"woocommerce\/cart-order-summary-fee-block\" class=\"wp-block-woocommerce-cart-order-summary-fee-block\"><\/div>\n\n<div data-block-name=\"woocommerce\/cart-order-summary-discount-block\" class=\"wp-block-woocommerce-cart-order-summary-discount-block\"><\/div>\n\n<div data-block-name=\"woocommerce\/cart-order-summary-shipping-block\" class=\"wp-block-woocommerce-cart-order-summary-shipping-block\"><\/div>\n\n<div data-block-name=\"woocommerce\/cart-order-summary-taxes-block\" class=\"wp-block-woocommerce-cart-order-summary-taxes-block\"><\/div><\/div>\n\n<div data-block-name=\"woocommerce\/cart-order-summary-coupon-form-block\" class=\"wp-block-woocommerce-cart-order-summary-coupon-form-block\"><\/div><\/div>\n\n<div data-block-name=\"woocommerce\/cart-express-payment-block\" class=\"wp-block-woocommerce-cart-express-payment-block\"><\/div>\n\n<div data-block-name=\"woocommerce\/proceed-to-checkout-block\" class=\"wp-block-woocommerce-proceed-to-checkout-block\"><\/div>\n\n<div data-block-name=\"woocommerce\/cart-accepted-payment-methods-block\" class=\"wp-block-woocommerce-cart-accepted-payment-methods-block\"><\/div><\/div><\/div>\n\n<div data-block-name=\"woocommerce\/empty-cart-block\" class=\"wp-block-woocommerce-empty-cart-block\"><h2 class=\"wp-block-heading has-text-align-center with-empty-cart-icon wc-block-cart__empty-cart__title\">Jelenleg \u00fcres a kosarad.<\/h2>\n\n<hr class=\"wp-block-separator has-alpha-channel-opacity is-style-dots\"\/>\n\n<h2 class=\"wp-block-heading has-text-align-center\">\u00dajdons\u00e1gok<\/h2>\n\n<div data-block-name=\"woocommerce\/product-new\" data-columns=\"4\" data-rows=\"1\" class=\"wc-block-grid wp-block-product-new wp-block-woocommerce-product-new wc-block-product-new has-4-columns\"><ul class=\"wc-block-grid__products\"><li class=\"wc-block-grid__product\">\n\t\t\t\t<a href=\"https:\/\/nemzetfiatalmuveszeiert.com\/?product=elmeny-dijak-utazas-tamogatasa\" class=\"wc-block-grid__product-link\">\n\t\t\t\t\t\n\t\t\t\t\t<div class=\"wc-block-grid__product-image\"><img fetchpriority=\"high\" decoding=\"async\" width=\"300\" height=\"300\" src=\"https:\/\/nemzetfiatalmuveszeiert.com\/wp-content\/uploads\/2024\/07\/unsplash_eOcyhe5-9sQ-300x300.png\" class=\"attachment-woocommerce_thumbnail size-woocommerce_thumbnail\" alt=\"\u00c9lm\u00e9ny \/ d\u00edjak \/ utaz\u00e1s t\u00e1mogat\u00e1sa - K\u00f3dsz\u00e1ma: NFMA-\u00c9-D-U-2024\" srcset=\"https:\/\/nemzetfiatalmuveszeiert.com\/wp-content\/uploads\/2024\/07\/unsplash_eOcyhe5-9sQ-300x300.png 300w, https:\/\/nemzetfiatalmuveszeiert.com\/wp-content\/uploads\/2024\/07\/unsplash_eOcyhe5-9sQ-100x100.png 100w, https:\/\/nemzetfiatalmuveszeiert.com\/wp-content\/uploads\/2024\/07\/unsplash_eOcyhe5-9sQ-150x150.png 150w\" sizes=\"(max-width: 300px) 100vw, 300px\" \/><\/div>\n\t\t\t\t\t<div class=\"wc-block-grid__product-title\">\u00c9lm\u00e9ny \/ d\u00edjak \/ utaz\u00e1s t\u00e1mogat\u00e1sa &#8211; K\u00f3dsz\u00e1ma: NFMA-\u00c9-D-U-2024<\/div>\n\t\t\t\t<\/a>\n\t\t\t\t<div class=\"wc-block-grid__product-price price\"><span class=\"woocommerce-Price-amount amount\">20.000&nbsp;<span class=\"woocommerce-Price-currencySymbol\">&#070;&#116;<\/span><\/span><\/div>\n\t\t\t\t\n\t\t\t\t<div class=\"wp-block-button wc-block-grid__product-add-to-cart\"><a href=\"?add-to-cart=621\" aria-label=\"Kos\u00e1rba: &ldquo;\u00c9lm\u00e9ny \/ d\u00edjak \/ utaz\u00e1s t\u00e1mogat\u00e1sa - K\u00f3dsz\u00e1ma: NFMA-\u00c9-D-U-2024&rdquo;\" data-quantity=\"1\" data-product_id=\"621\" data-product_sku=\"\" data-price=\"20000\" rel=\"nofollow\" class=\"wp-block-button__link  add_to_cart_button ajax_add_to_cart\">Kos\u00e1rba teszem<\/a><\/div>\n\t\t\t<\/li><li class=\"wc-block-grid__product\">\n\t\t\t\t<a href=\"https:\/\/nemzetfiatalmuveszeiert.com\/?product=oktatas-tamogatasa\" class=\"wc-block-grid__product-link\">\n\t\t\t\t\t\n\t\t\t\t\t<div class=\"wc-block-grid__product-image\"><img decoding=\"async\" width=\"300\" height=\"300\" src=\"https:\/\/nemzetfiatalmuveszeiert.com\/wp-content\/uploads\/2024\/07\/Oktatas-300x300.png\" class=\"attachment-woocommerce_thumbnail size-woocommerce_thumbnail\" alt=\"Oktat\u00e1s t\u00e1mogat\u00e1sa - K\u00f3dsz\u00e1ma: NFMA-O-2024\" srcset=\"https:\/\/nemzetfiatalmuveszeiert.com\/wp-content\/uploads\/2024\/07\/Oktatas-300x300.png 300w, https:\/\/nemzetfiatalmuveszeiert.com\/wp-content\/uploads\/2024\/07\/Oktatas-100x100.png 100w, https:\/\/nemzetfiatalmuveszeiert.com\/wp-content\/uploads\/2024\/07\/Oktatas-150x150.png 150w\" sizes=\"(max-width: 300px) 100vw, 300px\" \/><\/div>\n\t\t\t\t\t<div class=\"wc-block-grid__product-title\">Oktat\u00e1s t\u00e1mogat\u00e1sa &#8211; K\u00f3dsz\u00e1ma: NFMA-O-2024<\/div>\n\t\t\t\t<\/a>\n\t\t\t\t<div class=\"wc-block-grid__product-price price\"><span class=\"woocommerce-Price-amount amount\">10.000&nbsp;<span class=\"woocommerce-Price-currencySymbol\">&#070;&#116;<\/span><\/span><\/div>\n\t\t\t\t\n\t\t\t\t<div class=\"wp-block-button wc-block-grid__product-add-to-cart\"><a href=\"?add-to-cart=620\" aria-label=\"Kos\u00e1rba: &ldquo;Oktat\u00e1s t\u00e1mogat\u00e1sa - K\u00f3dsz\u00e1ma: NFMA-O-2024&rdquo;\" data-quantity=\"1\" data-product_id=\"620\" data-product_sku=\"\" data-price=\"10000\" rel=\"nofollow\" class=\"wp-block-button__link  add_to_cart_button ajax_add_to_cart\">Kos\u00e1rba teszem<\/a><\/div>\n\t\t\t<\/li><li class=\"wc-block-grid__product\">\n\t\t\t\t<a href=\"https:\/\/nemzetfiatalmuveszeiert.com\/?product=eszkoztamogatas\" class=\"wc-block-grid__product-link\">\n\t\t\t\t\t\n\t\t\t\t\t<div class=\"wc-block-grid__product-image\"><img decoding=\"async\" width=\"300\" height=\"300\" src=\"https:\/\/nemzetfiatalmuveszeiert.com\/wp-content\/uploads\/2024\/07\/unsplash_okUVwmx7n2I-300x300.png\" class=\"attachment-woocommerce_thumbnail size-woocommerce_thumbnail\" alt=\"Eszk\u00f6zt\u00e1mogat\u00e1s - K\u00f3dsz\u00e1ma: NFMA -E-2024\" srcset=\"https:\/\/nemzetfiatalmuveszeiert.com\/wp-content\/uploads\/2024\/07\/unsplash_okUVwmx7n2I-300x300.png 300w, https:\/\/nemzetfiatalmuveszeiert.com\/wp-content\/uploads\/2024\/07\/unsplash_okUVwmx7n2I-100x100.png 100w, https:\/\/nemzetfiatalmuveszeiert.com\/wp-content\/uploads\/2024\/07\/unsplash_okUVwmx7n2I-150x150.png 150w\" sizes=\"(max-width: 300px) 100vw, 300px\" \/><\/div>\n\t\t\t\t\t<div class=\"wc-block-grid__product-title\">Eszk\u00f6zt\u00e1mogat\u00e1s &#8211; K\u00f3dsz\u00e1ma: NFMA -E-2024<\/div>\n\t\t\t\t<\/a>\n\t\t\t\t<div class=\"wc-block-grid__product-price price\"><span class=\"woocommerce-Price-amount amount\">50.000&nbsp;<span class=\"woocommerce-Price-currencySymbol\">&#070;&#116;<\/span><\/span><\/div>\n\t\t\t\t\n\t\t\t\t<div class=\"wp-block-button wc-block-grid__product-add-to-cart\"><a href=\"?add-to-cart=619\" aria-label=\"Kos\u00e1rba: &ldquo;Eszk\u00f6zt\u00e1mogat\u00e1s - K\u00f3dsz\u00e1ma: NFMA -E-2024&rdquo;\" data-quantity=\"1\" data-product_id=\"619\" data-product_sku=\"\" data-price=\"50000\" rel=\"nofollow\" class=\"wp-block-button__link  add_to_cart_button ajax_add_to_cart\">Kos\u00e1rba teszem<\/a><\/div>\n\t\t\t<\/li><li class=\"wc-block-grid__product\">\n\t\t\t\t<a href=\"https:\/\/nemzetfiatalmuveszeiert.com\/?product=tamogatoi-csomag\" class=\"wc-block-grid__product-link\">\n\t\t\t\t\t\n\t\t\t\t\t<div class=\"wc-block-grid__product-image\"><img loading=\"lazy\" decoding=\"async\" width=\"300\" height=\"300\" src=\"https:\/\/nemzetfiatalmuveszeiert.com\/wp-content\/uploads\/2024\/07\/Tamogatas-e1721222808500-300x300.png\" class=\"attachment-woocommerce_thumbnail size-woocommerce_thumbnail\" alt=\"T\u00e1mogat\u00f3i csomag - K\u00f3dsz\u00e1ma: NFMA -T1-2024\" srcset=\"https:\/\/nemzetfiatalmuveszeiert.com\/wp-content\/uploads\/2024\/07\/Tamogatas-e1721222808500-300x300.png 300w, https:\/\/nemzetfiatalmuveszeiert.com\/wp-content\/uploads\/2024\/07\/Tamogatas-e1721222808500-100x100.png 100w, https:\/\/nemzetfiatalmuveszeiert.com\/wp-content\/uploads\/2024\/07\/Tamogatas-e1721222808500-150x150.png 150w\" sizes=\"(max-width: 300px) 100vw, 300px\" \/><\/div>\n\t\t\t\t\t<div class=\"wc-block-grid__product-title\">T\u00e1mogat\u00f3i csomag &#8211; K\u00f3dsz\u00e1ma: NFMA -T1-2024<\/div>\n\t\t\t\t<\/a>\n\t\t\t\t<div class=\"wc-block-grid__product-price price\"><span class=\"woocommerce-Price-amount amount\">100.000&nbsp;<span class=\"woocommerce-Price-currencySymbol\">&#070;&#116;<\/span><\/span><\/div>\n\t\t\t\t\n\t\t\t\t<div class=\"wp-block-button wc-block-grid__product-add-to-cart\"><a href=\"?add-to-cart=618\" aria-label=\"Kos\u00e1rba: &ldquo;T\u00e1mogat\u00f3i csomag - K\u00f3dsz\u00e1ma: NFMA -T1-2024&rdquo;\" data-quantity=\"1\" data-product_id=\"618\" data-product_sku=\"\" data-price=\"100000\" rel=\"nofollow\" class=\"wp-block-button__link  add_to_cart_button ajax_add_to_cart\">Kos\u00e1rba teszem<\/a><\/div>\n\t\t\t<\/li><\/ul><\/div><\/div><\/div>","protected":false},"excerpt":{"rendered":"","protected":false},"author":1,"featured_media":0,"parent":0,"menu_order":0,"comment_status":"closed","ping_status":"closed","template":"","meta":{"footnotes":""},"class_list":["post-568","page","type-page","status-publish","hentry"],"yoast_head":"<!-- This site is optimized with the Yoast SEO plugin v24.2 - https:\/\/yoast.com\/wordpress\/plugins\/seo\/ -->\n<title>Kos\u00e1r -<\/title>\n<meta name=\"robots\" content=\"index, follow, max-snippet:-1, max-image-preview:large, max-video-preview:-1\" \/>\n<link rel=\"canonical\" href=\"https:\/\/nemzetfiatalmuveszeiert.com\/?page_id=568\" \/>\n<meta property=\"og:locale\" content=\"hu_HU\" \/>\n<meta property=\"og:type\" content=\"article\" \/>\n<meta property=\"og:title\" content=\"Kos\u00e1r -\" \/>\n<meta property=\"og:url\" content=\"https:\/\/nemzetfiatalmuveszeiert.com\/?page_id=568\" \/>\n<meta property=\"article:modified_time\" content=\"2024-07-26T12:44:00+00:00\" \/>\n<meta name=\"twitter:card\" content=\"summary_large_image\" \/>\n<script type=\"application\/ld+json\" class=\"yoast-schema-graph\">{\"@context\":\"https:\/\/schema.org\",\"@graph\":[{\"@type\":\"WebPage\",\"@id\":\"https:\/\/nemzetfiatalmuveszeiert.com\/?page_id=568\",\"url\":\"https:\/\/nemzetfiatalmuveszeiert.com\/?page_id=568\",\"name\":\"Kos\u00e1r -\",\"isPartOf\":{\"@id\":\"https:\/\/nemzetfiatalmuveszeiert.com\/#website\"},\"datePublished\":\"2024-07-16T06:16:34+00:00\",\"dateModified\":\"2024-07-26T12:44:00+00:00\",\"breadcrumb\":{\"@id\":\"https:\/\/nemzetfiatalmuveszeiert.com\/?page_id=568#breadcrumb\"},\"inLanguage\":\"hu\",\"potentialAction\":[{\"@type\":\"ReadAction\",\"target\":[\"https:\/\/nemzetfiatalmuveszeiert.com\/?page_id=568\"]}]},{\"@type\":\"BreadcrumbList\",\"@id\":\"https:\/\/nemzetfiatalmuveszeiert.com\/?page_id=568#breadcrumb\",\"itemListElement\":[{\"@type\":\"ListItem\",\"position\":1,\"name\":\"Kezd\u0151lap\",\"item\":\"https:\/\/nemzetfiatalmuveszeiert.com\/\"},{\"@type\":\"ListItem\",\"position\":2,\"name\":\"Kos\u00e1r\"}]},{\"@type\":\"WebSite\",\"@id\":\"https:\/\/nemzetfiatalmuveszeiert.com\/#website\",\"url\":\"https:\/\/nemzetfiatalmuveszeiert.com\/\",\"name\":\"\",\"description\":\"\",\"potentialAction\":[{\"@type\":\"SearchAction\",\"target\":{\"@type\":\"EntryPoint\",\"urlTemplate\":\"https:\/\/nemzetfiatalmuveszeiert.com\/?s={search_term_string}\"},\"query-input\":{\"@type\":\"PropertyValueSpecification\",\"valueRequired\":true,\"valueName\":\"search_term_string\"}}],\"inLanguage\":\"hu\"}]}<\/script>\n<!-- \/ Yoast SEO plugin. -->","yoast_head_json":{"title":"Kos\u00e1r -","robots":{"index":"index","follow":"follow","max-snippet":"max-snippet:-1","max-image-preview":"max-image-preview:large","max-video-preview":"max-video-preview:-1"},"canonical":"https:\/\/nemzetfiatalmuveszeiert.com\/?page_id=568","og_locale":"hu_HU","og_type":"article","og_title":"Kos\u00e1r -","og_url":"https:\/\/nemzetfiatalmuveszeiert.com\/?page_id=568","article_modified_time":"2024-07-26T12:44:00+00:00","twitter_card":"summary_large_image","schema":{"@context":"https:\/\/schema.org","@graph":[{"@type":"WebPage","@id":"https:\/\/nemzetfiatalmuveszeiert.com\/?page_id=568","url":"https:\/\/nemzetfiatalmuveszeiert.com\/?page_id=568","name":"Kos\u00e1r -","isPartOf":{"@id":"https:\/\/nemzetfiatalmuveszeiert.com\/#website"},"datePublished":"2024-07-16T06:16:34+00:00","dateModified":"2024-07-26T12:44:00+00:00","breadcrumb":{"@id":"https:\/\/nemzetfiatalmuveszeiert.com\/?page_id=568#breadcrumb"},"inLanguage":"hu","potentialAction":[{"@type":"ReadAction","target":["https:\/\/nemzetfiatalmuveszeiert.com\/?page_id=568"]}]},{"@type":"BreadcrumbList","@id":"https:\/\/nemzetfiatalmuveszeiert.com\/?page_id=568#breadcrumb","itemListElement":[{"@type":"ListItem","position":1,"name":"Kezd\u0151lap","item":"https:\/\/nemzetfiatalmuveszeiert.com\/"},{"@type":"ListItem","position":2,"name":"Kos\u00e1r"}]},{"@type":"WebSite","@id":"https:\/\/nemzetfiatalmuveszeiert.com\/#website","url":"https:\/\/nemzetfiatalmuveszeiert.com\/","name":"","description":"","potentialAction":[{"@type":"SearchAction","target":{"@type":"EntryPoint","urlTemplate":"https:\/\/nemzetfiatalmuveszeiert.com\/?s={search_term_string}"},"query-input":{"@type":"PropertyValueSpecification","valueRequired":true,"valueName":"search_term_string"}}],"inLanguage":"hu"}]}},"_links":{"self":[{"href":"https:\/\/nemzetfiatalmuveszeiert.com\/index.php?rest_route=\/wp\/v2\/pages\/568","targetHints":{"allow":["GET"]}}],"collection":[{"href":"https:\/\/nemzetfiatalmuveszeiert.com\/index.php?rest_route=\/wp\/v2\/pages"}],"about":[{"href":"https:\/\/nemzetfiatalmuveszeiert.com\/index.php?rest_route=\/wp\/v2\/types\/page"}],"author":[{"embeddable":true,"href":"https:\/\/nemzetfiatalmuveszeiert.com\/index.php?rest_route=\/wp\/v2\/users\/1"}],"replies":[{"embeddable":true,"href":"https:\/\/nemzetfiatalmuveszeiert.com\/index.php?rest_route=%2Fwp%2Fv2%2Fcomments&post=568"}],"version-history":[{"count":17,"href":"https:\/\/nemzetfiatalmuveszeiert.com\/index.php?rest_route=\/wp\/v2\/pages\/568\/revisions"}],"predecessor-version":[{"id":938,"href":"https:\/\/nemzetfiatalmuveszeiert.com\/index.php?rest_route=\/wp\/v2\/pages\/568\/revisions\/938"}],"wp:attachment":[{"href":"https:\/\/nemzetfiatalmuveszeiert.com\/index.php?rest_route=%2Fwp%2Fv2%2Fmedia&parent=568"}],"curies":[{"name":"wp","href":"https:\/\/api.w.org\/{rel}","templated":true}]}}