{"id":619,"date":"2024-07-16T06:29:36","date_gmt":"2024-07-16T06:29:36","guid":{"rendered":"https:\/\/nemzetfiatalmuveszeiert.com\/?post_type=product&#038;p=619"},"modified":"2024-09-03T09:40:59","modified_gmt":"2024-09-03T09:40:59","slug":"eszkoztamogatas","status":"publish","type":"product","link":"https:\/\/nemzetfiatalmuveszeiert.com\/?product=eszkoztamogatas","title":{"rendered":"Eszk\u00f6zt\u00e1mogat\u00e1s &#8211; K\u00f3dsz\u00e1ma: NFMA -E-2024"},"content":{"rendered":"<p><b>Eszk\u00f6zt\u00e1mogat\u00e1s<span class=\"Apple-converted-space\">\u00a0<\/span><\/b><\/p>\n<p><b>K\u00f3dsz\u00e1ma: NFMA -E-2024<\/b><\/p>\n<p>A mai modern kommunik\u00e1ci\u00f3 birtok\u00e1ban, a mentor\u00e1l\u00e1s k\u00f6nnyed\u00e9n elv\u00e9gezhet\u0151ek a feladott projektmunk\u00e1k, ahol az NFM Alap\u00edtv\u00e1ny szakembere rendszeresen nyomon k\u00f6veti a gyermekek feladatmegold\u00e1sait \/ munk\u00e1it \u00e9s seg\u00edti \u0151ket a k\u00e9pess\u00e9geikben kibontakozni, illetve rendszeres konzult\u00e1lnak.<\/p>\n<p><span class=\"Apple-converted-space\">\u00a0<\/span>A konzult\u00e1ci\u00f3k t\u00f6rt\u00e9nhetnek online is, amely esetben azon gyermekek sz\u00e1m\u00e1ra, akiknek nem \u00e1ll rendelkez\u00e9s\u00e9re otthon notebook vagy laptop, r\u00e9sz\u00fckre lehet\u0151s\u00e9get biztos\u00edt az Alap\u00edtv\u00e1ny az eszk\u00f6zt\u00e1mogat\u00e1ssal!<\/p>\n<p>Az Alap\u00edtv\u00e1ny gondoz\u00e1s\u00e1ban \u00e1ll\u00f3 tehets\u00e9ges gyerekek \/ fiatalok a k\u00e9pz\u0151m\u0171v\u00e9szet alkot\u00f3-eszk\u00f6zeinek<span class=\"Apple-converted-space\">\u00a0 <\/span>t\u00e1mogat\u00e1sban is r\u00e9szes\u00fclnek!<\/p>\n","protected":false},"excerpt":{"rendered":"<p>Eszk\u00f6zt\u00e1mogat\u00e1s\u00a0 K\u00f3dsz\u00e1ma: NFMA -E-2024 A mai modern kommunik\u00e1ci\u00f3 birtok\u00e1ban, a mentor\u00e1l\u00e1s k\u00f6nnyed\u00e9n elv\u00e9gezhet\u0151ek a feladott projektmunk\u00e1k, ahol az NFM Alap\u00edtv\u00e1ny szakembere rendszeresen nyomon k\u00f6veti a gyermekek feladatmegold\u00e1sait \/ munk\u00e1it \u00e9s seg\u00edti \u0151ket a k\u00e9pess\u00e9geikben kibontakozni, illetve rendszeres konzult\u00e1lnak. \u00a0A konzult\u00e1ci\u00f3k t\u00f6rt\u00e9nhetnek online is, amely esetben azon gyermekek sz\u00e1m\u00e1ra, akiknek nem \u00e1ll rendelkez\u00e9s\u00e9re otthon notebook vagy [&hellip;]<\/p>\n","protected":false},"featured_media":710,"template":"","meta":[],"product_cat":[21],"product_tag":[],"class_list":{"0":"post-619","1":"product","2":"type-product","3":"status-publish","4":"has-post-thumbnail","6":"product_cat-adomanyozas","8":"first","9":"instock","10":"downloadable","11":"virtual","12":"purchasable","13":"product-type-simple"},"yoast_head":"<!-- This site is optimized with the Yoast SEO plugin v24.2 - https:\/\/yoast.com\/wordpress\/plugins\/seo\/ -->\n<title>Eszk\u00f6zt\u00e1mogat\u00e1s - K\u00f3dsz\u00e1ma: NFMA -E-2024 -<\/title>\n<meta name=\"robots\" content=\"index, follow, max-snippet:-1, max-image-preview:large, max-video-preview:-1\" \/>\n<link rel=\"canonical\" href=\"https:\/\/nemzetfiatalmuveszeiert.com\/?product=eszkoztamogatas\" \/>\n<meta property=\"og:locale\" content=\"hu_HU\" \/>\n<meta property=\"og:type\" content=\"article\" \/>\n<meta property=\"og:title\" content=\"Eszk\u00f6zt\u00e1mogat\u00e1s - K\u00f3dsz\u00e1ma: NFMA -E-2024 -\" \/>\n<meta property=\"og:description\" content=\"Eszk\u00f6zt\u00e1mogat\u00e1s\u00a0 K\u00f3dsz\u00e1ma: NFMA -E-2024 A mai modern kommunik\u00e1ci\u00f3 birtok\u00e1ban, a mentor\u00e1l\u00e1s k\u00f6nnyed\u00e9n elv\u00e9gezhet\u0151ek a feladott projektmunk\u00e1k, ahol az NFM Alap\u00edtv\u00e1ny szakembere rendszeresen nyomon k\u00f6veti a gyermekek feladatmegold\u00e1sait \/ munk\u00e1it \u00e9s seg\u00edti \u0151ket a k\u00e9pess\u00e9geikben kibontakozni, illetve rendszeres konzult\u00e1lnak. \u00a0A konzult\u00e1ci\u00f3k t\u00f6rt\u00e9nhetnek online is, amely esetben azon gyermekek sz\u00e1m\u00e1ra, akiknek nem \u00e1ll rendelkez\u00e9s\u00e9re otthon notebook vagy [&hellip;]\" \/>\n<meta property=\"og:url\" content=\"https:\/\/nemzetfiatalmuveszeiert.com\/?product=eszkoztamogatas\" \/>\n<meta property=\"article:modified_time\" content=\"2024-09-03T09:40:59+00:00\" \/>\n<meta property=\"og:image\" content=\"http:\/\/nemzetfiatalmuveszeiert.com\/wp-content\/uploads\/2024\/07\/unsplash_okUVwmx7n2I-1024x683.png\" \/>\n\t<meta property=\"og:image:width\" content=\"1024\" \/>\n\t<meta property=\"og:image:height\" content=\"683\" \/>\n\t<meta property=\"og:image:type\" content=\"image\/png\" \/>\n<meta name=\"twitter:card\" content=\"summary_large_image\" \/>\n<meta name=\"twitter:label1\" content=\"Becs\u00fclt olvas\u00e1si id\u0151\" \/>\n\t<meta name=\"twitter:data1\" content=\"1 perc\" \/>\n<script type=\"application\/ld+json\" class=\"yoast-schema-graph\">{\"@context\":\"https:\/\/schema.org\",\"@graph\":[{\"@type\":\"WebPage\",\"@id\":\"https:\/\/nemzetfiatalmuveszeiert.com\/?product=eszkoztamogatas\",\"url\":\"https:\/\/nemzetfiatalmuveszeiert.com\/?product=eszkoztamogatas\",\"name\":\"Eszk\u00f6zt\u00e1mogat\u00e1s - K\u00f3dsz\u00e1ma: NFMA -E-2024 -\",\"isPartOf\":{\"@id\":\"https:\/\/nemzetfiatalmuveszeiert.com\/#website\"},\"primaryImageOfPage\":{\"@id\":\"https:\/\/nemzetfiatalmuveszeiert.com\/?product=eszkoztamogatas#primaryimage\"},\"image\":{\"@id\":\"https:\/\/nemzetfiatalmuveszeiert.com\/?product=eszkoztamogatas#primaryimage\"},\"thumbnailUrl\":\"https:\/\/nemzetfiatalmuveszeiert.com\/wp-content\/uploads\/2024\/07\/unsplash_okUVwmx7n2I.png\",\"datePublished\":\"2024-07-16T06:29:36+00:00\",\"dateModified\":\"2024-09-03T09:40:59+00:00\",\"breadcrumb\":{\"@id\":\"https:\/\/nemzetfiatalmuveszeiert.com\/?product=eszkoztamogatas#breadcrumb\"},\"inLanguage\":\"hu\",\"potentialAction\":[{\"@type\":\"ReadAction\",\"target\":[\"https:\/\/nemzetfiatalmuveszeiert.com\/?product=eszkoztamogatas\"]}]},{\"@type\":\"ImageObject\",\"inLanguage\":\"hu\",\"@id\":\"https:\/\/nemzetfiatalmuveszeiert.com\/?product=eszkoztamogatas#primaryimage\",\"url\":\"https:\/\/nemzetfiatalmuveszeiert.com\/wp-content\/uploads\/2024\/07\/unsplash_okUVwmx7n2I.png\",\"contentUrl\":\"https:\/\/nemzetfiatalmuveszeiert.com\/wp-content\/uploads\/2024\/07\/unsplash_okUVwmx7n2I.png\",\"width\":1920,\"height\":1280},{\"@type\":\"BreadcrumbList\",\"@id\":\"https:\/\/nemzetfiatalmuveszeiert.com\/?product=eszkoztamogatas#breadcrumb\",\"itemListElement\":[{\"@type\":\"ListItem\",\"position\":1,\"name\":\"Kezd\u0151lap\",\"item\":\"https:\/\/nemzetfiatalmuveszeiert.com\/\"},{\"@type\":\"ListItem\",\"position\":2,\"name\":\"Shop\",\"item\":\"https:\/\/nemzetfiatalmuveszeiert.com\/?page_id=567\"},{\"@type\":\"ListItem\",\"position\":3,\"name\":\"Eszk\u00f6zt\u00e1mogat\u00e1s &#8211; K\u00f3dsz\u00e1ma: NFMA -E-2024\"}]},{\"@type\":\"WebSite\",\"@id\":\"https:\/\/nemzetfiatalmuveszeiert.com\/#website\",\"url\":\"https:\/\/nemzetfiatalmuveszeiert.com\/\",\"name\":\"\",\"description\":\"\",\"potentialAction\":[{\"@type\":\"SearchAction\",\"target\":{\"@type\":\"EntryPoint\",\"urlTemplate\":\"https:\/\/nemzetfiatalmuveszeiert.com\/?s={search_term_string}\"},\"query-input\":{\"@type\":\"PropertyValueSpecification\",\"valueRequired\":true,\"valueName\":\"search_term_string\"}}],\"inLanguage\":\"hu\"}]}<\/script>\n<!-- \/ Yoast SEO plugin. -->","yoast_head_json":{"title":"Eszk\u00f6zt\u00e1mogat\u00e1s - K\u00f3dsz\u00e1ma: NFMA -E-2024 -","robots":{"index":"index","follow":"follow","max-snippet":"max-snippet:-1","max-image-preview":"max-image-preview:large","max-video-preview":"max-video-preview:-1"},"canonical":"https:\/\/nemzetfiatalmuveszeiert.com\/?product=eszkoztamogatas","og_locale":"hu_HU","og_type":"article","og_title":"Eszk\u00f6zt\u00e1mogat\u00e1s - K\u00f3dsz\u00e1ma: NFMA -E-2024 -","og_description":"Eszk\u00f6zt\u00e1mogat\u00e1s\u00a0 K\u00f3dsz\u00e1ma: NFMA -E-2024 A mai modern kommunik\u00e1ci\u00f3 birtok\u00e1ban, a mentor\u00e1l\u00e1s k\u00f6nnyed\u00e9n elv\u00e9gezhet\u0151ek a feladott projektmunk\u00e1k, ahol az NFM Alap\u00edtv\u00e1ny szakembere rendszeresen nyomon k\u00f6veti a gyermekek feladatmegold\u00e1sait \/ munk\u00e1it \u00e9s seg\u00edti \u0151ket a k\u00e9pess\u00e9geikben kibontakozni, illetve rendszeres konzult\u00e1lnak. \u00a0A konzult\u00e1ci\u00f3k t\u00f6rt\u00e9nhetnek online is, amely esetben azon gyermekek sz\u00e1m\u00e1ra, akiknek nem \u00e1ll rendelkez\u00e9s\u00e9re otthon notebook vagy [&hellip;]","og_url":"https:\/\/nemzetfiatalmuveszeiert.com\/?product=eszkoztamogatas","article_modified_time":"2024-09-03T09:40:59+00:00","og_image":[{"width":1024,"height":683,"url":"http:\/\/nemzetfiatalmuveszeiert.com\/wp-content\/uploads\/2024\/07\/unsplash_okUVwmx7n2I-1024x683.png","type":"image\/png"}],"twitter_card":"summary_large_image","twitter_misc":{"Becs\u00fclt olvas\u00e1si id\u0151":"1 perc"},"schema":{"@context":"https:\/\/schema.org","@graph":[{"@type":"WebPage","@id":"https:\/\/nemzetfiatalmuveszeiert.com\/?product=eszkoztamogatas","url":"https:\/\/nemzetfiatalmuveszeiert.com\/?product=eszkoztamogatas","name":"Eszk\u00f6zt\u00e1mogat\u00e1s - K\u00f3dsz\u00e1ma: NFMA -E-2024 -","isPartOf":{"@id":"https:\/\/nemzetfiatalmuveszeiert.com\/#website"},"primaryImageOfPage":{"@id":"https:\/\/nemzetfiatalmuveszeiert.com\/?product=eszkoztamogatas#primaryimage"},"image":{"@id":"https:\/\/nemzetfiatalmuveszeiert.com\/?product=eszkoztamogatas#primaryimage"},"thumbnailUrl":"https:\/\/nemzetfiatalmuveszeiert.com\/wp-content\/uploads\/2024\/07\/unsplash_okUVwmx7n2I.png","datePublished":"2024-07-16T06:29:36+00:00","dateModified":"2024-09-03T09:40:59+00:00","breadcrumb":{"@id":"https:\/\/nemzetfiatalmuveszeiert.com\/?product=eszkoztamogatas#breadcrumb"},"inLanguage":"hu","potentialAction":[{"@type":"ReadAction","target":["https:\/\/nemzetfiatalmuveszeiert.com\/?product=eszkoztamogatas"]}]},{"@type":"ImageObject","inLanguage":"hu","@id":"https:\/\/nemzetfiatalmuveszeiert.com\/?product=eszkoztamogatas#primaryimage","url":"https:\/\/nemzetfiatalmuveszeiert.com\/wp-content\/uploads\/2024\/07\/unsplash_okUVwmx7n2I.png","contentUrl":"https:\/\/nemzetfiatalmuveszeiert.com\/wp-content\/uploads\/2024\/07\/unsplash_okUVwmx7n2I.png","width":1920,"height":1280},{"@type":"BreadcrumbList","@id":"https:\/\/nemzetfiatalmuveszeiert.com\/?product=eszkoztamogatas#breadcrumb","itemListElement":[{"@type":"ListItem","position":1,"name":"Kezd\u0151lap","item":"https:\/\/nemzetfiatalmuveszeiert.com\/"},{"@type":"ListItem","position":2,"name":"Shop","item":"https:\/\/nemzetfiatalmuveszeiert.com\/?page_id=567"},{"@type":"ListItem","position":3,"name":"Eszk\u00f6zt\u00e1mogat\u00e1s &#8211; K\u00f3dsz\u00e1ma: NFMA -E-2024"}]},{"@type":"WebSite","@id":"https:\/\/nemzetfiatalmuveszeiert.com\/#website","url":"https:\/\/nemzetfiatalmuveszeiert.com\/","name":"","description":"","potentialAction":[{"@type":"SearchAction","target":{"@type":"EntryPoint","urlTemplate":"https:\/\/nemzetfiatalmuveszeiert.com\/?s={search_term_string}"},"query-input":{"@type":"PropertyValueSpecification","valueRequired":true,"valueName":"search_term_string"}}],"inLanguage":"hu"}]}},"_links":{"self":[{"href":"https:\/\/nemzetfiatalmuveszeiert.com\/index.php?rest_route=\/wp\/v2\/product\/619","targetHints":{"allow":["GET"]}}],"collection":[{"href":"https:\/\/nemzetfiatalmuveszeiert.com\/index.php?rest_route=\/wp\/v2\/product"}],"about":[{"href":"https:\/\/nemzetfiatalmuveszeiert.com\/index.php?rest_route=\/wp\/v2\/types\/product"}],"wp:featuredmedia":[{"embeddable":true,"href":"https:\/\/nemzetfiatalmuveszeiert.com\/index.php?rest_route=\/wp\/v2\/media\/710"}],"wp:attachment":[{"href":"https:\/\/nemzetfiatalmuveszeiert.com\/index.php?rest_route=%2Fwp%2Fv2%2Fmedia&parent=619"}],"wp:term":[{"taxonomy":"product_cat","embeddable":true,"href":"https:\/\/nemzetfiatalmuveszeiert.com\/index.php?rest_route=%2Fwp%2Fv2%2Fproduct_cat&post=619"},{"taxonomy":"product_tag","embeddable":true,"href":"https:\/\/nemzetfiatalmuveszeiert.com\/index.php?rest_route=%2Fwp%2Fv2%2Fproduct_tag&post=619"}],"curies":[{"name":"wp","href":"https:\/\/api.w.org\/{rel}","templated":true}]}}